{"id":15468,"date":"2025-06-20T18:57:07","date_gmt":"2025-06-20T22:57:07","guid":{"rendered":"https:\/\/www.multicasa.com.br\/inicio\/?post_type=product&#038;p=15468"},"modified":"2025-10-31T10:48:19","modified_gmt":"2025-10-31T14:48:19","slug":"resistencia-127v-5500w-duo-shower-3060-a-lorenzetti-7589101","status":"publish","type":"product","link":"https:\/\/www.multicasa.com.br\/inicio\/produto\/resistencia-127v-5500w-duo-shower-3060-a-lorenzetti-7589101\/","title":{"rendered":"Resist\u00eancia 127V 5500W Duo Shower 3060-A Lorenzetti 7589101"},"content":{"rendered":"<p>Resist\u00eancia 127V 5500W Duo Shower 3060-A Lorenzetti 7589101 item para manuten\u00e7\u00e3o do seu chuveiro. Cada produto \u00e9 desenvolvido com fia\u00e7\u00e3o interna para suportar uma determinada voltagem e pot\u00eancia n\u00e3o coloque uma resist\u00eancia diferentes do padr\u00e3o desenvolvido para seu produto.<\/p>\n","protected":false},"excerpt":{"rendered":"<h4 style=\"margin: 0px;padding: 0px 0px 16px;font-family: Lato, sans-serif;font-weight: bold;line-height: 3rem;color: var(--dark-grey3);font-size: 22px;font-style: normal;letter-spacing: normal;text-align: start;text-indent: 0px;text-transform: none\">Informa\u00e7\u00f5es t\u00e9cnicas<\/h4>\n<p><span style=\"margin: 0px;padding: 0px;font-weight: 450;font-size: 14px;line-height: 21px;color: var(--dark-grey2);font-family: Lato, sans-serif;font-style: normal;letter-spacing: normal;text-align: start;text-indent: 0px;text-transform: none\">Produto: Resist\u00eancia 5500W Duo Shower 3060-A, 7589101<br \/>\nMarca: Lorenzetti<br \/>\nCor: Metal<br \/>\nVoltagem: ?110 Volts<br \/>\nItens Inclusos: 1 Resist\u00eancia<br \/>\nDimens\u00f5es do produto: ? ?7 x 4 x 17 cm; 13 g<br \/>\n<\/span><\/p>\n","protected":false},"featured_media":15533,"template":"","meta":{"_joinchat":[]},"product_brand":[],"product_cat":[74],"product_tag":[],"class_list":{"0":"post-15468","1":"product","2":"type-product","3":"status-publish","4":"has-post-thumbnail","6":"product_cat-reparos-hidraulicos","8":"first","9":"instock","10":"shipping-taxable","11":"purchasable","12":"product-type-simple"},"_links":{"self":[{"href":"https:\/\/www.multicasa.com.br\/inicio\/wp-json\/wp\/v2\/product\/15468","targetHints":{"allow":["GET"]}}],"collection":[{"href":"https:\/\/www.multicasa.com.br\/inicio\/wp-json\/wp\/v2\/product"}],"about":[{"href":"https:\/\/www.multicasa.com.br\/inicio\/wp-json\/wp\/v2\/types\/product"}],"wp:featuredmedia":[{"embeddable":true,"href":"https:\/\/www.multicasa.com.br\/inicio\/wp-json\/wp\/v2\/media\/15533"}],"wp:attachment":[{"href":"https:\/\/www.multicasa.com.br\/inicio\/wp-json\/wp\/v2\/media?parent=15468"}],"wp:term":[{"taxonomy":"product_brand","embeddable":true,"href":"https:\/\/www.multicasa.com.br\/inicio\/wp-json\/wp\/v2\/product_brand?post=15468"},{"taxonomy":"product_cat","embeddable":true,"href":"https:\/\/www.multicasa.com.br\/inicio\/wp-json\/wp\/v2\/product_cat?post=15468"},{"taxonomy":"product_tag","embeddable":true,"href":"https:\/\/www.multicasa.com.br\/inicio\/wp-json\/wp\/v2\/product_tag?post=15468"}],"curies":[{"name":"wp","href":"https:\/\/api.w.org\/{rel}","templated":true}]}}