{"id":15617,"date":"2025-06-20T18:59:06","date_gmt":"2025-06-20T22:59:06","guid":{"rendered":"https:\/\/www.multicasa.com.br\/inicio\/?post_type=product&#038;p=15617"},"modified":"2026-03-28T09:50:29","modified_gmt":"2026-03-28T13:50:29","slug":"massa-de-modelar-soft-acrilex-12-cores","status":"publish","type":"product","link":"https:\/\/www.multicasa.com.br\/inicio\/produto\/massa-de-modelar-soft-acrilex-12-cores\/","title":{"rendered":"Massa de Modelar Soft Acrilex 12 Cores"},"content":{"rendered":"<p>A Massa de Modelar Soft Acrilex conta com 12 cores vivas e brilhantes, com textura macia e n\u00e3o t\u00f3xica que s\u00e3o ideais para uso escolar ou entretenimento, sendo utilizadas para desenvolver a coordena\u00e7\u00e3o motora e percep\u00e7\u00e3o de formas. Desperta o interesse das crian\u00e7as para criativas atividades.<\/p>\n","protected":false},"excerpt":{"rendered":"<h4 style=\"margin: 0px;padding: 0px 0px 16px;font-family: Lato, sans-serif;font-weight: bold;line-height: 3rem;color: var(--dark-grey3);font-size: 22px;font-style: normal;letter-spacing: normal;text-align: start;text-indent: 0px;text-transform: none\">Informa\u00e7\u00f5es t\u00e9cnicas<\/h4>\n<p><span style=\"margin: 0px;padding: 0px;font-weight: 450;font-size: 14px;line-height: 21px;color: var(--dark-grey2);font-family: Lato, sans-serif;font-style: normal;letter-spacing: normal;text-align: start;text-indent: 0px;text-transform: none\">Produto: Massa de modelar<br \/>\nMarca: Acrilex<br \/>\nCor: Sortidas<br \/>\nConte\u00fado: 180g<br \/>\nCaracter\u00edsticas: Uso escolar<br \/>\nAt\u00f3xica<br \/>\nSuper macia<br \/>\n12 cores<br \/>\nItens Inclusos: 1 massa de modelar<\/span><\/p>\n","protected":false},"featured_media":15664,"template":"","meta":{"_joinchat":[]},"product_brand":[],"product_cat":[95],"product_tag":[],"class_list":{"0":"post-15617","1":"product","2":"type-product","3":"status-publish","4":"has-post-thumbnail","6":"product_cat-lavanderia","8":"first","9":"instock","10":"shipping-taxable","11":"purchasable","12":"product-type-simple"},"_links":{"self":[{"href":"https:\/\/www.multicasa.com.br\/inicio\/wp-json\/wp\/v2\/product\/15617","targetHints":{"allow":["GET"]}}],"collection":[{"href":"https:\/\/www.multicasa.com.br\/inicio\/wp-json\/wp\/v2\/product"}],"about":[{"href":"https:\/\/www.multicasa.com.br\/inicio\/wp-json\/wp\/v2\/types\/product"}],"wp:featuredmedia":[{"embeddable":true,"href":"https:\/\/www.multicasa.com.br\/inicio\/wp-json\/wp\/v2\/media\/15664"}],"wp:attachment":[{"href":"https:\/\/www.multicasa.com.br\/inicio\/wp-json\/wp\/v2\/media?parent=15617"}],"wp:term":[{"taxonomy":"product_brand","embeddable":true,"href":"https:\/\/www.multicasa.com.br\/inicio\/wp-json\/wp\/v2\/product_brand?post=15617"},{"taxonomy":"product_cat","embeddable":true,"href":"https:\/\/www.multicasa.com.br\/inicio\/wp-json\/wp\/v2\/product_cat?post=15617"},{"taxonomy":"product_tag","embeddable":true,"href":"https:\/\/www.multicasa.com.br\/inicio\/wp-json\/wp\/v2\/product_tag?post=15617"}],"curies":[{"name":"wp","href":"https:\/\/api.w.org\/{rel}","templated":true}]}}