{"id":15650,"date":"2025-06-20T18:59:28","date_gmt":"2025-06-20T22:59:28","guid":{"rendered":"https:\/\/www.multicasa.com.br\/inicio\/?post_type=product&#038;p=15650"},"modified":"2025-10-31T10:53:09","modified_gmt":"2025-10-31T14:53:09","slug":"cabo-extensor-para-mop-novica-bettanin-160m","status":"publish","type":"product","link":"https:\/\/www.multicasa.com.br\/inicio\/produto\/cabo-extensor-para-mop-novica-bettanin-160m\/","title":{"rendered":"Cabo Extensor para MOP Novi\u00e7a Bettanin 1,60m"},"content":{"rendered":"<p>O Cabo Extensor para MOP da Bettanin mede 1,60 m e possui rosca universal que possibilita sua utiliza\u00e7\u00e3o em qualquer produto Bettanin. Sua tecnologia permite que seja adaptado a altura de quem o utiliza, preservando a postura correta e exigindo menos esfor\u00e7o da coluna. Sua extens\u00e3o facilita a limpeza de lugares altos como forros e arm\u00e1rios. Vai mudar a sua forma de fazer faxina.<\/p>\n","protected":false},"excerpt":{"rendered":"<h4 style=\"margin: 0px;padding: 0px 0px 16px;font-family: Lato, sans-serif;font-weight: bold;line-height: 3rem;color: var(--dark-grey3);font-size: 22px;font-style: normal;letter-spacing: normal;text-align: start;text-indent: 0px;text-transform: none\">Informa\u00e7\u00f5es t\u00e9cnicas<\/h4>\n<p><span style=\"margin: 0px;padding: 0px;font-weight: 450;font-size: 14px;line-height: 21px;color: var(--dark-grey2);font-family: Lato, sans-serif;font-style: normal;letter-spacing: normal;text-align: start;text-indent: 0px;text-transform: none\">Produto: Cabo Extensor para MOP<br \/>\nMarca: Bettanin<br \/>\nMaterial: Madeira<br \/>\nPl\u00e1stico<br \/>\nCor: Verde e rosa<br \/>\nItens Inclusos: 1 Cabo extensor para MOP<br \/>\nDimens\u00f5es do produto (A x L x P): 160 x 2,5 x 2,1cm<br \/>\n<\/span><\/p>\n","protected":false},"featured_media":15717,"template":"","meta":{"_joinchat":[]},"product_brand":[],"product_cat":[143],"product_tag":[],"class_list":{"0":"post-15650","1":"product","2":"type-product","3":"status-publish","4":"has-post-thumbnail","6":"product_cat-tintas-e-cia","8":"first","9":"outofstock","10":"shipping-taxable","11":"purchasable","12":"product-type-simple"},"_links":{"self":[{"href":"https:\/\/www.multicasa.com.br\/inicio\/wp-json\/wp\/v2\/product\/15650","targetHints":{"allow":["GET"]}}],"collection":[{"href":"https:\/\/www.multicasa.com.br\/inicio\/wp-json\/wp\/v2\/product"}],"about":[{"href":"https:\/\/www.multicasa.com.br\/inicio\/wp-json\/wp\/v2\/types\/product"}],"wp:featuredmedia":[{"embeddable":true,"href":"https:\/\/www.multicasa.com.br\/inicio\/wp-json\/wp\/v2\/media\/15717"}],"wp:attachment":[{"href":"https:\/\/www.multicasa.com.br\/inicio\/wp-json\/wp\/v2\/media?parent=15650"}],"wp:term":[{"taxonomy":"product_brand","embeddable":true,"href":"https:\/\/www.multicasa.com.br\/inicio\/wp-json\/wp\/v2\/product_brand?post=15650"},{"taxonomy":"product_cat","embeddable":true,"href":"https:\/\/www.multicasa.com.br\/inicio\/wp-json\/wp\/v2\/product_cat?post=15650"},{"taxonomy":"product_tag","embeddable":true,"href":"https:\/\/www.multicasa.com.br\/inicio\/wp-json\/wp\/v2\/product_tag?post=15650"}],"curies":[{"name":"wp","href":"https:\/\/api.w.org\/{rel}","templated":true}]}}