{"id":15765,"date":"2025-06-20T19:01:02","date_gmt":"2025-06-20T23:01:02","guid":{"rendered":"https:\/\/www.multicasa.com.br\/inicio\/?post_type=product&#038;p=15765"},"modified":"2025-12-18T10:01:16","modified_gmt":"2025-12-18T14:01:16","slug":"alavanca-para-caixa-acoplada-15mm-cromado-censi","status":"publish","type":"product","link":"https:\/\/www.multicasa.com.br\/inicio\/produto\/alavanca-para-caixa-acoplada-15mm-cromado-censi\/","title":{"rendered":"Alavanca para Caixa Acoplada 15mm Cromado Censi"},"content":{"rendered":"<p>O Mecanismo Acionador Alavanca Censi \u00e9 indicado para todos os modelos de caixas acopladas com acionamento frontal.<br \/>\nEm acabamento cromado, acompanha corrente pl\u00e1stica.<\/p>\n","protected":false},"excerpt":{"rendered":"<h4 style=\"margin: 0px;padding: 0px 0px 16px;font-family: Lato, sans-serif;font-weight: bold;line-height: 3rem;color: var(--dark-grey3);font-size: 22px;font-style: normal;letter-spacing: normal;text-align: start;text-indent: 0px;text-transform: none\">Informa\u00e7\u00f5es t\u00e9cnicas<\/h4>\n<p><span style=\"margin: 0px;padding: 0px;font-weight: 450;font-size: 14px;line-height: 21px;color: var(--dark-grey2);font-family: Lato, sans-serif;font-style: normal;letter-spacing: normal;text-align: start;text-indent: 0px;text-transform: none\">Produto: Mecanismo Acionador Alavanca<br \/>\nMarca: ? Censi<br \/>\nMaterial: Pl\u00e1stico de engenharia (ABS) com acabamento cromado;<br \/>\nCor: Prata<br \/>\nItens Inclusos: 1 Mecanismo Acionador 15mm<br \/>\nDimens\u00f5es do produto: 5,0cm; 5,0cm; 20,0cm<br \/>\n<\/span><\/p>\n","protected":false},"featured_media":24585,"template":"","meta":{"_joinchat":[]},"product_brand":[],"product_cat":[74],"product_tag":[],"class_list":{"0":"post-15765","1":"product","2":"type-product","3":"status-publish","4":"has-post-thumbnail","6":"product_cat-reparos-hidraulicos","8":"first","9":"outofstock","10":"shipping-taxable","11":"purchasable","12":"product-type-simple"},"_links":{"self":[{"href":"https:\/\/www.multicasa.com.br\/inicio\/wp-json\/wp\/v2\/product\/15765","targetHints":{"allow":["GET"]}}],"collection":[{"href":"https:\/\/www.multicasa.com.br\/inicio\/wp-json\/wp\/v2\/product"}],"about":[{"href":"https:\/\/www.multicasa.com.br\/inicio\/wp-json\/wp\/v2\/types\/product"}],"wp:featuredmedia":[{"embeddable":true,"href":"https:\/\/www.multicasa.com.br\/inicio\/wp-json\/wp\/v2\/media\/24585"}],"wp:attachment":[{"href":"https:\/\/www.multicasa.com.br\/inicio\/wp-json\/wp\/v2\/media?parent=15765"}],"wp:term":[{"taxonomy":"product_brand","embeddable":true,"href":"https:\/\/www.multicasa.com.br\/inicio\/wp-json\/wp\/v2\/product_brand?post=15765"},{"taxonomy":"product_cat","embeddable":true,"href":"https:\/\/www.multicasa.com.br\/inicio\/wp-json\/wp\/v2\/product_cat?post=15765"},{"taxonomy":"product_tag","embeddable":true,"href":"https:\/\/www.multicasa.com.br\/inicio\/wp-json\/wp\/v2\/product_tag?post=15765"}],"curies":[{"name":"wp","href":"https:\/\/api.w.org\/{rel}","templated":true}]}}