{"id":15908,"date":"2025-06-20T19:02:57","date_gmt":"2025-06-20T23:02:57","guid":{"rendered":"https:\/\/www.multicasa.com.br\/inicio\/?post_type=product&#038;p=15908"},"modified":"2025-10-31T10:53:31","modified_gmt":"2025-10-31T14:53:31","slug":"pano-esponja-vegetal-esfrebom-bettanin","status":"publish","type":"product","link":"https:\/\/www.multicasa.com.br\/inicio\/produto\/pano-esponja-vegetal-esfrebom-bettanin\/","title":{"rendered":"Pano Esponja Vegetal Esfrebom Bettanin"},"content":{"rendered":"<p>O Pano Esponja da Esfrebom Bettanin se destaca entre os produtos da categoria por sua m\u00e1xima Absor\u00e7\u00e3o e combate \u00e0 prolifera\u00e7\u00e3o de fungos e bact\u00e9rias. Por onde passa, limpa sem deixar marcas as mais diferentes superf\u00edcies. A textura menor desliza facilitando a limpeza e a textura maior adere nas m\u00e3os para que o pano n\u00e3o escorregue. Mede 17 x 19cm.<\/p>\n","protected":false},"excerpt":{"rendered":"<h4 style=\"margin: 0px;padding: 0px 0px 16px;font-family: Lato, sans-serif;font-weight: bold;line-height: 3rem;color: var(--dark-grey3);font-size: 22px;font-style: normal;letter-spacing: normal;text-align: start;text-indent: 0px;text-transform: none\">Informa\u00e7\u00f5es t\u00e9cnicas<\/h4>\n<p><span style=\"margin: 0px;padding: 0px;font-weight: 450;font-size: 14px;line-height: 21px;color: var(--dark-grey2);font-family: Lato, sans-serif;font-style: normal;letter-spacing: normal;text-align: start;text-indent: 0px;text-transform: none\">Produto: Pano esponja<br \/>\nMarca: Bettanin<br \/>\nMaterial: Fibras naturais<br \/>\nCor: Sortido<br \/>\nCaracter\u00edsticas: A\u00e7\u00e3o Anti bact\u00e9rias<br \/>\nSuper absorvente<br \/>\nSuperf\u00edcies com texturas diferentes:<br \/>\n1. a textura menor desliza facilitando a limpeza;<br \/>\n2. a textura maior adere na m\u00e3o para que o pano n\u00e3o escorregue.<br \/>\nItens Inclusos: 1 pano esponja<br \/>\nDimens\u00f5es do produto (A X L): 17 x 19cm<\/span><\/p>\n","protected":false},"featured_media":15954,"template":"","meta":{"_joinchat":[]},"product_brand":[],"product_cat":[96],"product_tag":[],"class_list":{"0":"post-15908","1":"product","2":"type-product","3":"status-publish","4":"has-post-thumbnail","6":"product_cat-limpeza-e-cia","8":"first","9":"outofstock","10":"shipping-taxable","11":"purchasable","12":"product-type-simple"},"_links":{"self":[{"href":"https:\/\/www.multicasa.com.br\/inicio\/wp-json\/wp\/v2\/product\/15908","targetHints":{"allow":["GET"]}}],"collection":[{"href":"https:\/\/www.multicasa.com.br\/inicio\/wp-json\/wp\/v2\/product"}],"about":[{"href":"https:\/\/www.multicasa.com.br\/inicio\/wp-json\/wp\/v2\/types\/product"}],"wp:featuredmedia":[{"embeddable":true,"href":"https:\/\/www.multicasa.com.br\/inicio\/wp-json\/wp\/v2\/media\/15954"}],"wp:attachment":[{"href":"https:\/\/www.multicasa.com.br\/inicio\/wp-json\/wp\/v2\/media?parent=15908"}],"wp:term":[{"taxonomy":"product_brand","embeddable":true,"href":"https:\/\/www.multicasa.com.br\/inicio\/wp-json\/wp\/v2\/product_brand?post=15908"},{"taxonomy":"product_cat","embeddable":true,"href":"https:\/\/www.multicasa.com.br\/inicio\/wp-json\/wp\/v2\/product_cat?post=15908"},{"taxonomy":"product_tag","embeddable":true,"href":"https:\/\/www.multicasa.com.br\/inicio\/wp-json\/wp\/v2\/product_tag?post=15908"}],"curies":[{"name":"wp","href":"https:\/\/api.w.org\/{rel}","templated":true}]}}