{"id":15911,"date":"2025-06-20T19:02:57","date_gmt":"2025-06-20T23:02:57","guid":{"rendered":"https:\/\/www.multicasa.com.br\/inicio\/?post_type=product&#038;p=15911"},"modified":"2026-03-12T00:23:07","modified_gmt":"2026-03-12T04:23:07","slug":"ducha-loren-shower-eletrico-6800w-220v","status":"publish","type":"product","link":"https:\/\/www.multicasa.com.br\/inicio\/produto\/ducha-loren-shower-eletrico-6800w-220v\/","title":{"rendered":"Ducha Loren Shower Eletrico 6800W 220V"},"content":{"rendered":"<p>O Loren Shower Ultra possui formato quadrado, seguindo as tend\u00eancias de arquitetura. A Resist\u00eancia Loren Ultra integra o conceito tecnol\u00f3gico do produto egarante alta performance e longa dura\u00e7\u00e3o, se comparada \u00e0s resist\u00eancias comuns.<\/p>\n<p>O Loren Shower Eletr\u00f4nico possui controle de temperatura gradual, sem a necessidade de aumentar ou diminuir a vaz\u00e3o da \u00e1gua para obter a temperatura desejada, garantindo comodidade e economia no banho.<\/p>\n","protected":false},"excerpt":{"rendered":"<h4 style=\"margin: 0px;padding: 0px 0px 16px;font-family: Lato, sans-serif;font-weight: bold;line-height: 3rem;color: var(--dark-grey3);font-size: 22px;font-style: normal;letter-spacing: normal;text-align: start;text-indent: 0px;text-transform: none\">Informa\u00e7\u00f5es t\u00e9cnicas<\/h4>\n<p><span style=\"margin: 0px;padding: 0px;font-weight: 450;font-size: 14px;line-height: 21px;color: var(--dark-grey2);font-family: Lato, sans-serif;font-style: normal;letter-spacing: normal;text-align: start;text-indent: 0px;text-transform: none\">Produto: DUCHA SHOWER ELET.6800W220V LOREN<br \/>\nMarca:  LORENZETTI<br \/>\nCor: branco<br \/>\nCaracter\u00edsticas:<\/p>\n<p>&#8211; Resist\u00eancia Loren Ultra de longa dura\u00e7\u00e3o;<br \/>\n&#8211; Compat\u00edvel com aquecimento solar e outros sistemas de aquecimento;<br \/>\n&#8211; Haste de comando: Controle de temperaturas ao alcance das m\u00e3os (uso opcional);<br \/>\n&#8211; Grande espalhador: Maior \u00e1rea de banho;<br \/>\n&#8211; Comando eletr\u00f4nico: Ideal para todos os dias do ano, atrav\u00e9s de seu controle eletr\u00f4nico de temperaturas permite a sele\u00e7\u00e3o gradual e precisa da temperatura, simples como ajustar o volume do r\u00e1dio;<br \/>\n&#8211; Resist\u00eancia Loren Ultra: Exclusiva resist\u00eancia de alta performance e longa dura\u00e7\u00e3o em compara\u00e7\u00e3o \u00e0s resist\u00eancias comuns;<br \/>\n&#8211; Compat\u00edvel com dispositivo de prote\u00e7\u00e3o DR*<br \/>\n*Dispositivo Diferencial Residual;<br \/>\n&#8211; 1 ano de garantia: Produto original Lorenzetti.<br \/>\n&#8211; IP24;<br \/>\n&#8211; Sistema de Aterramento;<br \/>\n&#8211; Instala\u00e7\u00e3o sem cano;<br \/>\n&#8211; Potencia: 127-220W.<\/p>\n<p>Dimens\u00f5es do Produto: : 189mm X 323mm X 492mm.<\/span><\/p>\n","protected":false},"featured_media":27303,"template":"","meta":{"_joinchat":[]},"product_brand":[],"product_cat":[71],"product_tag":[],"class_list":{"0":"post-15911","1":"product","2":"type-product","3":"status-publish","4":"has-post-thumbnail","6":"product_cat-chuveiros","8":"first","9":"outofstock","10":"shipping-taxable","11":"purchasable","12":"product-type-simple"},"_links":{"self":[{"href":"https:\/\/www.multicasa.com.br\/inicio\/wp-json\/wp\/v2\/product\/15911","targetHints":{"allow":["GET"]}}],"collection":[{"href":"https:\/\/www.multicasa.com.br\/inicio\/wp-json\/wp\/v2\/product"}],"about":[{"href":"https:\/\/www.multicasa.com.br\/inicio\/wp-json\/wp\/v2\/types\/product"}],"wp:featuredmedia":[{"embeddable":true,"href":"https:\/\/www.multicasa.com.br\/inicio\/wp-json\/wp\/v2\/media\/27303"}],"wp:attachment":[{"href":"https:\/\/www.multicasa.com.br\/inicio\/wp-json\/wp\/v2\/media?parent=15911"}],"wp:term":[{"taxonomy":"product_brand","embeddable":true,"href":"https:\/\/www.multicasa.com.br\/inicio\/wp-json\/wp\/v2\/product_brand?post=15911"},{"taxonomy":"product_cat","embeddable":true,"href":"https:\/\/www.multicasa.com.br\/inicio\/wp-json\/wp\/v2\/product_cat?post=15911"},{"taxonomy":"product_tag","embeddable":true,"href":"https:\/\/www.multicasa.com.br\/inicio\/wp-json\/wp\/v2\/product_tag?post=15911"}],"curies":[{"name":"wp","href":"https:\/\/api.w.org\/{rel}","templated":true}]}}