{"id":15913,"date":"2025-06-20T19:02:58","date_gmt":"2025-06-20T23:02:58","guid":{"rendered":"https:\/\/www.multicasa.com.br\/inicio\/?post_type=product&#038;p=15913"},"modified":"2025-10-31T10:38:56","modified_gmt":"2025-10-31T14:38:56","slug":"refletor-led-50w-ip65-3000k-llum","status":"publish","type":"product","link":"https:\/\/www.multicasa.com.br\/inicio\/produto\/refletor-led-50w-ip65-3000k-llum\/","title":{"rendered":"Refletor Led 50W IP65 3000K LLUM"},"content":{"rendered":"<p>Refletor Led 50W, possui design slim, com uma potente ilumina\u00e7\u00e3o, estruturado em alum\u00ednio com pintura ep\u00f3xi preta e vidro temperado. Modelo com LED integrado, pronto para instalar. Ideal para ambientes externos.<\/p>\n","protected":false},"excerpt":{"rendered":"<h4 style=\"margin: 0px;padding: 0px 0px 16px;font-family: Lato, sans-serif;font-weight: bold;line-height: 3rem;color: var(--dark-grey3);font-size: 22px;font-style: normal;letter-spacing: normal;text-align: start;text-indent: 0px;text-transform: none\">Informa\u00e7\u00f5es t\u00e9cnicas<\/h4>\n<p><span style=\"margin: 0px;padding: 0px;font-weight: 450;font-size: 14px;line-height: 21px;color: var(--dark-grey2);font-family: Lato, sans-serif;font-style: normal;letter-spacing: normal;text-align: start;text-indent: 0px;text-transform: none\">Produto: REFLETOR LED 50W IP65 BIV.3.0K led<br \/>\nMarca: led<br \/>\nMaterial: Alum\u00ednio<br \/>\nCor: Preta<br \/>\nCaracter\u00edsticas<br \/>\n&#8211; Garantia de 2 anos;<br \/>\n&#8211; Vida \u00fatil de 25.000 horas;<br \/>\n&#8211; Grau de prote\u00e7\u00e3o IP65;<br \/>\n&#8211; Tens\u00e3o bivolt 127-220Vca<br \/>\n&#8211; Fluxo Luminoso: 3750lm;<br \/>\n&#8211; Temperatura de cor: 3000K;<br \/>\n&#8211; \u00c2ngulo de abertura: 120\u00b0.<\/p>\n<p>Dimens\u00f5es:<br \/>\n17,3 x 15 x 3,1 cm<\/span><\/p>\n","protected":false},"featured_media":27468,"template":"","meta":{"_joinchat":[]},"product_brand":[],"product_cat":[145],"product_tag":[],"class_list":{"0":"post-15913","1":"product","2":"type-product","3":"status-publish","4":"has-post-thumbnail","6":"product_cat-leds-comerciais","8":"first","9":"outofstock","10":"shipping-taxable","11":"purchasable","12":"product-type-simple"},"_links":{"self":[{"href":"https:\/\/www.multicasa.com.br\/inicio\/wp-json\/wp\/v2\/product\/15913","targetHints":{"allow":["GET"]}}],"collection":[{"href":"https:\/\/www.multicasa.com.br\/inicio\/wp-json\/wp\/v2\/product"}],"about":[{"href":"https:\/\/www.multicasa.com.br\/inicio\/wp-json\/wp\/v2\/types\/product"}],"wp:featuredmedia":[{"embeddable":true,"href":"https:\/\/www.multicasa.com.br\/inicio\/wp-json\/wp\/v2\/media\/27468"}],"wp:attachment":[{"href":"https:\/\/www.multicasa.com.br\/inicio\/wp-json\/wp\/v2\/media?parent=15913"}],"wp:term":[{"taxonomy":"product_brand","embeddable":true,"href":"https:\/\/www.multicasa.com.br\/inicio\/wp-json\/wp\/v2\/product_brand?post=15913"},{"taxonomy":"product_cat","embeddable":true,"href":"https:\/\/www.multicasa.com.br\/inicio\/wp-json\/wp\/v2\/product_cat?post=15913"},{"taxonomy":"product_tag","embeddable":true,"href":"https:\/\/www.multicasa.com.br\/inicio\/wp-json\/wp\/v2\/product_tag?post=15913"}],"curies":[{"name":"wp","href":"https:\/\/api.w.org\/{rel}","templated":true}]}}