{"id":15948,"date":"2025-06-20T19:03:22","date_gmt":"2025-06-20T23:03:22","guid":{"rendered":"https:\/\/www.multicasa.com.br\/inicio\/?post_type=product&#038;p=15948"},"modified":"2025-11-10T15:44:02","modified_gmt":"2025-11-10T19:44:02","slug":"desentupidor-de-vaso-sanitario-multi","status":"publish","type":"product","link":"https:\/\/www.multicasa.com.br\/inicio\/produto\/desentupidor-de-vaso-sanitario-multi\/","title":{"rendered":"Desentupidor de Vaso Sanit\u00e1rio Multi"},"content":{"rendered":"<p>Use o Desentupidor de Vaso Sanit\u00e1rio da Multi para imprevistos que podem ocorrer no banheiro. Ideal para ser utilizado em bacias sanit\u00e1rias e ralos, \u00e9 o utens\u00edlio que n\u00e3o pode faltar nos produtos e objetos para limpeza. Possui bojo Flex\u00edvel e excelente poder de suc\u00e7\u00e3o que resolvem qualquer problema com agilidade e efici\u00eancia.<\/p>\n","protected":false},"excerpt":{"rendered":"<h4 style=\"margin: 0px;padding: 0px 0px 16px;font-family: Lato, sans-serif;font-weight: bold;line-height: 3rem;color: var(--dark-grey3);font-size: 22px;font-style: normal;letter-spacing: normal;text-align: start;text-indent: 0px;text-transform: none\">Informa\u00e7\u00f5es t\u00e9cnicas<\/h4>\n<p><span style=\"margin: 0px;padding: 0px;font-weight: 450;font-size: 14px;line-height: 21px;color: var(--dark-grey2);font-family: Lato, sans-serif;font-style: normal;letter-spacing: normal;text-align: start;text-indent: 0px;text-transform: none\">Produto: Desentupidor para Vaso Sanit\u00e1rio<br \/>\nMarca: Multi<br \/>\nMaterial: PVC<br \/>\ncabo de madeira plastificado<br \/>\nCor: Preto<br \/>\nCaracter\u00edsticas: Mant\u00e9m o vaso sanit\u00e1rio limpo e desobstru\u00eddo<br \/>\nItens Inclusos: 1 Convertedor de ferrugem<br \/>\nDimens\u00f5es do produto (A): 55cm<br \/>\nCabo &#8211; 48cm<\/span><\/p>\n","protected":false},"featured_media":15994,"template":"","meta":{"_joinchat":[]},"product_brand":[],"product_cat":[96],"product_tag":[],"class_list":{"0":"post-15948","1":"product","2":"type-product","3":"status-publish","4":"has-post-thumbnail","6":"product_cat-limpeza-e-cia","8":"first","9":"instock","10":"shipping-taxable","11":"purchasable","12":"product-type-simple"},"_links":{"self":[{"href":"https:\/\/www.multicasa.com.br\/inicio\/wp-json\/wp\/v2\/product\/15948","targetHints":{"allow":["GET"]}}],"collection":[{"href":"https:\/\/www.multicasa.com.br\/inicio\/wp-json\/wp\/v2\/product"}],"about":[{"href":"https:\/\/www.multicasa.com.br\/inicio\/wp-json\/wp\/v2\/types\/product"}],"wp:featuredmedia":[{"embeddable":true,"href":"https:\/\/www.multicasa.com.br\/inicio\/wp-json\/wp\/v2\/media\/15994"}],"wp:attachment":[{"href":"https:\/\/www.multicasa.com.br\/inicio\/wp-json\/wp\/v2\/media?parent=15948"}],"wp:term":[{"taxonomy":"product_brand","embeddable":true,"href":"https:\/\/www.multicasa.com.br\/inicio\/wp-json\/wp\/v2\/product_brand?post=15948"},{"taxonomy":"product_cat","embeddable":true,"href":"https:\/\/www.multicasa.com.br\/inicio\/wp-json\/wp\/v2\/product_cat?post=15948"},{"taxonomy":"product_tag","embeddable":true,"href":"https:\/\/www.multicasa.com.br\/inicio\/wp-json\/wp\/v2\/product_tag?post=15948"}],"curies":[{"name":"wp","href":"https:\/\/api.w.org\/{rel}","templated":true}]}}