{"id":15972,"date":"2025-06-20T19:03:45","date_gmt":"2025-06-20T23:03:45","guid":{"rendered":"https:\/\/www.multicasa.com.br\/inicio\/?post_type=product&#038;p=15972"},"modified":"2026-05-04T08:20:13","modified_gmt":"2026-05-04T12:20:13","slug":"espanador-de-po-eletrostatico-rosa-bralimpia","status":"publish","type":"product","link":"https:\/\/www.multicasa.com.br\/inicio\/produto\/espanador-de-po-eletrostatico-rosa-bralimpia\/","title":{"rendered":"Espanador de P\u00f3 Eletrost\u00e1tico Rosa Bralimpia"},"content":{"rendered":"<p>O Espanador de P\u00f3 Eletrost\u00e1tico da Bralimpia auxilia na limpeza seca de hospitais, salas de computadores, persianas e outras superf\u00edcies da sua casa. Feito de fios 100% acr\u00edlicos, recolhe o p\u00f3 sem espalh\u00e1-lo para que voc\u00ea possa descart\u00e1-lo no lugar certo depois. Pode ser lavado diretamente na \u00e1gua sem ser danificado. Possui dimens\u00f5es de 19 x 47 cm e cabo ergon\u00f4mico leve que facilita seu uso sem cansar os bra\u00e7os.<\/p>\n","protected":false},"excerpt":{"rendered":"<h4 style=\"margin: 0px;padding: 0px 0px 16px;font-family: Lato, sans-serif;font-weight: bold;line-height: 3rem;color: var(--dark-grey3);font-size: 22px;font-style: normal;letter-spacing: normal;text-align: start;text-indent: 0px;text-transform: none\">Informa\u00e7\u00f5es t\u00e9cnicas<\/h4>\n<p><span style=\"margin: 0px;padding: 0px;font-weight: 450;font-size: 14px;line-height: 21px;color: var(--dark-grey2);font-family: Lato, sans-serif;font-style: normal;letter-spacing: normal;text-align: start;text-indent: 0px;text-transform: none\">Produto: Espanador de P\u00f3 Eletrost\u00e1tico<br \/>\nMarca: Bralimpia<br \/>\nCor: Rosa e azul<br \/>\nMaterial: Pl\u00e1stico<br \/>\nItens Inclusos: 1 Espanador de p\u00f3 eletrost\u00e1tico<br \/>\nDimens\u00f5es do produto (A X L): 47 x 19cm<br \/>\n<\/span><\/p>\n","protected":false},"featured_media":16008,"template":"","meta":{"_joinchat":[]},"product_brand":[],"product_cat":[151],"product_tag":[],"class_list":{"0":"post-15972","1":"product","2":"type-product","3":"status-publish","4":"has-post-thumbnail","6":"product_cat-pilhas","8":"first","9":"instock","10":"shipping-taxable","11":"purchasable","12":"product-type-simple"},"_links":{"self":[{"href":"https:\/\/www.multicasa.com.br\/inicio\/wp-json\/wp\/v2\/product\/15972","targetHints":{"allow":["GET"]}}],"collection":[{"href":"https:\/\/www.multicasa.com.br\/inicio\/wp-json\/wp\/v2\/product"}],"about":[{"href":"https:\/\/www.multicasa.com.br\/inicio\/wp-json\/wp\/v2\/types\/product"}],"wp:featuredmedia":[{"embeddable":true,"href":"https:\/\/www.multicasa.com.br\/inicio\/wp-json\/wp\/v2\/media\/16008"}],"wp:attachment":[{"href":"https:\/\/www.multicasa.com.br\/inicio\/wp-json\/wp\/v2\/media?parent=15972"}],"wp:term":[{"taxonomy":"product_brand","embeddable":true,"href":"https:\/\/www.multicasa.com.br\/inicio\/wp-json\/wp\/v2\/product_brand?post=15972"},{"taxonomy":"product_cat","embeddable":true,"href":"https:\/\/www.multicasa.com.br\/inicio\/wp-json\/wp\/v2\/product_cat?post=15972"},{"taxonomy":"product_tag","embeddable":true,"href":"https:\/\/www.multicasa.com.br\/inicio\/wp-json\/wp\/v2\/product_tag?post=15972"}],"curies":[{"name":"wp","href":"https:\/\/api.w.org\/{rel}","templated":true}]}}