{"id":15982,"date":"2025-06-20T19:03:46","date_gmt":"2025-06-20T23:03:46","guid":{"rendered":"https:\/\/www.multicasa.com.br\/inicio\/?post_type=product&#038;p=15982"},"modified":"2025-06-20T19:04:32","modified_gmt":"2025-06-20T23:04:32","slug":"bucha-frog-com-parafuso-philips-10mm-bemfixa","status":"publish","type":"product","link":"https:\/\/www.multicasa.com.br\/inicio\/produto\/bucha-frog-com-parafuso-philips-10mm-bemfixa\/","title":{"rendered":"Bucha Frog com Parafuso Philips 10mm Bemfixa"},"content":{"rendered":"<p>Use a bucha frog com parafuso de cabe\u00e7a Philips 10 mm Bemfixa para fixa\u00e7\u00f5es leves em forros de gesso ou placas de drywall. Com bucha de tamanho pequeno e parafuso que mede 4,5 x 45 mm, as pe\u00e7as t\u00eam capacidade de carga para at\u00e9 9kg e podem ser usadas em pain\u00e9is de 12,5 mm. Garantem praticidade e resist\u00eancia ao seu dia-a-dia.<\/p>\n","protected":false},"excerpt":{"rendered":"<h4 style=\"margin: 0px;padding: 0px 0px 16px;font-family: Lato, sans-serif;font-weight: bold;line-height: 3rem;color: var(--dark-grey3);font-size: 22px;font-style: normal;letter-spacing: normal;text-align: start;text-indent: 0px;text-transform: none\">Informa\u00e7\u00f5es t\u00e9cnicas<\/h4>\n<p><span style=\"margin: 0px;padding: 0px;font-weight: 450;font-size: 14px;line-height: 21px;color: var(--dark-grey2);font-family: Lato, sans-serif;font-style: normal;letter-spacing: normal;text-align: start;text-indent: 0px;text-transform: none\">Produto: Bucha com parafuso<br \/>\nMarca: Bemfixa<br \/>\nCor: Branca, prata<br \/>\nCaracter\u00edsticas: Capacidade para carga de 9kg<br \/>\nPara pain\u00e9is de 12,5mm<br \/>\nQuantidade de pe\u00e7as: 4<br \/>\nItens inclusos: 2 Buchas<br \/>\n2 parafusos<br \/>\nDimens\u00f5es do produto (A X L): Parafuso &#8211; 45 x 4,5mm<br \/>\nDi\u00e2metro do produto: Bucha &#8211; 10mm<\/span><\/p>\n","protected":false},"featured_media":16038,"template":"","meta":{"_joinchat":[]},"product_brand":[],"product_cat":[135],"product_tag":[],"class_list":{"0":"post-15982","1":"product","2":"type-product","3":"status-publish","4":"has-post-thumbnail","6":"product_cat-parafusos-e-buchas","8":"first","9":"outofstock","10":"shipping-taxable","11":"product-type-simple"},"_links":{"self":[{"href":"https:\/\/www.multicasa.com.br\/inicio\/wp-json\/wp\/v2\/product\/15982","targetHints":{"allow":["GET"]}}],"collection":[{"href":"https:\/\/www.multicasa.com.br\/inicio\/wp-json\/wp\/v2\/product"}],"about":[{"href":"https:\/\/www.multicasa.com.br\/inicio\/wp-json\/wp\/v2\/types\/product"}],"wp:featuredmedia":[{"embeddable":true,"href":"https:\/\/www.multicasa.com.br\/inicio\/wp-json\/wp\/v2\/media\/16038"}],"wp:attachment":[{"href":"https:\/\/www.multicasa.com.br\/inicio\/wp-json\/wp\/v2\/media?parent=15982"}],"wp:term":[{"taxonomy":"product_brand","embeddable":true,"href":"https:\/\/www.multicasa.com.br\/inicio\/wp-json\/wp\/v2\/product_brand?post=15982"},{"taxonomy":"product_cat","embeddable":true,"href":"https:\/\/www.multicasa.com.br\/inicio\/wp-json\/wp\/v2\/product_cat?post=15982"},{"taxonomy":"product_tag","embeddable":true,"href":"https:\/\/www.multicasa.com.br\/inicio\/wp-json\/wp\/v2\/product_tag?post=15982"}],"curies":[{"name":"wp","href":"https:\/\/api.w.org\/{rel}","templated":true}]}}