{"id":15984,"date":"2025-06-20T19:03:47","date_gmt":"2025-06-20T23:03:47","guid":{"rendered":"https:\/\/www.multicasa.com.br\/inicio\/?post_type=product&#038;p=15984"},"modified":"2025-08-17T18:54:27","modified_gmt":"2025-08-17T22:54:27","slug":"parafusadeira-e-furadeira-black-decker-cd961-br-bivolt-3-8-96v","status":"publish","type":"product","link":"https:\/\/www.multicasa.com.br\/inicio\/produto\/parafusadeira-e-furadeira-black-decker-cd961-br-bivolt-3-8-96v\/","title":{"rendered":"Parafusadeira e Furadeira Black + Decker CD961-BR Bivolt 3\/8 9,6V"},"content":{"rendered":"<p>Utilize a Parafusadeira e Furadeira Black + Decker modelo CD961-BR para aperto e desaperto de parafusos ou para perfurar superf\u00edcies. Possuindo 8 posi\u00e7\u00f5es de torque, possibilitando dimensionar melhor as tarefas de acordo com cada necessidade. Empunhadura central balanceada e carregador bivolt permitem uma melhor usabilidade. Rota\u00e7\u00e3o m\u00e1xima de 550 por minuto supre bem as necessidades de uso.<\/p>\n","protected":false},"excerpt":{"rendered":"<h4 style=\"margin: 0px;padding: 0px 0px 16px;font-family: Lato, sans-serif;font-weight: bold;line-height: 3rem;color: var(--dark-grey3);font-size: 22px;font-style: normal;letter-spacing: normal;text-align: start;text-indent: 0px;text-transform: none\">Informa\u00e7\u00f5es t\u00e9cnicas<\/h4>\n<p><span style=\"margin: 0px;padding: 0px;font-weight: 450;font-size: 14px;line-height: 21px;color: var(--dark-grey2);font-family: Lato, sans-serif;font-style: normal;letter-spacing: normal;text-align: start;text-indent: 0px;text-transform: none\">Produto: Furadeira\/Parafusadeira<br \/>\nMarca: Black + Decker<br \/>\nModelo: CD961-BR<br \/>\nCor: Laranja e preto<br \/>\nPot\u00eancia: 560w<br \/>\nTens\u00e3o el\u00e9trica do carregador: 127-220v<br \/>\nPot\u00eancia da bateria: 8v<br \/>\nRota\u00e7\u00e3o: 550 RPM<br \/>\nMandrill: 3\/8 (10mm)<br \/>\nCaracter\u00edsticas: Torque m\u00e1ximo de 51LB X POL<br \/>\nPossui controle de torque<br \/>\nCompartimento porta bit<br \/>\nEmpunhadura central balanceada<br \/>\nItens Inclusos: 1 furadeira\/parafusadeira<br \/>\nDimens\u00f5es do produto (A X L): 34 x 29cm<br \/>\nGarantia: 1 ano pelo fabricante<br \/>\n<\/span><\/p>\n","protected":false},"featured_media":16052,"template":"","meta":{"_joinchat":[]},"product_brand":[],"product_cat":[152],"product_tag":[],"class_list":{"0":"post-15984","1":"product","2":"type-product","3":"status-publish","4":"has-post-thumbnail","6":"product_cat-ferramentas-eletricas","8":"first","9":"outofstock","10":"shipping-taxable","11":"purchasable","12":"product-type-simple"},"_links":{"self":[{"href":"https:\/\/www.multicasa.com.br\/inicio\/wp-json\/wp\/v2\/product\/15984","targetHints":{"allow":["GET"]}}],"collection":[{"href":"https:\/\/www.multicasa.com.br\/inicio\/wp-json\/wp\/v2\/product"}],"about":[{"href":"https:\/\/www.multicasa.com.br\/inicio\/wp-json\/wp\/v2\/types\/product"}],"wp:featuredmedia":[{"embeddable":true,"href":"https:\/\/www.multicasa.com.br\/inicio\/wp-json\/wp\/v2\/media\/16052"}],"wp:attachment":[{"href":"https:\/\/www.multicasa.com.br\/inicio\/wp-json\/wp\/v2\/media?parent=15984"}],"wp:term":[{"taxonomy":"product_brand","embeddable":true,"href":"https:\/\/www.multicasa.com.br\/inicio\/wp-json\/wp\/v2\/product_brand?post=15984"},{"taxonomy":"product_cat","embeddable":true,"href":"https:\/\/www.multicasa.com.br\/inicio\/wp-json\/wp\/v2\/product_cat?post=15984"},{"taxonomy":"product_tag","embeddable":true,"href":"https:\/\/www.multicasa.com.br\/inicio\/wp-json\/wp\/v2\/product_tag?post=15984"}],"curies":[{"name":"wp","href":"https:\/\/api.w.org\/{rel}","templated":true}]}}