{"id":15993,"date":"2025-06-20T19:03:48","date_gmt":"2025-06-20T23:03:48","guid":{"rendered":"https:\/\/www.multicasa.com.br\/inicio\/?post_type=product&#038;p=15993"},"modified":"2026-04-28T16:50:18","modified_gmt":"2026-04-28T20:50:18","slug":"pilha-alcalina-c-media-duracell-2-unidades","status":"publish","type":"product","link":"https:\/\/www.multicasa.com.br\/inicio\/produto\/pilha-alcalina-c-media-duracell-2-unidades\/","title":{"rendered":"Pilha Alcalina C M\u00e9dia Duracell 2 Unidades"},"content":{"rendered":"<p>A Pilha Alcalina C M\u00e9dia da Duracell com voltagem de 1,5v, ir\u00e1 proporcionar muito mais energia para seu equipamento. A Pilha Duracell possui pot\u00eancia confi\u00e1vel e prolongada com a melhor performance e com design aperfei\u00e7oado que garante o melhor desempenho e vida \u00fatil, durando at\u00e9 8x mais.<br \/>\nCarleta com 2 unidades.<\/p>\n","protected":false},"excerpt":{"rendered":"<h4 style=\"margin: 0px;padding: 0px 0px 16px;font-family: Lato, sans-serif;font-weight: bold;line-height: 3rem;color: var(--dark-grey3);font-size: 22px;font-style: normal;letter-spacing: normal;text-align: start;text-indent: 0px;text-transform: none\">Informa\u00e7\u00f5es t\u00e9cnicas<\/h4>\n<p><span style=\"margin: 0px;padding: 0px;font-weight: 450;font-size: 14px;line-height: 21px;color: var(--dark-grey2);font-family: Lato, sans-serif;font-style: normal;letter-spacing: normal;text-align: start;text-indent: 0px;text-transform: none\">Produto: Pilha<br \/>\nTipo: Alcalina<br \/>\nMarca: Duracell<br \/>\nTamanho: C m\u00e9dia<br \/>\nModelo: MNI400<br \/>\nVoltagem: 1,5v<br \/>\nDura at\u00e9 8x mais<br \/>\nItens inclusos: 2 Pilhas<\/span><\/p>\n","protected":false},"featured_media":16077,"template":"","meta":{"_joinchat":[]},"product_brand":[],"product_cat":[151],"product_tag":[],"class_list":{"0":"post-15993","1":"product","2":"type-product","3":"status-publish","4":"has-post-thumbnail","6":"product_cat-pilhas","8":"first","9":"instock","10":"shipping-taxable","11":"purchasable","12":"product-type-simple"},"_links":{"self":[{"href":"https:\/\/www.multicasa.com.br\/inicio\/wp-json\/wp\/v2\/product\/15993","targetHints":{"allow":["GET"]}}],"collection":[{"href":"https:\/\/www.multicasa.com.br\/inicio\/wp-json\/wp\/v2\/product"}],"about":[{"href":"https:\/\/www.multicasa.com.br\/inicio\/wp-json\/wp\/v2\/types\/product"}],"wp:featuredmedia":[{"embeddable":true,"href":"https:\/\/www.multicasa.com.br\/inicio\/wp-json\/wp\/v2\/media\/16077"}],"wp:attachment":[{"href":"https:\/\/www.multicasa.com.br\/inicio\/wp-json\/wp\/v2\/media?parent=15993"}],"wp:term":[{"taxonomy":"product_brand","embeddable":true,"href":"https:\/\/www.multicasa.com.br\/inicio\/wp-json\/wp\/v2\/product_brand?post=15993"},{"taxonomy":"product_cat","embeddable":true,"href":"https:\/\/www.multicasa.com.br\/inicio\/wp-json\/wp\/v2\/product_cat?post=15993"},{"taxonomy":"product_tag","embeddable":true,"href":"https:\/\/www.multicasa.com.br\/inicio\/wp-json\/wp\/v2\/product_tag?post=15993"}],"curies":[{"name":"wp","href":"https:\/\/api.w.org\/{rel}","templated":true}]}}