{"id":16014,"date":"2025-06-20T19:04:09","date_gmt":"2025-06-20T23:04:09","guid":{"rendered":"https:\/\/www.multicasa.com.br\/inicio\/?post_type=product&#038;p=16014"},"modified":"2025-12-16T18:15:37","modified_gmt":"2025-12-16T22:15:37","slug":"pitao-bicromatizado-para-madeira-16x30mm-bemfixa-5-unidades","status":"publish","type":"product","link":"https:\/\/www.multicasa.com.br\/inicio\/produto\/pitao-bicromatizado-para-madeira-16x30mm-bemfixa-5-unidades\/","title":{"rendered":"Pit\u00e3o Bicromatizado para Madeira 16x30mm Bemfixa 5 Unidades"},"content":{"rendered":"<p>Pit\u00e3o Bicromatizado Bemfixa, fabricados em a\u00e7o, s\u00e3o ideais para utiliza\u00e7\u00e3o em trabalhos variados de fixa\u00e7\u00e3o, objetos suspensos, madeira, etc.<br \/>\nEmbalagem com 5 unidades de pit\u00e3o com dimens\u00f5es de 16 x 30mm, com qualidade superior, maior durabilidade e resist\u00eancia.<\/p>\n","protected":false},"excerpt":{"rendered":"<h4 style=\"margin: 0px;padding: 0px 0px 16px;font-family: Lato, sans-serif;font-weight: bold;line-height: 3rem;color: var(--dark-grey3);font-size: 22px;font-style: normal;letter-spacing: normal;text-align: start;text-indent: 0px;text-transform: none\">Informa\u00e7\u00f5es t\u00e9cnicas<\/h4>\n<p><span style=\"margin: 0px;padding: 0px;font-weight: 450;font-size: 14px;line-height: 21px;color: var(--dark-grey2);font-family: Lato, sans-serif;font-style: normal;letter-spacing: normal;text-align: start;text-indent: 0px;text-transform: none\">Produto: Pit\u00e3o para madeira<br \/>\nMarca: Bemfixa<br \/>\nMaterial: A\u00e7o<br \/>\nCor: Dourado<br \/>\nCaracter\u00edsticas: Bicromatizado<br \/>\nItens inclusos: 5 Pit\u00f5es para madeira<br \/>\nDimens\u00f5es do produto (A X L): 30 x 16mm<br \/>\n<\/span><\/p>\n","protected":false},"featured_media":16082,"template":"","meta":{"_joinchat":[]},"product_brand":[],"product_cat":[135],"product_tag":[],"class_list":{"0":"post-16014","1":"product","2":"type-product","3":"status-publish","4":"has-post-thumbnail","6":"product_cat-parafusos-e-buchas","8":"first","9":"instock","10":"shipping-taxable","11":"purchasable","12":"product-type-simple"},"_links":{"self":[{"href":"https:\/\/www.multicasa.com.br\/inicio\/wp-json\/wp\/v2\/product\/16014","targetHints":{"allow":["GET"]}}],"collection":[{"href":"https:\/\/www.multicasa.com.br\/inicio\/wp-json\/wp\/v2\/product"}],"about":[{"href":"https:\/\/www.multicasa.com.br\/inicio\/wp-json\/wp\/v2\/types\/product"}],"wp:featuredmedia":[{"embeddable":true,"href":"https:\/\/www.multicasa.com.br\/inicio\/wp-json\/wp\/v2\/media\/16082"}],"wp:attachment":[{"href":"https:\/\/www.multicasa.com.br\/inicio\/wp-json\/wp\/v2\/media?parent=16014"}],"wp:term":[{"taxonomy":"product_brand","embeddable":true,"href":"https:\/\/www.multicasa.com.br\/inicio\/wp-json\/wp\/v2\/product_brand?post=16014"},{"taxonomy":"product_cat","embeddable":true,"href":"https:\/\/www.multicasa.com.br\/inicio\/wp-json\/wp\/v2\/product_cat?post=16014"},{"taxonomy":"product_tag","embeddable":true,"href":"https:\/\/www.multicasa.com.br\/inicio\/wp-json\/wp\/v2\/product_tag?post=16014"}],"curies":[{"name":"wp","href":"https:\/\/api.w.org\/{rel}","templated":true}]}}