{"id":16069,"date":"2025-06-20T19:04:58","date_gmt":"2025-06-20T23:04:58","guid":{"rendered":"https:\/\/www.multicasa.com.br\/inicio\/?post_type=product&#038;p=16069"},"modified":"2026-04-15T16:20:09","modified_gmt":"2026-04-15T20:20:09","slug":"papel-sulfite-a4-branco-report-500-folhas","status":"publish","type":"product","link":"https:\/\/www.multicasa.com.br\/inicio\/produto\/papel-sulfite-a4-branco-report-500-folhas\/","title":{"rendered":"Papel Sulfite A4 Branco Report 500 folhas"},"content":{"rendered":"<p>O papel sulfite A4 branco da Report \u00e9 sempre necess\u00e1rio em atividades do dia-a-dia, seja para impress\u00f5es, rascunhos, relat\u00f3rios ou desenhos. Ideal para ter em casa, no escrit\u00f3rio ou em pastas para usar na hora de fazer anota\u00e7\u00f5es importantes, Pacote com 500 folhas brancas sem pauta fabricadas a partir de celulose de eucalipto, provenientes de florestas renov\u00e1veis. Possui a certifica\u00e7\u00e3o FSC &#8211; Forest Stewards Hip Council.<\/p>\n","protected":false},"excerpt":{"rendered":"<h4 style=\"margin: 0px;padding: 0px 0px 16px;font-family: Lato, sans-serif;font-weight: bold;line-height: 3rem;color: var(--dark-grey3);font-size: 22px;font-style: normal;letter-spacing: normal;text-align: start;text-indent: 0px;text-transform: none\">Informa\u00e7\u00f5es t\u00e9cnicas<\/h4>\n<p><span style=\"margin: 0px;padding: 0px;font-weight: 450;font-size: 14px;line-height: 21px;color: var(--dark-grey2);font-family: Lato, sans-serif;font-style: normal;letter-spacing: normal;text-align: start;text-indent: 0px;text-transform: none\">Produto: Papel Sulfite A4<br \/>\nMarca: Report<br \/>\nMaterial: Celulose<br \/>\nCor: Branco<br \/>\nCaracter\u00edsticas: N\u00e3o possui pauta; pacote com 500 folhas<br \/>\nItens Inclusos: 1 Papel sulfite A4<br \/>\nDimens\u00f5es do produto (A X L ): 29,7 x 21cm<\/span><\/p>\n","protected":false},"featured_media":16117,"template":"","meta":{"_joinchat":[]},"product_brand":[],"product_cat":[97],"product_tag":[],"class_list":{"0":"post-16069","1":"product","2":"type-product","3":"status-publish","4":"has-post-thumbnail","6":"product_cat-papelaria","8":"first","9":"instock","10":"shipping-taxable","11":"purchasable","12":"product-type-simple"},"_links":{"self":[{"href":"https:\/\/www.multicasa.com.br\/inicio\/wp-json\/wp\/v2\/product\/16069","targetHints":{"allow":["GET"]}}],"collection":[{"href":"https:\/\/www.multicasa.com.br\/inicio\/wp-json\/wp\/v2\/product"}],"about":[{"href":"https:\/\/www.multicasa.com.br\/inicio\/wp-json\/wp\/v2\/types\/product"}],"wp:featuredmedia":[{"embeddable":true,"href":"https:\/\/www.multicasa.com.br\/inicio\/wp-json\/wp\/v2\/media\/16117"}],"wp:attachment":[{"href":"https:\/\/www.multicasa.com.br\/inicio\/wp-json\/wp\/v2\/media?parent=16069"}],"wp:term":[{"taxonomy":"product_brand","embeddable":true,"href":"https:\/\/www.multicasa.com.br\/inicio\/wp-json\/wp\/v2\/product_brand?post=16069"},{"taxonomy":"product_cat","embeddable":true,"href":"https:\/\/www.multicasa.com.br\/inicio\/wp-json\/wp\/v2\/product_cat?post=16069"},{"taxonomy":"product_tag","embeddable":true,"href":"https:\/\/www.multicasa.com.br\/inicio\/wp-json\/wp\/v2\/product_tag?post=16069"}],"curies":[{"name":"wp","href":"https:\/\/api.w.org\/{rel}","templated":true}]}}