{"id":16070,"date":"2025-06-20T19:04:58","date_gmt":"2025-06-20T23:04:58","guid":{"rendered":"https:\/\/www.multicasa.com.br\/inicio\/?post_type=product&#038;p=16070"},"modified":"2026-04-09T14:00:23","modified_gmt":"2026-04-09T18:00:23","slug":"fonte-de-alimentacao-regulada-universal-flex-2500mah-bivolt","status":"publish","type":"product","link":"https:\/\/www.multicasa.com.br\/inicio\/produto\/fonte-de-alimentacao-regulada-universal-flex-2500mah-bivolt\/","title":{"rendered":"Fonte de Alimenta\u00e7\u00e3o Regulada Universal Flex 2500mAh Bivolt"},"content":{"rendered":"<p>Fonte de Alimenta\u00e7\u00e3o Regulada Universal Flex, ideal para v\u00eddeo game port\u00e1teis, brinquedos, calculadoras, telefones celulares, telefones sem fio, mini m\u00e1quina de costura, notebook, tablet etc. Possui fonte de alimenta\u00e7\u00e3o regulada universal, pot\u00eancia de 30w, 7 plugues e ajuste autom\u00e1tico na voltagem de entrada bivolt, al\u00e9m de prote\u00e7\u00e3o contra curto circuito &#8220;scp&#8221;.<\/p>\n","protected":false},"excerpt":{"rendered":"<h4 style=\"margin: 0px;padding: 0px 0px 16px;font-family: Lato, sans-serif;font-weight: bold;line-height: 3rem;color: var(--dark-grey3);font-size: 22px;font-style: normal;letter-spacing: normal;text-align: start;text-indent: 0px;text-transform: none\">Informa\u00e7\u00f5es t\u00e9cnicas<\/h4>\n<p><span style=\"margin: 0px;padding: 0px;font-weight: 450;font-size: 14px;line-height: 21px;color: var(--dark-grey2);font-family: Lato, sans-serif;font-style: normal;letter-spacing: normal;text-align: start;text-indent: 0px;text-transform: none\">Produto: Fonte de Alimenta\u00e7\u00e3o Universal<br \/>\nMarca: Flex<br \/>\nCor: Preto<br \/>\nPot\u00eancia: 30w<br \/>\nTens\u00e3o el\u00e9trica: Bivolt<br \/>\nAmperagem: 2500 mah (2.5A)<br \/>\nCaracter\u00edsticas: Universal 2.5\/3\/4.5\/5\/6\/7.5\/9\/12V<br \/>\n7 Plugues<br \/>\nAjuste Autom\u00e1tico na voltagem de entrada bivolt<br \/>\nProte\u00e7\u00e3o contra curto circuito &#8220;SCP&#8221;<br \/>\nItens Inclusos: 1 Fonte de alimenta\u00e7\u00e3o Universal<br \/>\nDimens\u00f5es do produto (A X L): 9,5 x 8cm<\/p>\n<p><\/span><\/p>\n","protected":false},"featured_media":16118,"template":"","meta":{"_joinchat":[]},"product_brand":[],"product_cat":[153],"product_tag":[],"class_list":{"0":"post-16070","1":"product","2":"type-product","3":"status-publish","4":"has-post-thumbnail","6":"product_cat-eletronica-e-cia","8":"first","9":"instock","10":"shipping-taxable","11":"purchasable","12":"product-type-simple"},"_links":{"self":[{"href":"https:\/\/www.multicasa.com.br\/inicio\/wp-json\/wp\/v2\/product\/16070","targetHints":{"allow":["GET"]}}],"collection":[{"href":"https:\/\/www.multicasa.com.br\/inicio\/wp-json\/wp\/v2\/product"}],"about":[{"href":"https:\/\/www.multicasa.com.br\/inicio\/wp-json\/wp\/v2\/types\/product"}],"wp:featuredmedia":[{"embeddable":true,"href":"https:\/\/www.multicasa.com.br\/inicio\/wp-json\/wp\/v2\/media\/16118"}],"wp:attachment":[{"href":"https:\/\/www.multicasa.com.br\/inicio\/wp-json\/wp\/v2\/media?parent=16070"}],"wp:term":[{"taxonomy":"product_brand","embeddable":true,"href":"https:\/\/www.multicasa.com.br\/inicio\/wp-json\/wp\/v2\/product_brand?post=16070"},{"taxonomy":"product_cat","embeddable":true,"href":"https:\/\/www.multicasa.com.br\/inicio\/wp-json\/wp\/v2\/product_cat?post=16070"},{"taxonomy":"product_tag","embeddable":true,"href":"https:\/\/www.multicasa.com.br\/inicio\/wp-json\/wp\/v2\/product_tag?post=16070"}],"curies":[{"name":"wp","href":"https:\/\/api.w.org\/{rel}","templated":true}]}}