{"id":16091,"date":"2025-06-20T19:05:21","date_gmt":"2025-06-20T23:05:21","guid":{"rendered":"https:\/\/www.multicasa.com.br\/inicio\/?post_type=product&#038;p=16091"},"modified":"2025-12-16T18:17:18","modified_gmt":"2025-12-16T22:17:18","slug":"suporte-concha-para-cabideiro-bemfixa-2-unidades","status":"publish","type":"product","link":"https:\/\/www.multicasa.com.br\/inicio\/produto\/suporte-concha-para-cabideiro-bemfixa-2-unidades\/","title":{"rendered":"Suporte Concha para Cabideiro Bemfixa 2 Unidades"},"content":{"rendered":"<p>Suporte em formato concha para cabideiros Bemfixa, ideal para dar apoio e fixar o tubo dos cabideiros no m\u00f3vel, \u00e9 compat\u00edvel com cabideiros de no m\u00e1ximo 2,7 cm de di\u00e2metro. Confeccionado em polietileno, tem maior durabilidade e melhor fixa\u00e7\u00e3o do var\u00e3o. Acompanha 6 parafusos para a instala\u00e7\u00e3o.<\/p>\n","protected":false},"excerpt":{"rendered":"<h4 style=\"margin: 0px;padding: 0px 0px 16px;font-family: Lato, sans-serif;font-weight: bold;line-height: 3rem;color: var(--dark-grey3);font-size: 22px;font-style: normal;letter-spacing: normal;text-align: start;text-indent: 0px;text-transform: none\">Informa\u00e7\u00f5es t\u00e9cnicas<\/h4>\n<p><span style=\"margin: 0px;padding: 0px;font-weight: 450;font-size: 14px;line-height: 21px;color: var(--dark-grey2);font-family: Lato, sans-serif;font-style: normal;letter-spacing: normal;text-align: start;text-indent: 0px;text-transform: none\">Produto: Suporte para Cabideiro<br \/>\nMarca: Bemfixa<br \/>\nMaterial: Polietileno<br \/>\nCor: Branco<br \/>\nCaracter\u00edsticas: Formato concha<br \/>\nSuporta cabideiros de at\u00e9 2,7cm<br \/>\nItens inclusos: 2 Suportes para cabideiro<br \/>\n6 Parafusos<br \/>\nDimens\u00f5es do produtos (A X L X P): 3 x 7,5 x 14cm<br \/>\n<\/span><\/p>\n","protected":false},"featured_media":16137,"template":"","meta":{"_joinchat":[]},"product_brand":[],"product_cat":[141],"product_tag":[],"class_list":{"0":"post-16091","1":"product","2":"type-product","3":"status-publish","4":"has-post-thumbnail","6":"product_cat-marcenaria","8":"first","9":"instock","10":"shipping-taxable","11":"purchasable","12":"product-type-simple"},"_links":{"self":[{"href":"https:\/\/www.multicasa.com.br\/inicio\/wp-json\/wp\/v2\/product\/16091","targetHints":{"allow":["GET"]}}],"collection":[{"href":"https:\/\/www.multicasa.com.br\/inicio\/wp-json\/wp\/v2\/product"}],"about":[{"href":"https:\/\/www.multicasa.com.br\/inicio\/wp-json\/wp\/v2\/types\/product"}],"wp:featuredmedia":[{"embeddable":true,"href":"https:\/\/www.multicasa.com.br\/inicio\/wp-json\/wp\/v2\/media\/16137"}],"wp:attachment":[{"href":"https:\/\/www.multicasa.com.br\/inicio\/wp-json\/wp\/v2\/media?parent=16091"}],"wp:term":[{"taxonomy":"product_brand","embeddable":true,"href":"https:\/\/www.multicasa.com.br\/inicio\/wp-json\/wp\/v2\/product_brand?post=16091"},{"taxonomy":"product_cat","embeddable":true,"href":"https:\/\/www.multicasa.com.br\/inicio\/wp-json\/wp\/v2\/product_cat?post=16091"},{"taxonomy":"product_tag","embeddable":true,"href":"https:\/\/www.multicasa.com.br\/inicio\/wp-json\/wp\/v2\/product_tag?post=16091"}],"curies":[{"name":"wp","href":"https:\/\/api.w.org\/{rel}","templated":true}]}}