{"id":16096,"date":"2025-06-20T19:05:21","date_gmt":"2025-06-20T23:05:21","guid":{"rendered":"https:\/\/www.multicasa.com.br\/inicio\/?post_type=product&#038;p=16096"},"modified":"2026-02-21T10:01:30","modified_gmt":"2026-02-21T14:01:30","slug":"caps-para-esgoto-em-pvc-40mm-tigre","status":"publish","type":"product","link":"https:\/\/www.multicasa.com.br\/inicio\/produto\/caps-para-esgoto-em-pvc-40mm-tigre\/","title":{"rendered":"Caps Para Esgoto em PVC 40mm Tigre"},"content":{"rendered":"<p>O caps de PVC para esgoto da Tigre \u00e9 ideal para interromper o fluxo de \u00e1gua em pontos que precisam ser tampados definitivamente ou por algum per\u00edodo. Com Bitola 40 mm, est\u00e1 dispon\u00edvel na cor branca, tem instala\u00e7\u00e3o simples e eficiente.<\/p>\n","protected":false},"excerpt":{"rendered":"<h4 style=\"margin: 0px;padding: 0px 0px 16px;font-family: Lato, sans-serif;font-weight: bold;line-height: 3rem;color: var(--dark-grey3);font-size: 22px;font-style: normal;letter-spacing: normal;text-align: start;text-indent: 0px;text-transform: none\">Informa\u00e7\u00f5es t\u00e9cnicas<\/h4>\n<p><span style=\"margin: 0px;padding: 0px;font-weight: 450;font-size: 14px;line-height: 21px;color: var(--dark-grey2);font-family: Lato, sans-serif;font-style: normal;letter-spacing: normal;text-align: start;text-indent: 0px;text-transform: none\">Produto: Caps de PVC<br \/>\nMarca: Tigre<br \/>\nMaterial: PVC<br \/>\nCor: Branca<br \/>\nCaracter\u00edsticas: Para tubula\u00e7\u00e3o de esgoto<br \/>\nbitola de 40mm<br \/>\nItens inclusos: 1 Caps de PVC<br \/>\nDimens\u00e3o do Produto (L x P): 4 x 4cm<br \/>\n<\/span><\/p>\n","protected":false},"featured_media":16142,"template":"","meta":{"_joinchat":[]},"product_brand":[],"product_cat":[73],"product_tag":[],"class_list":{"0":"post-16096","1":"product","2":"type-product","3":"status-publish","4":"has-post-thumbnail","6":"product_cat-tubos-e-conexoes","8":"first","9":"instock","10":"shipping-taxable","11":"purchasable","12":"product-type-simple"},"_links":{"self":[{"href":"https:\/\/www.multicasa.com.br\/inicio\/wp-json\/wp\/v2\/product\/16096","targetHints":{"allow":["GET"]}}],"collection":[{"href":"https:\/\/www.multicasa.com.br\/inicio\/wp-json\/wp\/v2\/product"}],"about":[{"href":"https:\/\/www.multicasa.com.br\/inicio\/wp-json\/wp\/v2\/types\/product"}],"wp:featuredmedia":[{"embeddable":true,"href":"https:\/\/www.multicasa.com.br\/inicio\/wp-json\/wp\/v2\/media\/16142"}],"wp:attachment":[{"href":"https:\/\/www.multicasa.com.br\/inicio\/wp-json\/wp\/v2\/media?parent=16096"}],"wp:term":[{"taxonomy":"product_brand","embeddable":true,"href":"https:\/\/www.multicasa.com.br\/inicio\/wp-json\/wp\/v2\/product_brand?post=16096"},{"taxonomy":"product_cat","embeddable":true,"href":"https:\/\/www.multicasa.com.br\/inicio\/wp-json\/wp\/v2\/product_cat?post=16096"},{"taxonomy":"product_tag","embeddable":true,"href":"https:\/\/www.multicasa.com.br\/inicio\/wp-json\/wp\/v2\/product_tag?post=16096"}],"curies":[{"name":"wp","href":"https:\/\/api.w.org\/{rel}","templated":true}]}}