{"id":16101,"date":"2025-06-20T19:05:22","date_gmt":"2025-06-20T23:05:22","guid":{"rendered":"https:\/\/www.multicasa.com.br\/inicio\/?post_type=product&#038;p=16101"},"modified":"2026-03-17T15:33:52","modified_gmt":"2026-03-17T19:33:52","slug":"juncao-te-para-esgoto-branco-40mm-tigre","status":"publish","type":"product","link":"https:\/\/www.multicasa.com.br\/inicio\/produto\/juncao-te-para-esgoto-branco-40mm-tigre\/","title":{"rendered":"Jun\u00e7\u00e3o T\u00ea para Esgoto Branco 40mm Tigre"},"content":{"rendered":"<p>A Jun\u00e7\u00e3o T\u00ea para Esgoto Tigre \u00e9 produzida em PVC branco com bitola de 40 mm e 1\/2? e \u00e9 usada para sistemas de esgoto, possuindo alta durabilidade e precis\u00e3o. Perfeito para condu\u00e7\u00e3o de \u00e1gua de sanit\u00e1rios, mict\u00f3rios, esgotos prediais e ventila\u00e7\u00e3o.<\/p>\n","protected":false},"excerpt":{"rendered":"<h4 style=\"margin: 0px;padding: 0px 0px 16px;font-family: Lato, sans-serif;font-weight: bold;line-height: 3rem;color: var(--dark-grey3);font-size: 22px;font-style: normal;letter-spacing: normal;text-align: start;text-indent: 0px;text-transform: none\">Informa\u00e7\u00f5es t\u00e9cnicas<\/h4>\n<p><span style=\"margin: 0px;padding: 0px;font-weight: 450;font-size: 14px;line-height: 21px;color: var(--dark-grey2);font-family: Lato, sans-serif;font-style: normal;letter-spacing: normal;text-align: start;text-indent: 0px;text-transform: none\">Produto: Jun\u00e7\u00e3o T\u00ea<br \/>\nMarca: Tigre<br \/>\nMaterial: PVC<br \/>\nCor: Branco<br \/>\nCaracter\u00edsticas: Normatizado pela NBR5688<br \/>\nItens inclusos: 1 Jun\u00e7\u00e3o T\u00ea<br \/>\nDi\u00e2metro do produto: 1.1\/2&#8243; (40mm)<br \/>\n<\/span><\/p>\n","protected":false},"featured_media":16147,"template":"","meta":{"_joinchat":[]},"product_brand":[],"product_cat":[73],"product_tag":[],"class_list":{"0":"post-16101","1":"product","2":"type-product","3":"status-publish","4":"has-post-thumbnail","6":"product_cat-tubos-e-conexoes","8":"first","9":"instock","10":"shipping-taxable","11":"purchasable","12":"product-type-simple"},"_links":{"self":[{"href":"https:\/\/www.multicasa.com.br\/inicio\/wp-json\/wp\/v2\/product\/16101","targetHints":{"allow":["GET"]}}],"collection":[{"href":"https:\/\/www.multicasa.com.br\/inicio\/wp-json\/wp\/v2\/product"}],"about":[{"href":"https:\/\/www.multicasa.com.br\/inicio\/wp-json\/wp\/v2\/types\/product"}],"wp:featuredmedia":[{"embeddable":true,"href":"https:\/\/www.multicasa.com.br\/inicio\/wp-json\/wp\/v2\/media\/16147"}],"wp:attachment":[{"href":"https:\/\/www.multicasa.com.br\/inicio\/wp-json\/wp\/v2\/media?parent=16101"}],"wp:term":[{"taxonomy":"product_brand","embeddable":true,"href":"https:\/\/www.multicasa.com.br\/inicio\/wp-json\/wp\/v2\/product_brand?post=16101"},{"taxonomy":"product_cat","embeddable":true,"href":"https:\/\/www.multicasa.com.br\/inicio\/wp-json\/wp\/v2\/product_cat?post=16101"},{"taxonomy":"product_tag","embeddable":true,"href":"https:\/\/www.multicasa.com.br\/inicio\/wp-json\/wp\/v2\/product_tag?post=16101"}],"curies":[{"name":"wp","href":"https:\/\/api.w.org\/{rel}","templated":true}]}}