{"id":16103,"date":"2025-06-20T19:05:22","date_gmt":"2025-06-20T23:05:22","guid":{"rendered":"https:\/\/www.multicasa.com.br\/inicio\/?post_type=product&#038;p=16103"},"modified":"2026-04-29T14:00:14","modified_gmt":"2026-04-29T18:00:14","slug":"juncao-te-soldavel-marrom-20mm-tigre","status":"publish","type":"product","link":"https:\/\/www.multicasa.com.br\/inicio\/produto\/juncao-te-soldavel-marrom-20mm-tigre\/","title":{"rendered":"Jun\u00e7\u00e3o T\u00ea Sold\u00e1vel Marrom 20mm Tigre"},"content":{"rendered":"<p>A Jun\u00e7\u00e3o T\u00ea Sold\u00e1vel Tigre tem como fun\u00e7\u00e3o fazer a transi\u00e7\u00e3o entre tubula\u00e7\u00f5es pl\u00e1sticas e pe\u00e7as met\u00e1licas. Produzida em PVC marrom com bitola de 20 mm com 1\/2?, suporta at\u00e9 20\u00b0C de temperatura. Instala\u00e7\u00e3o r\u00e1pida e f\u00e1cil manuseio.<\/p>\n","protected":false},"excerpt":{"rendered":"<h4 style=\"margin: 0px;padding: 0px 0px 16px;font-family: Lato, sans-serif;font-weight: bold;line-height: 3rem;color: var(--dark-grey3);font-size: 22px;font-style: normal;letter-spacing: normal;text-align: start;text-indent: 0px;text-transform: none\">Informa\u00e7\u00f5es t\u00e9cnicas<\/h4>\n<p><span style=\"margin: 0px;padding: 0px;font-weight: 450;font-size: 14px;line-height: 21px;color: var(--dark-grey2);font-family: Lato, sans-serif;font-style: normal;letter-spacing: normal;text-align: start;text-indent: 0px;text-transform: none\">Produto: Jun\u00e7\u00e3o T\u00ea<br \/>\nMarca: Tigre<br \/>\nMaterial: PVC<br \/>\nCor: Marrom<br \/>\nCaracter\u00edsticas: Sold\u00e1vel<br \/>\nTemperatura m\u00e1xima de trabalho 20\u00b0C<br \/>\nNormatizado pela NBR5648<br \/>\nItens inclusos: 1 Jun\u00e7\u00e3o T\u00ea<br \/>\nDi\u00e2metro do produto: 1\/2&#8243; (20mm)<br \/>\n<\/span><\/p>\n","protected":false},"featured_media":16149,"template":"","meta":{"_joinchat":[]},"product_brand":[],"product_cat":[73],"product_tag":[],"class_list":{"0":"post-16103","1":"product","2":"type-product","3":"status-publish","4":"has-post-thumbnail","6":"product_cat-tubos-e-conexoes","8":"first","9":"instock","10":"shipping-taxable","11":"purchasable","12":"product-type-simple"},"_links":{"self":[{"href":"https:\/\/www.multicasa.com.br\/inicio\/wp-json\/wp\/v2\/product\/16103","targetHints":{"allow":["GET"]}}],"collection":[{"href":"https:\/\/www.multicasa.com.br\/inicio\/wp-json\/wp\/v2\/product"}],"about":[{"href":"https:\/\/www.multicasa.com.br\/inicio\/wp-json\/wp\/v2\/types\/product"}],"wp:featuredmedia":[{"embeddable":true,"href":"https:\/\/www.multicasa.com.br\/inicio\/wp-json\/wp\/v2\/media\/16149"}],"wp:attachment":[{"href":"https:\/\/www.multicasa.com.br\/inicio\/wp-json\/wp\/v2\/media?parent=16103"}],"wp:term":[{"taxonomy":"product_brand","embeddable":true,"href":"https:\/\/www.multicasa.com.br\/inicio\/wp-json\/wp\/v2\/product_brand?post=16103"},{"taxonomy":"product_cat","embeddable":true,"href":"https:\/\/www.multicasa.com.br\/inicio\/wp-json\/wp\/v2\/product_cat?post=16103"},{"taxonomy":"product_tag","embeddable":true,"href":"https:\/\/www.multicasa.com.br\/inicio\/wp-json\/wp\/v2\/product_tag?post=16103"}],"curies":[{"name":"wp","href":"https:\/\/api.w.org\/{rel}","templated":true}]}}