{"id":16104,"date":"2025-06-20T19:05:22","date_gmt":"2025-06-20T23:05:22","guid":{"rendered":"https:\/\/www.multicasa.com.br\/inicio\/?post_type=product&#038;p=16104"},"modified":"2025-06-20T19:06:10","modified_gmt":"2025-06-20T23:06:10","slug":"tesoura-para-cabelo-em-aco-inox-com-descanso-tramontina","status":"publish","type":"product","link":"https:\/\/www.multicasa.com.br\/inicio\/produto\/tesoura-para-cabelo-em-aco-inox-com-descanso-tramontina\/","title":{"rendered":"Tesoura para Cabelo em A\u00e7o Inox com Descanso Tramontina"},"content":{"rendered":"<p>Fa\u00e7a os cortes de cabelo que voc\u00ea desejar com perfei\u00e7\u00e3o usando a tesoura para cabelo em a\u00e7o inox da Tramontina. Ideal para uso profissional, a tesoura tem cabo de pl\u00e1stico preto, descanso 7 e l\u00e2mina de 9,5 cm. Tem maior durabilidade do fio por causa do tratamento t\u00e9rmico que recebe e longa resist\u00eancia.<\/p>\n","protected":false},"excerpt":{"rendered":"<h4 style=\"margin: 0px;padding: 0px 0px 16px;font-family: Lato, sans-serif;font-weight: bold;line-height: 3rem;color: var(--dark-grey3);font-size: 22px;font-style: normal;letter-spacing: normal;text-align: start;text-indent: 0px;text-transform: none\">Informa\u00e7\u00f5es t\u00e9cnicas<\/h4>\n<p><span style=\"margin: 0px;padding: 0px;font-weight: 450;font-size: 14px;line-height: 21px;color: var(--dark-grey2);font-family: Lato, sans-serif;font-style: normal;letter-spacing: normal;text-align: start;text-indent: 0px;text-transform: none\">Produto: Tesoura<br \/>\nMarca: Tramontina<br \/>\nMaterial: Polipropileno<br \/>\nA\u00e7o Inox<br \/>\nCor: Preto, prata<br \/>\nCaracter\u00edsticas: Tesoura para cabeleireiro com descanso 7<br \/>\nTratamento t\u00e9rmico<br \/>\nItens inclusos: 1 tesoura<br \/>\nDimens\u00f5es do produto (L): L\u00e2mina &#8211; 9,5cm<br \/>\nCorpo &#8211; 19cm<\/p>\n<p><\/span><\/p>\n","protected":false},"featured_media":16166,"template":"","meta":{"_joinchat":[]},"product_brand":[],"product_cat":[137],"product_tag":[],"class_list":{"0":"post-16104","1":"product","2":"type-product","3":"status-publish","4":"has-post-thumbnail","6":"product_cat-ferramentas-manuais","8":"first","9":"outofstock","10":"shipping-taxable","11":"product-type-simple"},"_links":{"self":[{"href":"https:\/\/www.multicasa.com.br\/inicio\/wp-json\/wp\/v2\/product\/16104","targetHints":{"allow":["GET"]}}],"collection":[{"href":"https:\/\/www.multicasa.com.br\/inicio\/wp-json\/wp\/v2\/product"}],"about":[{"href":"https:\/\/www.multicasa.com.br\/inicio\/wp-json\/wp\/v2\/types\/product"}],"wp:featuredmedia":[{"embeddable":true,"href":"https:\/\/www.multicasa.com.br\/inicio\/wp-json\/wp\/v2\/media\/16166"}],"wp:attachment":[{"href":"https:\/\/www.multicasa.com.br\/inicio\/wp-json\/wp\/v2\/media?parent=16104"}],"wp:term":[{"taxonomy":"product_brand","embeddable":true,"href":"https:\/\/www.multicasa.com.br\/inicio\/wp-json\/wp\/v2\/product_brand?post=16104"},{"taxonomy":"product_cat","embeddable":true,"href":"https:\/\/www.multicasa.com.br\/inicio\/wp-json\/wp\/v2\/product_cat?post=16104"},{"taxonomy":"product_tag","embeddable":true,"href":"https:\/\/www.multicasa.com.br\/inicio\/wp-json\/wp\/v2\/product_tag?post=16104"}],"curies":[{"name":"wp","href":"https:\/\/api.w.org\/{rel}","templated":true}]}}