{"id":16122,"date":"2025-06-20T19:05:44","date_gmt":"2025-06-20T23:05:44","guid":{"rendered":"https:\/\/www.multicasa.com.br\/inicio\/?post_type=product&#038;p=16122"},"modified":"2026-04-17T10:30:10","modified_gmt":"2026-04-17T14:30:10","slug":"varal-de-teto-em-aco-maxeb-120m","status":"publish","type":"product","link":"https:\/\/www.multicasa.com.br\/inicio\/produto\/varal-de-teto-em-aco-maxeb-120m\/","title":{"rendered":"Varal de Teto em A\u00e7o Maxeb 1,20m"},"content":{"rendered":"<p>Varal de Teto Maxeb com 1,20m e estrutura em tubo de a\u00e7o com acabamento em pintura ep\u00f3xi a p\u00f3 branca e pe\u00e7as pl\u00e1sticas em polipropileno, material super resistente que comporta aproximadamente 6,99m de roupas. O varal de teto vem com uma corda para que voc\u00ea perdure suas roupas e possa regular a altura, extremamente resistentes, s\u00e3o indicados principalmente para apartamentos e regi\u00f5es litor\u00e2neas.<\/p>\n","protected":false},"excerpt":{"rendered":"<h4 style=\"margin: 0px;padding: 0px 0px 16px;font-family: Lato, sans-serif;font-weight: bold;line-height: 3rem;color: var(--dark-grey3);font-size: 22px;font-style: normal;letter-spacing: normal;text-align: start;text-indent: 0px;text-transform: none\">Informa\u00e7\u00f5es t\u00e9cnicas<\/h4>\n<p><span style=\"margin: 0px;padding: 0px;font-weight: 450;font-size: 14px;line-height: 21px;color: var(--dark-grey2);font-family: Lato, sans-serif;font-style: normal;letter-spacing: normal;text-align: start;text-indent: 0px;text-transform: none\">Produto: Varal de teto<br \/>\nMarca: Maxeb<br \/>\nMaterial: A\u00e7o<br \/>\nPl\u00e1stico<br \/>\nAcabamento: Pintura ep\u00f3xi<br \/>\nCor: Branco e laranja<br \/>\nCaracter\u00edsticas: Capacidade para 6,99m de roupas<br \/>\nAcompanha uma corda para regular a altura<br \/>\nItens Inclusoss: 1 varal de teto<br \/>\nDimens\u00f5es do produto (A X L ): 120 x 56cm<br \/>\n<\/span><\/p>\n","protected":false},"featured_media":16168,"template":"","meta":{"_joinchat":[]},"product_brand":[],"product_cat":[95],"product_tag":[],"class_list":{"0":"post-16122","1":"product","2":"type-product","3":"status-publish","4":"has-post-thumbnail","6":"product_cat-lavanderia","8":"first","9":"outofstock","10":"shipping-taxable","11":"purchasable","12":"product-type-simple"},"_links":{"self":[{"href":"https:\/\/www.multicasa.com.br\/inicio\/wp-json\/wp\/v2\/product\/16122","targetHints":{"allow":["GET"]}}],"collection":[{"href":"https:\/\/www.multicasa.com.br\/inicio\/wp-json\/wp\/v2\/product"}],"about":[{"href":"https:\/\/www.multicasa.com.br\/inicio\/wp-json\/wp\/v2\/types\/product"}],"wp:featuredmedia":[{"embeddable":true,"href":"https:\/\/www.multicasa.com.br\/inicio\/wp-json\/wp\/v2\/media\/16168"}],"wp:attachment":[{"href":"https:\/\/www.multicasa.com.br\/inicio\/wp-json\/wp\/v2\/media?parent=16122"}],"wp:term":[{"taxonomy":"product_brand","embeddable":true,"href":"https:\/\/www.multicasa.com.br\/inicio\/wp-json\/wp\/v2\/product_brand?post=16122"},{"taxonomy":"product_cat","embeddable":true,"href":"https:\/\/www.multicasa.com.br\/inicio\/wp-json\/wp\/v2\/product_cat?post=16122"},{"taxonomy":"product_tag","embeddable":true,"href":"https:\/\/www.multicasa.com.br\/inicio\/wp-json\/wp\/v2\/product_tag?post=16122"}],"curies":[{"name":"wp","href":"https:\/\/api.w.org\/{rel}","templated":true}]}}