{"id":16126,"date":"2025-06-20T19:05:44","date_gmt":"2025-06-20T23:05:44","guid":{"rendered":"https:\/\/www.multicasa.com.br\/inicio\/?post_type=product&#038;p=16126"},"modified":"2025-12-16T18:20:06","modified_gmt":"2025-12-16T22:20:06","slug":"bucha-toggler-com-parafuso-3-16-bemfixa","status":"publish","type":"product","link":"https:\/\/www.multicasa.com.br\/inicio\/produto\/bucha-toggler-com-parafuso-3-16-bemfixa\/","title":{"rendered":"Bucha Toggler com Parafuso 3\/16 Bemfixa"},"content":{"rendered":"<p>A bucha toggler com parafuso 3\/16?? Bemfixa \u00e9 ideal para instala\u00e7\u00e3o de arm\u00e1rios, ventiladores, suportes para microondas e aparelhos de \u00e1udio e v\u00eddeo. A embalagem \u00e9 composra por 2 parafusos 3\/16?? e 2 buchas de 12 mm que podem ser utilizados em placas de drywall 12 mm com tra\u00e7\u00e3o de 15kg e flex\u00e3o de 32kg. Para blocos de concreto, aplique tra\u00e7\u00e3o de 65kg e flex\u00e3o de 74kg.<\/p>\n","protected":false},"excerpt":{"rendered":"<h4 style=\"margin: 0px;padding: 0px 0px 16px;font-family: Lato, sans-serif;font-weight: bold;line-height: 3rem;color: var(--dark-grey3);font-size: 22px;font-style: normal;letter-spacing: normal;text-align: start;text-indent: 0px;text-transform: none\">Informa\u00e7\u00f5es t\u00e9cnicas<\/h4>\n<p><span style=\"margin: 0px;padding: 0px;font-weight: 450;font-size: 14px;line-height: 21px;color: var(--dark-grey2);font-family: Lato, sans-serif;font-style: normal;letter-spacing: normal;text-align: start;text-indent: 0px;text-transform: none\">Produto: Bucha com parafuso<br \/>\nMarca: Bemfixa<br \/>\nCor: Branca, prata<br \/>\nCaracter\u00edsticas: Carga recomendada em placa de drywall de 12mm -Tra\u00e7\u00e3o de 15kg \/ Flex\u00e3o de 32kg<br \/>\nCarga recomendada em concreto -Tra\u00e7\u00e3o de 65kg \/ Flex\u00e3o de 74kg<br \/>\nQuantidade de pe\u00e7as: 4<br \/>\nItens inclusos: 2 Bucha<br \/>\n2 parafuso<br \/>\nDimens\u00f5es do produto em polegadas: Parafuso &#8211; 3\/16&#8243;<br \/>\nDi\u00e2metro do produto: Bucha &#8211; 12mm<br \/>\n<\/span><\/p>\n","protected":false},"featured_media":16173,"template":"","meta":{"_joinchat":[]},"product_brand":[],"product_cat":[135],"product_tag":[],"class_list":{"0":"post-16126","1":"product","2":"type-product","3":"status-publish","4":"has-post-thumbnail","6":"product_cat-parafusos-e-buchas","8":"first","9":"outofstock","10":"shipping-taxable","11":"purchasable","12":"product-type-simple"},"_links":{"self":[{"href":"https:\/\/www.multicasa.com.br\/inicio\/wp-json\/wp\/v2\/product\/16126","targetHints":{"allow":["GET"]}}],"collection":[{"href":"https:\/\/www.multicasa.com.br\/inicio\/wp-json\/wp\/v2\/product"}],"about":[{"href":"https:\/\/www.multicasa.com.br\/inicio\/wp-json\/wp\/v2\/types\/product"}],"wp:featuredmedia":[{"embeddable":true,"href":"https:\/\/www.multicasa.com.br\/inicio\/wp-json\/wp\/v2\/media\/16173"}],"wp:attachment":[{"href":"https:\/\/www.multicasa.com.br\/inicio\/wp-json\/wp\/v2\/media?parent=16126"}],"wp:term":[{"taxonomy":"product_brand","embeddable":true,"href":"https:\/\/www.multicasa.com.br\/inicio\/wp-json\/wp\/v2\/product_brand?post=16126"},{"taxonomy":"product_cat","embeddable":true,"href":"https:\/\/www.multicasa.com.br\/inicio\/wp-json\/wp\/v2\/product_cat?post=16126"},{"taxonomy":"product_tag","embeddable":true,"href":"https:\/\/www.multicasa.com.br\/inicio\/wp-json\/wp\/v2\/product_tag?post=16126"}],"curies":[{"name":"wp","href":"https:\/\/api.w.org\/{rel}","templated":true}]}}