{"id":16150,"date":"2025-06-20T19:06:06","date_gmt":"2025-06-20T23:06:06","guid":{"rendered":"https:\/\/www.multicasa.com.br\/inicio\/?post_type=product&#038;p=16150"},"modified":"2026-01-05T15:50:30","modified_gmt":"2026-01-05T19:50:30","slug":"prateleira-de-vidro-retangular-bemfixa-40x15cm","status":"publish","type":"product","link":"https:\/\/www.multicasa.com.br\/inicio\/produto\/prateleira-de-vidro-retangular-bemfixa-40x15cm\/","title":{"rendered":"Prateleira de Vidro Retangular Bemfixa 40x15cm"},"content":{"rendered":"<p>A Prateleira Bemfixa \u00e9 ideal para organizar e decorar sua casa. Produzida em vidro retangular com aproximadamente 40x15cm pode ser usada em v\u00e1rios ambientes como: sala, quarto, banheiro, cozinha, entre outros. Suporta at\u00e9 4kg e acompanha suporte de metal, parafusos e buchas para instala\u00e7\u00e3o.<\/p>\n","protected":false},"excerpt":{"rendered":"<h4 style=\"margin: 0px;padding: 0px 0px 16px;font-family: Lato, sans-serif;font-weight: bold;line-height: 3rem;color: var(--dark-grey3);font-size: 22px;font-style: normal;letter-spacing: normal;text-align: start;text-indent: 0px;text-transform: none\">Informa\u00e7\u00f5es t\u00e9cnicas<\/h4>\n<p><span style=\"margin: 0px;padding: 0px;font-weight: 450;font-size: 14px;line-height: 21px;color: var(--dark-grey2);font-family: Lato, sans-serif;font-style: normal;letter-spacing: normal;text-align: start;text-indent: 0px;text-transform: none\">Produto: Prateleira<br \/>\nMarca: Bemfixa<br \/>\nMaterial: Vidro<br \/>\nCor: Incolor<br \/>\nCaracter\u00edsticas: Suporta at\u00e9 4kg<br \/>\nQuantidade de itens: 7<br \/>\nItens Inclusos: 1 Prateleira de vidro<br \/>\n2 Suportes de metal<br \/>\n2 Parafusos inox<br \/>\n2 Buchas<br \/>\nEspessura: 8mm<br \/>\nDimens\u00f5es do produto (A x L x P): 40 x 15cm<\/span><\/p>\n","protected":false},"featured_media":16198,"template":"","meta":{"_joinchat":[]},"product_brand":[],"product_cat":[146],"product_tag":[],"class_list":{"0":"post-16150","1":"product","2":"type-product","3":"status-publish","4":"has-post-thumbnail","6":"product_cat-prateleiras-e-cia","8":"first","9":"outofstock","10":"shipping-taxable","11":"purchasable","12":"product-type-simple"},"_links":{"self":[{"href":"https:\/\/www.multicasa.com.br\/inicio\/wp-json\/wp\/v2\/product\/16150","targetHints":{"allow":["GET"]}}],"collection":[{"href":"https:\/\/www.multicasa.com.br\/inicio\/wp-json\/wp\/v2\/product"}],"about":[{"href":"https:\/\/www.multicasa.com.br\/inicio\/wp-json\/wp\/v2\/types\/product"}],"wp:featuredmedia":[{"embeddable":true,"href":"https:\/\/www.multicasa.com.br\/inicio\/wp-json\/wp\/v2\/media\/16198"}],"wp:attachment":[{"href":"https:\/\/www.multicasa.com.br\/inicio\/wp-json\/wp\/v2\/media?parent=16150"}],"wp:term":[{"taxonomy":"product_brand","embeddable":true,"href":"https:\/\/www.multicasa.com.br\/inicio\/wp-json\/wp\/v2\/product_brand?post=16150"},{"taxonomy":"product_cat","embeddable":true,"href":"https:\/\/www.multicasa.com.br\/inicio\/wp-json\/wp\/v2\/product_cat?post=16150"},{"taxonomy":"product_tag","embeddable":true,"href":"https:\/\/www.multicasa.com.br\/inicio\/wp-json\/wp\/v2\/product_tag?post=16150"}],"curies":[{"name":"wp","href":"https:\/\/api.w.org\/{rel}","templated":true}]}}