{"id":16151,"date":"2025-06-20T19:06:06","date_gmt":"2025-06-20T23:06:06","guid":{"rendered":"https:\/\/www.multicasa.com.br\/inicio\/?post_type=product&#038;p=16151"},"modified":"2025-11-03T14:33:58","modified_gmt":"2025-11-03T18:33:58","slug":"refil-gas-butano-para-isqueiro-e-macarico-dom-line","status":"publish","type":"product","link":"https:\/\/www.multicasa.com.br\/inicio\/produto\/refil-gas-butano-para-isqueiro-e-macarico-dom-line\/","title":{"rendered":"Refil G\u00e1s Butano para Isqueiro e Ma\u00e7arico Dom Line"},"content":{"rendered":"<p>O Refil G\u00e1s Butano para Isqueiro e Ma\u00e7arico Dom Line \u00e9 ideal para recarga de ma\u00e7aricos de todos os tipos, inclusive os de uso culin\u00e1rio e isqueiros recarreg\u00e1veis. Sua composi\u00e7\u00e3o \u00e9 formada por g\u00e1s butano e propano, com 300ml. Possui 5 bicos universais acoplados a tampa para melhor atender a recarga. Produto inflam\u00e1vel.<\/p>\n","protected":false},"excerpt":{"rendered":"<h4 style=\"margin: 0px;padding: 0px 0px 16px;font-family: Lato, sans-serif;font-weight: bold;line-height: 3rem;color: var(--dark-grey3);font-size: 22px;font-style: normal;letter-spacing: normal;text-align: start;text-indent: 0px;text-transform: none\">Informa\u00e7\u00f5es t\u00e9cnicas<\/h4>\n<p><span style=\"margin: 0px;padding: 0px;font-weight: 450;font-size: 14px;line-height: 21px;color: var(--dark-grey2);font-family: Lato, sans-serif;font-style: normal;letter-spacing: normal;text-align: start;text-indent: 0px;text-transform: none\">Produto: G\u00e1s butano<br \/>\nMarca: Dom Line<br \/>\nComposi\u00e7\u00e3o: G\u00e1s Butano e Propano<br \/>\nConte\u00fado: 300ml<br \/>\nCaracter\u00edsticas: Produto inflam\u00e1vel<br \/>\nRecarga de ma\u00e7aricos<br \/>\nQuantidade de pe\u00e7as: 6<br \/>\nItens inclusos: 1 G\u00e1s butano<br \/>\n5 bicos<br \/>\nDimens\u00f5es do produto (A X L X P): 24 x 5cm<br \/>\n<\/span><\/p>\n","protected":false},"featured_media":16200,"template":"","meta":{"_joinchat":[]},"product_brand":[],"product_cat":[94],"product_tag":[],"class_list":{"0":"post-16151","1":"product","2":"type-product","3":"status-publish","4":"has-post-thumbnail","6":"product_cat-gas","8":"first","9":"outofstock","10":"shipping-taxable","11":"purchasable","12":"product-type-simple"},"_links":{"self":[{"href":"https:\/\/www.multicasa.com.br\/inicio\/wp-json\/wp\/v2\/product\/16151","targetHints":{"allow":["GET"]}}],"collection":[{"href":"https:\/\/www.multicasa.com.br\/inicio\/wp-json\/wp\/v2\/product"}],"about":[{"href":"https:\/\/www.multicasa.com.br\/inicio\/wp-json\/wp\/v2\/types\/product"}],"wp:featuredmedia":[{"embeddable":true,"href":"https:\/\/www.multicasa.com.br\/inicio\/wp-json\/wp\/v2\/media\/16200"}],"wp:attachment":[{"href":"https:\/\/www.multicasa.com.br\/inicio\/wp-json\/wp\/v2\/media?parent=16151"}],"wp:term":[{"taxonomy":"product_brand","embeddable":true,"href":"https:\/\/www.multicasa.com.br\/inicio\/wp-json\/wp\/v2\/product_brand?post=16151"},{"taxonomy":"product_cat","embeddable":true,"href":"https:\/\/www.multicasa.com.br\/inicio\/wp-json\/wp\/v2\/product_cat?post=16151"},{"taxonomy":"product_tag","embeddable":true,"href":"https:\/\/www.multicasa.com.br\/inicio\/wp-json\/wp\/v2\/product_tag?post=16151"}],"curies":[{"name":"wp","href":"https:\/\/api.w.org\/{rel}","templated":true}]}}