{"id":16154,"date":"2025-06-20T19:06:07","date_gmt":"2025-06-20T23:06:07","guid":{"rendered":"https:\/\/www.multicasa.com.br\/inicio\/?post_type=product&#038;p=16154"},"modified":"2025-08-18T00:05:42","modified_gmt":"2025-08-18T04:05:42","slug":"super-pano-de-chao-scotch-brite-roxo-3m","status":"publish","type":"product","link":"https:\/\/www.multicasa.com.br\/inicio\/produto\/super-pano-de-chao-scotch-brite-roxo-3m\/","title":{"rendered":"Super Pano de Ch\u00e3o Scotch Brite Roxo 3M"},"content":{"rendered":"<p>O Super Pano de Ch\u00e3o Scotch Brite da 3M seca mais do que os panos comuns, \u00e9 super macio e f\u00e1cil de torcer. Especial para pisos delicados, possui alto poder de Absor\u00e7\u00e3o, facilitando na limpeza pesada de diversas superficies. Ao enxugar, revela o brilho dos m\u00f3veis e objetos. Ideal para ser utilizado em pisos, portas, janelas e etc. Dispon\u00edvel na cor roxa, mede 49 x 59 cm e pode ser lavado na m\u00e1quina normalmente.<\/p>\n","protected":false},"excerpt":{"rendered":"<h4 style=\"margin: 0px;padding: 0px 0px 16px;font-family: Lato, sans-serif;font-weight: bold;line-height: 3rem;color: var(--dark-grey3);font-size: 22px;font-style: normal;letter-spacing: normal;text-align: start;text-indent: 0px;text-transform: none\">Informa\u00e7\u00f5es t\u00e9cnicas<\/h4>\n<p><span style=\"margin: 0px;padding: 0px;font-weight: 450;font-size: 14px;line-height: 21px;color: var(--dark-grey2);font-family: Lato, sans-serif;font-style: normal;letter-spacing: normal;text-align: start;text-indent: 0px;text-transform: none\"><br \/>\nProduto: Pano de ch\u00e3o<br \/>\nMarca: 3M<br \/>\nMaterial: 85% Poli\u00e9ster<br \/>\n15% Poliamida<br \/>\nCor: Roxo<br \/>\nCaracter\u00edsticas: Limpa<br \/>\nEnxuga<br \/>\nM\u00e1xima absor\u00e7\u00e3o<br \/>\nPode ser lavada na m\u00e1quina<br \/>\nItens Inclusos: 1 pano de ch\u00e3o<br \/>\nDimens\u00f5es do produto (A X L): 49 x 59cm<\/span><\/p>\n","protected":false},"featured_media":16207,"template":"","meta":{"_joinchat":[]},"product_brand":[],"product_cat":[96],"product_tag":[],"class_list":{"0":"post-16154","1":"product","2":"type-product","3":"status-publish","4":"has-post-thumbnail","6":"product_cat-limpeza-e-cia","8":"first","9":"outofstock","10":"shipping-taxable","11":"purchasable","12":"product-type-simple"},"_links":{"self":[{"href":"https:\/\/www.multicasa.com.br\/inicio\/wp-json\/wp\/v2\/product\/16154","targetHints":{"allow":["GET"]}}],"collection":[{"href":"https:\/\/www.multicasa.com.br\/inicio\/wp-json\/wp\/v2\/product"}],"about":[{"href":"https:\/\/www.multicasa.com.br\/inicio\/wp-json\/wp\/v2\/types\/product"}],"wp:featuredmedia":[{"embeddable":true,"href":"https:\/\/www.multicasa.com.br\/inicio\/wp-json\/wp\/v2\/media\/16207"}],"wp:attachment":[{"href":"https:\/\/www.multicasa.com.br\/inicio\/wp-json\/wp\/v2\/media?parent=16154"}],"wp:term":[{"taxonomy":"product_brand","embeddable":true,"href":"https:\/\/www.multicasa.com.br\/inicio\/wp-json\/wp\/v2\/product_brand?post=16154"},{"taxonomy":"product_cat","embeddable":true,"href":"https:\/\/www.multicasa.com.br\/inicio\/wp-json\/wp\/v2\/product_cat?post=16154"},{"taxonomy":"product_tag","embeddable":true,"href":"https:\/\/www.multicasa.com.br\/inicio\/wp-json\/wp\/v2\/product_tag?post=16154"}],"curies":[{"name":"wp","href":"https:\/\/api.w.org\/{rel}","templated":true}]}}