{"id":16158,"date":"2025-06-20T19:06:07","date_gmt":"2025-06-20T23:06:07","guid":{"rendered":"https:\/\/www.multicasa.com.br\/inicio\/?post_type=product&#038;p=16158"},"modified":"2026-04-20T11:21:22","modified_gmt":"2026-04-20T15:21:22","slug":"desentupidor-de-pia-novica-bettanin","status":"publish","type":"product","link":"https:\/\/www.multicasa.com.br\/inicio\/produto\/desentupidor-de-pia-novica-bettanin\/","title":{"rendered":"Desentupidor de Pia Novi\u00e7a Bettanin"},"content":{"rendered":"<p>Use o Desentupidor de Pia da linha Novi\u00e7a da Bettanin para desobstruir encanamentos. Seu alto poder de suc\u00e7\u00e3o ajuda na hora dos imprevistos e soluciona com efici\u00eancia e rapidez. Possui design inovador e ergon\u00f4mico que facilita o manuseio. Ideal para deixar na sua lavanderia e t\u00ea-lo sempre \u00e0 m\u00e3o quando necess\u00e1rio.<\/p>\n","protected":false},"excerpt":{"rendered":"<h4 style=\"margin: 0px;padding: 0px 0px 16px;font-family: Lato, sans-serif;font-weight: bold;line-height: 3rem;color: var(--dark-grey3);font-size: 22px;font-style: normal;letter-spacing: normal;text-align: start;text-indent: 0px;text-transform: none\">Informa\u00e7\u00f5es t\u00e9cnicas<\/h4>\n<p><span style=\"margin: 0px;padding: 0px;font-weight: 450;font-size: 14px;line-height: 21px;color: var(--dark-grey2);font-family: Lato, sans-serif;font-style: normal;letter-spacing: normal;text-align: start;text-indent: 0px;text-transform: none\">Produto: Desentupidor de Pia<br \/>\nMarca: Bettanin<br \/>\nMaterial: Borracha<br \/>\nGoma de pvc<br \/>\nCor: Sortido<br \/>\nItens Inclusos: 1 Desentupidor de pia<br \/>\nDimens\u00f5es do produto (A x L): 19 x 11,4cm<\/p>\n<p><\/span><\/p>\n","protected":false},"featured_media":16221,"template":"","meta":{"_joinchat":[]},"product_brand":[],"product_cat":[96],"product_tag":[],"class_list":{"0":"post-16158","1":"product","2":"type-product","3":"status-publish","4":"has-post-thumbnail","6":"product_cat-limpeza-e-cia","8":"first","9":"instock","10":"shipping-taxable","11":"purchasable","12":"product-type-simple"},"_links":{"self":[{"href":"https:\/\/www.multicasa.com.br\/inicio\/wp-json\/wp\/v2\/product\/16158","targetHints":{"allow":["GET"]}}],"collection":[{"href":"https:\/\/www.multicasa.com.br\/inicio\/wp-json\/wp\/v2\/product"}],"about":[{"href":"https:\/\/www.multicasa.com.br\/inicio\/wp-json\/wp\/v2\/types\/product"}],"wp:featuredmedia":[{"embeddable":true,"href":"https:\/\/www.multicasa.com.br\/inicio\/wp-json\/wp\/v2\/media\/16221"}],"wp:attachment":[{"href":"https:\/\/www.multicasa.com.br\/inicio\/wp-json\/wp\/v2\/media?parent=16158"}],"wp:term":[{"taxonomy":"product_brand","embeddable":true,"href":"https:\/\/www.multicasa.com.br\/inicio\/wp-json\/wp\/v2\/product_brand?post=16158"},{"taxonomy":"product_cat","embeddable":true,"href":"https:\/\/www.multicasa.com.br\/inicio\/wp-json\/wp\/v2\/product_cat?post=16158"},{"taxonomy":"product_tag","embeddable":true,"href":"https:\/\/www.multicasa.com.br\/inicio\/wp-json\/wp\/v2\/product_tag?post=16158"}],"curies":[{"name":"wp","href":"https:\/\/api.w.org\/{rel}","templated":true}]}}