{"id":16162,"date":"2025-06-20T19:06:08","date_gmt":"2025-06-20T23:06:08","guid":{"rendered":"https:\/\/www.multicasa.com.br\/inicio\/?post_type=product&#038;p=16162"},"modified":"2025-08-17T18:57:50","modified_gmt":"2025-08-17T22:57:50","slug":"umidificador-de-ar-digital-branco-bivolt-elgin-2l","status":"publish","type":"product","link":"https:\/\/www.multicasa.com.br\/inicio\/produto\/umidificador-de-ar-digital-branco-bivolt-elgin-2l\/","title":{"rendered":"Umidificador de Ar Digital Branco Bivolt Elgin 2L"},"content":{"rendered":"<p>Moderno e diferenciado, o umidificador de ar digital bivolt da Elgin tem design compacto, ocupando pouco espa\u00e7o nos ambientes. F\u00e1cil de manusear, tem 3 n\u00edveis de intensidade que s\u00e3o indicados por luz de funcionamento que tamb\u00e9m alerta para quantidade de \u00e1gua. Com tecnologia ultrass\u00f4nica, quebra mol\u00e9cula de \u00e1gua atrav\u00e9s de vibra\u00e7\u00f5es, transforando-as em n\u00e9voa. O seu umidificador de ar branco purifica o ar, tem capacidade para 2 litros de \u00e1gua e pode ser utilizado em locais com at\u00e9 20m\u00b2.<\/p>\n","protected":false},"excerpt":{"rendered":"<h4 style=\"margin: 0px;padding: 0px 0px 16px;font-family: Lato, sans-serif;font-weight: bold;line-height: 3rem;color: var(--dark-grey3);font-size: 22px;font-style: normal;letter-spacing: normal;text-align: start;text-indent: 0px;text-transform: none\">Informa\u00e7\u00f5es t\u00e9cnicas<\/h4>\n<p><span style=\"margin: 0px;padding: 0px;font-weight: 450;font-size: 14px;line-height: 21px;color: var(--dark-grey2);font-family: Lato, sans-serif;font-style: normal;letter-spacing: normal;text-align: start;text-indent: 0px;text-transform: none\">Produto: Umidificador de ar<br \/>\nMarca: Elgin<br \/>\nMaterial: Pl\u00e1stico Abs<br \/>\nCor: Branco<br \/>\nPot\u00eancia: 18w<br \/>\nTens\u00e3o el\u00e9trica: 127v &#8211; 220v<br \/>\nCapacidade: 2L<br \/>\nCaracter\u00edsticas: Autonomia de 10 horas<br \/>\nControle de intensidade de n\u00e9voa<br \/>\nVaz\u00e3o da n\u00e9voa de 200ml\/H<br \/>\nAbrang\u00eancia de at\u00e9 20m\u00b2<br \/>\nBot\u00e3o liga\/desliga<br \/>\nAviso de falta de \u00e1gua por luz vermelha<br \/>\nTecnologia ultrass\u00f4nica<br \/>\nItens inclusos: 1 Umidificador de ar<br \/>\nDimens\u00f5es do produto (A X L X P): 18 x 16 x 13cm<br \/>\nGarantia: 1 ano pelo fabricante<br \/>\nOCP: 0040<\/span><\/p>\n","protected":false},"featured_media":16228,"template":"","meta":{"_joinchat":[]},"product_brand":[],"product_cat":[100],"product_tag":[],"class_list":{"0":"post-16162","1":"product","2":"type-product","3":"status-publish","4":"has-post-thumbnail","6":"product_cat-eletros","8":"first","9":"outofstock","10":"shipping-taxable","11":"purchasable","12":"product-type-simple"},"_links":{"self":[{"href":"https:\/\/www.multicasa.com.br\/inicio\/wp-json\/wp\/v2\/product\/16162","targetHints":{"allow":["GET"]}}],"collection":[{"href":"https:\/\/www.multicasa.com.br\/inicio\/wp-json\/wp\/v2\/product"}],"about":[{"href":"https:\/\/www.multicasa.com.br\/inicio\/wp-json\/wp\/v2\/types\/product"}],"wp:featuredmedia":[{"embeddable":true,"href":"https:\/\/www.multicasa.com.br\/inicio\/wp-json\/wp\/v2\/media\/16228"}],"wp:attachment":[{"href":"https:\/\/www.multicasa.com.br\/inicio\/wp-json\/wp\/v2\/media?parent=16162"}],"wp:term":[{"taxonomy":"product_brand","embeddable":true,"href":"https:\/\/www.multicasa.com.br\/inicio\/wp-json\/wp\/v2\/product_brand?post=16162"},{"taxonomy":"product_cat","embeddable":true,"href":"https:\/\/www.multicasa.com.br\/inicio\/wp-json\/wp\/v2\/product_cat?post=16162"},{"taxonomy":"product_tag","embeddable":true,"href":"https:\/\/www.multicasa.com.br\/inicio\/wp-json\/wp\/v2\/product_tag?post=16162"}],"curies":[{"name":"wp","href":"https:\/\/api.w.org\/{rel}","templated":true}]}}