{"id":16188,"date":"2025-06-20T19:06:30","date_gmt":"2025-06-20T23:06:30","guid":{"rendered":"https:\/\/www.multicasa.com.br\/inicio\/?post_type=product&#038;p=16188"},"modified":"2025-08-18T00:05:09","modified_gmt":"2025-08-18T04:05:09","slug":"tubo-ext-universal-c-joelho-1-1-4x7-8-pt-blukit","status":"publish","type":"product","link":"https:\/\/www.multicasa.com.br\/inicio\/produto\/tubo-ext-universal-c-joelho-1-1-4x7-8-pt-blukit\/","title":{"rendered":"TUBO EXT. UNIVERSAL C\/ JOELHO 1.1\/4X7\/8 PT BLUKIT"},"content":{"rendered":"<p>O sif\u00e3o tubo extensivo universal Blukit \u00e9 a melhor op\u00e7\u00e3o para quem busca um produto vers\u00e1til e pr\u00e1tico para escoamento de \u00e1guas servidas dos ambientes. Fabricado em polipropileno, um tipo de pl\u00e1stico ultrarresistente que suporta extremas temperaturas da \u00e1gua, com acabamento branco, cinza ou cromado e interior antiaderente, o uso correto assegura um ambiente livre dos maus odores do esgoto.<\/p>\n","protected":false},"excerpt":{"rendered":"<h4 style=\"margin: 0px;padding: 0px 0px 16px;font-family: Lato, sans-serif;font-weight: bold;line-height: 3rem;color: var(--dark-grey3);font-size: 22px;font-style: normal;letter-spacing: normal;text-align: start;text-indent: 0px;text-transform: none\">Informa\u00e7\u00f5es t\u00e9cnicas<\/h4>\n<p><span style=\"margin: 0px;padding: 0px;font-weight: 450;font-size: 14px;line-height: 21px;color: var(--dark-grey2);font-family: Lato, sans-serif;font-style: normal;letter-spacing: normal;text-align: start;text-indent: 0px;text-transform: none\">&#8211; Material: Pl\u00e1sticos de Engenharia e Elast\u00f4meros<br \/>\n&#8211; Acabamento: Branco<br \/>\n&#8211; Comprimento: 320 mm (m\u00edn. )\/720 mm (m\u00e1x. )<br \/>\n&#8211; Di\u00e2metros de Sa\u00edda: DN38 x DN40 x DN48 x DN50<\/span><\/p>\n","protected":false},"featured_media":26181,"template":"","meta":{"_joinchat":[]},"product_brand":[],"product_cat":[67],"product_tag":[],"class_list":{"0":"post-16188","1":"product","2":"type-product","3":"status-publish","4":"has-post-thumbnail","6":"product_cat-torneiras-e-cia","8":"first","9":"instock","10":"shipping-taxable","11":"purchasable","12":"product-type-simple"},"_links":{"self":[{"href":"https:\/\/www.multicasa.com.br\/inicio\/wp-json\/wp\/v2\/product\/16188","targetHints":{"allow":["GET"]}}],"collection":[{"href":"https:\/\/www.multicasa.com.br\/inicio\/wp-json\/wp\/v2\/product"}],"about":[{"href":"https:\/\/www.multicasa.com.br\/inicio\/wp-json\/wp\/v2\/types\/product"}],"wp:featuredmedia":[{"embeddable":true,"href":"https:\/\/www.multicasa.com.br\/inicio\/wp-json\/wp\/v2\/media\/26181"}],"wp:attachment":[{"href":"https:\/\/www.multicasa.com.br\/inicio\/wp-json\/wp\/v2\/media?parent=16188"}],"wp:term":[{"taxonomy":"product_brand","embeddable":true,"href":"https:\/\/www.multicasa.com.br\/inicio\/wp-json\/wp\/v2\/product_brand?post=16188"},{"taxonomy":"product_cat","embeddable":true,"href":"https:\/\/www.multicasa.com.br\/inicio\/wp-json\/wp\/v2\/product_cat?post=16188"},{"taxonomy":"product_tag","embeddable":true,"href":"https:\/\/www.multicasa.com.br\/inicio\/wp-json\/wp\/v2\/product_tag?post=16188"}],"curies":[{"name":"wp","href":"https:\/\/api.w.org\/{rel}","templated":true}]}}