{"id":16189,"date":"2025-06-20T19:06:30","date_gmt":"2025-06-20T23:06:30","guid":{"rendered":"https:\/\/www.multicasa.com.br\/inicio\/?post_type=product&#038;p=16189"},"modified":"2026-04-14T12:50:08","modified_gmt":"2026-04-14T16:50:08","slug":"tapete-vinil-120cmx1m-cz-kapazi","status":"publish","type":"product","link":"https:\/\/www.multicasa.com.br\/inicio\/produto\/tapete-vinil-120cmx1m-cz-kapazi\/","title":{"rendered":"Tapete Vinil 120Cmx1M Cz Kapazi"},"content":{"rendered":"<p>O TAPETE VINIL 120CMX1M CZ KAPAZI. Os capachos vinil da Kapazi s\u00e3o \u00f3timas op\u00e7\u00f5es para quem deseja um capacho de entrada mais neutro. Ideais para uso residencial e para entrada de ambientes, conquista por sua funcionalidade e diversidade de cores. Este tapete \u00e9 ideal para se ter na porta de casa, para n\u00e3o adentrar com os p\u00e9s sujos no ambientes. Seu material \u00e9 mais resistente e possui base antiderrapante, evitando que escorregue em piso liso. Por serem de f\u00e1cil manuten\u00e7\u00e3o, lav\u00e1veis, terem uma grande variedade de tamanhos e reterem bem a sujeira, s\u00e3o a escolha principal para condom\u00ednios e resid\u00eancias.<\/p>\n","protected":false},"excerpt":{"rendered":"<h4 style=\"margin: 0px;padding: 0px 0px 16px;font-family: Lato, sans-serif;font-weight: bold;line-height: 3rem;color: var(--dark-grey3);font-size: 22px;font-style: normal;letter-spacing: normal;text-align: start;text-indent: 0px;text-transform: none\">Informa\u00e7\u00f5es t\u00e9cnicas<\/h4>\n<p><span style=\"margin: 0px;padding: 0px;font-weight: 450;font-size: 14px;line-height: 21px;color: var(--dark-grey2);font-family: Lato, sans-serif;font-style: normal;letter-spacing: normal;text-align: start;text-indent: 0px;text-transform: none\">Produto: TAPETE VINIL 120CMX1M CZ<br \/>\nMarca: KAPAZI<br \/>\nMaterial: 100% PVC<br \/>\nCor: CINZA<br \/>\nCaracter\u00edsticas: Seu material \u00e9 mais resistente e possui base antiderrapante, evitando que escorregue em piso liso.<br \/>\nDimens\u00f5es:<br \/>\n120CM<\/span><\/p>\n","protected":false},"featured_media":26071,"template":"","meta":{"_joinchat":[]},"product_brand":[],"product_cat":[96],"product_tag":[],"class_list":{"0":"post-16189","1":"product","2":"type-product","3":"status-publish","4":"has-post-thumbnail","6":"product_cat-limpeza-e-cia","8":"first","9":"instock","10":"shipping-taxable","11":"purchasable","12":"product-type-simple"},"_links":{"self":[{"href":"https:\/\/www.multicasa.com.br\/inicio\/wp-json\/wp\/v2\/product\/16189","targetHints":{"allow":["GET"]}}],"collection":[{"href":"https:\/\/www.multicasa.com.br\/inicio\/wp-json\/wp\/v2\/product"}],"about":[{"href":"https:\/\/www.multicasa.com.br\/inicio\/wp-json\/wp\/v2\/types\/product"}],"wp:featuredmedia":[{"embeddable":true,"href":"https:\/\/www.multicasa.com.br\/inicio\/wp-json\/wp\/v2\/media\/26071"}],"wp:attachment":[{"href":"https:\/\/www.multicasa.com.br\/inicio\/wp-json\/wp\/v2\/media?parent=16189"}],"wp:term":[{"taxonomy":"product_brand","embeddable":true,"href":"https:\/\/www.multicasa.com.br\/inicio\/wp-json\/wp\/v2\/product_brand?post=16189"},{"taxonomy":"product_cat","embeddable":true,"href":"https:\/\/www.multicasa.com.br\/inicio\/wp-json\/wp\/v2\/product_cat?post=16189"},{"taxonomy":"product_tag","embeddable":true,"href":"https:\/\/www.multicasa.com.br\/inicio\/wp-json\/wp\/v2\/product_tag?post=16189"}],"curies":[{"name":"wp","href":"https:\/\/api.w.org\/{rel}","templated":true}]}}