{"id":16193,"date":"2025-06-20T19:06:31","date_gmt":"2025-06-20T23:06:31","guid":{"rendered":"https:\/\/www.multicasa.com.br\/inicio\/?post_type=product&#038;p=16193"},"modified":"2026-04-29T14:20:08","modified_gmt":"2026-04-29T18:20:08","slug":"miolo-liz-bip-10a-grafite-tramontina","status":"publish","type":"product","link":"https:\/\/www.multicasa.com.br\/inicio\/produto\/miolo-liz-bip-10a-grafite-tramontina\/","title":{"rendered":"MIOLO LIZ BIP. 10A GRAFITE TRAMONTINA"},"content":{"rendered":"<p>O M\u00f3dulo Interruptor Bipolar Simples Tramontina 10 A 250 V Grafite facilita na hora do uso. Pr\u00e1tico e vers\u00e1til, ele ainda pode ser usado com diferentes placas da Tramontina, al\u00e9m de ser substitu\u00eddo pelo modelo na cor branca. Al\u00e9m de estiloso e moderno, seu projeto tamb\u00e9m vai ganhar um produto de qualidade e efic\u00e1cia. Apresenta detalhes em relevo para melhor identifica\u00e7\u00e3o das fun\u00e7\u00f5es do produto e garante contatos perfeitos, j\u00e1 que os condutores el\u00e9tricos s\u00e3o fixados aos bornes e travados por parafusos. \u00c9 um m\u00f3dulo largo de 10 A e 250 V, produzido em termopl\u00e1stico antichama e que pode ser utilizado nas linhas Liz, Lux\u00b2, Giz, Tablet, Lizflex, Plastibox e conduletes Tramontina com tampa sistema modular.<\/p>\n","protected":false},"excerpt":{"rendered":"<h4 style=\"margin: 0px;padding: 0px 0px 16px;font-family: Lato, sans-serif;font-weight: bold;line-height: 3rem;color: var(--dark-grey3);font-size: 22px;font-style: normal;letter-spacing: normal;text-align: start;text-indent: 0px;text-transform: none\">Informa\u00e7\u00f5es t\u00e9cnicas<\/h4>\n<p><span style=\"margin: 0px;padding: 0px;font-weight: 450;font-size: 14px;line-height: 21px;color: var(--dark-grey2);font-family: Lato, sans-serif;font-style: normal;letter-spacing: normal;text-align: start;text-indent: 0px;text-transform: none\">Utilizar nas linhas Liz, Lux\u00b2, Giz, Tablet, Lizflex, Plastibox e conduletes Tramontina com tampa sistema modular.<\/span><\/p>\n","protected":false},"featured_media":25582,"template":"","meta":{"_joinchat":[]},"product_brand":[],"product_cat":[144],"product_tag":[],"class_list":{"0":"post-16193","1":"product","2":"type-product","3":"status-publish","4":"has-post-thumbnail","6":"product_cat-tomadas-e-cia","8":"first","9":"instock","10":"shipping-taxable","11":"purchasable","12":"product-type-simple"},"_links":{"self":[{"href":"https:\/\/www.multicasa.com.br\/inicio\/wp-json\/wp\/v2\/product\/16193","targetHints":{"allow":["GET"]}}],"collection":[{"href":"https:\/\/www.multicasa.com.br\/inicio\/wp-json\/wp\/v2\/product"}],"about":[{"href":"https:\/\/www.multicasa.com.br\/inicio\/wp-json\/wp\/v2\/types\/product"}],"wp:featuredmedia":[{"embeddable":true,"href":"https:\/\/www.multicasa.com.br\/inicio\/wp-json\/wp\/v2\/media\/25582"}],"wp:attachment":[{"href":"https:\/\/www.multicasa.com.br\/inicio\/wp-json\/wp\/v2\/media?parent=16193"}],"wp:term":[{"taxonomy":"product_brand","embeddable":true,"href":"https:\/\/www.multicasa.com.br\/inicio\/wp-json\/wp\/v2\/product_brand?post=16193"},{"taxonomy":"product_cat","embeddable":true,"href":"https:\/\/www.multicasa.com.br\/inicio\/wp-json\/wp\/v2\/product_cat?post=16193"},{"taxonomy":"product_tag","embeddable":true,"href":"https:\/\/www.multicasa.com.br\/inicio\/wp-json\/wp\/v2\/product_tag?post=16193"}],"curies":[{"name":"wp","href":"https:\/\/api.w.org\/{rel}","templated":true}]}}