{"id":16213,"date":"2025-06-20T19:06:52","date_gmt":"2025-06-20T23:06:52","guid":{"rendered":"https:\/\/www.multicasa.com.br\/inicio\/?post_type=product&#038;p=16213"},"modified":"2026-04-01T14:00:19","modified_gmt":"2026-04-01T18:00:19","slug":"disjuntor-2x25a-din-c-steck","status":"publish","type":"product","link":"https:\/\/www.multicasa.com.br\/inicio\/produto\/disjuntor-2x25a-din-c-steck\/","title":{"rendered":"Disjuntor 2X25A Din C Steck"},"content":{"rendered":"<p>Os Disjuntores da Steck proporcionam alta prote\u00e7\u00e3o das instala\u00e7\u00f5es e dos condutores el\u00e9tricos contra curtos circuitos e sobrecargas. S\u00e3o fabricados de acordo com as mais rigorosas normas t\u00e9cnicas e podem ser aplicados a todo tipo de instala\u00e7\u00f5es el\u00e9tricas residenciais, comerciais e industriais de baixa tens\u00e3o em corrente alternada. Al\u00e9m disso, possuem alta tecnologia de disparo livre, isto \u00e9, dispara mesmo com a manopla de acionamento travada na posi\u00e7\u00e3o \u0093ON\u0094. Disjuntores de Curva C, s\u00e3o aplicados para a prote\u00e7\u00e3o de condutores que alimentam cargas de natureza indutiva como ar-condicionado, microondas, l\u00e2mpadas fluorescentes, e demais cargas que apresentam picos de corrente na energiza\u00e7\u00e3o.<\/p>\n","protected":false},"excerpt":{"rendered":"<h4 style=\"margin: 0px;padding: 0px 0px 16px;font-family: Lato, sans-serif;font-weight: bold;line-height: 3rem;color: var(--dark-grey3);font-size: 22px;font-style: normal;letter-spacing: normal;text-align: start;text-indent: 0px;text-transform: none\">Informa\u00e7\u00f5es t\u00e9cnicas<\/h4>\n<p><span style=\"margin: 0px;padding: 0px;font-weight: 450;font-size: 14px;line-height: 21px;color: var(--dark-grey2);font-family: Lato, sans-serif;font-style: normal;letter-spacing: normal;text-align: start;text-indent: 0px;text-transform: none\">Produto: DISJUNTOR 2X25A DIN C<br \/>\nMarca: STECK<br \/>\nCor: BRANCO<br \/>\nCaracter\u00edsticas: podem ser aplicados a todo tipo de instala\u00e7\u00f5es el\u00e9tricas residenciais, comerciais e industriais de baixa tens\u00e3o em corrente alternada.<br \/>\nDimens\u00f5es: 35,4 mm<\/span><\/p>\n","protected":false},"featured_media":25062,"template":"","meta":{"_joinchat":[]},"product_brand":[],"product_cat":[122],"product_tag":[],"class_list":{"0":"post-16213","1":"product","2":"type-product","3":"status-publish","4":"has-post-thumbnail","6":"product_cat-quadros-e-cia","8":"first","9":"instock","10":"shipping-taxable","11":"purchasable","12":"product-type-simple"},"_links":{"self":[{"href":"https:\/\/www.multicasa.com.br\/inicio\/wp-json\/wp\/v2\/product\/16213","targetHints":{"allow":["GET"]}}],"collection":[{"href":"https:\/\/www.multicasa.com.br\/inicio\/wp-json\/wp\/v2\/product"}],"about":[{"href":"https:\/\/www.multicasa.com.br\/inicio\/wp-json\/wp\/v2\/types\/product"}],"wp:featuredmedia":[{"embeddable":true,"href":"https:\/\/www.multicasa.com.br\/inicio\/wp-json\/wp\/v2\/media\/25062"}],"wp:attachment":[{"href":"https:\/\/www.multicasa.com.br\/inicio\/wp-json\/wp\/v2\/media?parent=16213"}],"wp:term":[{"taxonomy":"product_brand","embeddable":true,"href":"https:\/\/www.multicasa.com.br\/inicio\/wp-json\/wp\/v2\/product_brand?post=16213"},{"taxonomy":"product_cat","embeddable":true,"href":"https:\/\/www.multicasa.com.br\/inicio\/wp-json\/wp\/v2\/product_cat?post=16213"},{"taxonomy":"product_tag","embeddable":true,"href":"https:\/\/www.multicasa.com.br\/inicio\/wp-json\/wp\/v2\/product_tag?post=16213"}],"curies":[{"name":"wp","href":"https:\/\/api.w.org\/{rel}","templated":true}]}}