{"id":16216,"date":"2025-06-20T19:06:52","date_gmt":"2025-06-20T23:06:52","guid":{"rendered":"https:\/\/www.multicasa.com.br\/inicio\/?post_type=product&#038;p=16216"},"modified":"2025-08-17T18:57:01","modified_gmt":"2025-08-17T22:57:01","slug":"cuba-inox-alto-brilho-56x34-sem-valvula-206-tramontina","status":"publish","type":"product","link":"https:\/\/www.multicasa.com.br\/inicio\/produto\/cuba-inox-alto-brilho-56x34-sem-valvula-206-tramontina\/","title":{"rendered":"Cuba Inox Alto Brilho 56X34 Sem V\u00e1lvula 206 Tramontina"},"content":{"rendered":"<p>Cuba Lav\u00ednia 56 BL Fabricada no Brasil. Cuba com bordas lisas para instala\u00e7\u00e3o por baixo da bancada e 17 cm de profundidade. Opcionalmente \u00e9 oferecido como acess\u00f3rio a grade aramada para o fundo da cuba. Para um perfeito funcionamento da cuba, montar inicialmente a v\u00e1lvula. Remover a etiqueta colada na pia. Limpar a cuba com detergentes normais neutros. Usar somente esponja macia ou pano para lavar a pia. Esta pe\u00e7a cont\u00e9m bordas cortantes. Manusear com cuidado. N\u00e3o usar \u00e1cido muri\u00e1tico, \u00e1gua sanit\u00e1ria ou qualquer outro solvente para lavar objetos na pia. Na reforma ou constru\u00e7\u00e3o, proteger a cuba para n\u00e3o deixar sobre a mesma p\u00f3 de cimento ou gesso.<br \/>\nEnxaguar e secar bem a pe\u00e7a ap\u00f3s o uso. Nunca deixar objetos met\u00e1licos sobre a pe\u00e7a por per\u00edodos muito longos, para evitar a corros\u00e3o. Para manter o brilho da sua cuba, recomendamos o uso da pasta para polir e remover manchas em superf\u00edcies de a\u00e7o inoxid\u00e1vel &#8220;Tramontina&#8221;.<\/p>\n","protected":false},"excerpt":{"rendered":"<h4 style=\"margin: 0px;padding: 0px 0px 16px;font-family: Lato, sans-serif;font-weight: bold;line-height: 3rem;color: var(--dark-grey3);font-size: 22px;font-style: normal;letter-spacing: normal;text-align: start;text-indent: 0px;text-transform: none\">Informa\u00e7\u00f5es t\u00e9cnicas<\/h4>\n<p><span style=\"margin: 0px;padding: 0px;font-weight: 450;font-size: 14px;line-height: 21px;color: var(--dark-grey2);font-family: Lato, sans-serif;font-style: normal;letter-spacing: normal;text-align: start;text-indent: 0px;text-transform: none\">PRODUTO: CUBA INOX ALTO BRILHO 56X34 SEM V\u00c1LVULA 206<br \/>\nMARCA: TRAMONTINA<br \/>\nMATERIAL: A\u00e7o Inox 304, com 0,6 mm de espessura e acabamento alto brilho &#8211; oferecendo durabilidade e resist\u00eancia.<br \/>\nCOR: Cromado<br \/>\nINSTALA\u00c7\u00c3O: Embutir<br \/>\nA\u00e7o Inox AISI 304 com 0,6 mm de espessura e acabamento alto brilho.<br \/>\nAcompanha v\u00e1lvula de \u00d8 3 1\/2&#8243;.<br \/>\nProfundidade da cuba 170 mm.<br \/>\nCAPACIDADE: 29 L.<br \/>\nDIMENS\u00d5ES:<br \/>\nALTURA: 17 cm<br \/>\nLARGURA: 34 cm<br \/>\nCOMPRIMENTO: 56 cm<br \/>\nPESO: 2,64 kg<\/span><\/p>\n","protected":false},"featured_media":27282,"template":"","meta":{"_joinchat":[]},"product_brand":[],"product_cat":[159],"product_tag":[],"class_list":{"0":"post-16216","1":"product","2":"type-product","3":"status-publish","4":"has-post-thumbnail","6":"product_cat-inox-e-cia","8":"first","9":"outofstock","10":"shipping-taxable","11":"purchasable","12":"product-type-simple"},"_links":{"self":[{"href":"https:\/\/www.multicasa.com.br\/inicio\/wp-json\/wp\/v2\/product\/16216","targetHints":{"allow":["GET"]}}],"collection":[{"href":"https:\/\/www.multicasa.com.br\/inicio\/wp-json\/wp\/v2\/product"}],"about":[{"href":"https:\/\/www.multicasa.com.br\/inicio\/wp-json\/wp\/v2\/types\/product"}],"wp:featuredmedia":[{"embeddable":true,"href":"https:\/\/www.multicasa.com.br\/inicio\/wp-json\/wp\/v2\/media\/27282"}],"wp:attachment":[{"href":"https:\/\/www.multicasa.com.br\/inicio\/wp-json\/wp\/v2\/media?parent=16216"}],"wp:term":[{"taxonomy":"product_brand","embeddable":true,"href":"https:\/\/www.multicasa.com.br\/inicio\/wp-json\/wp\/v2\/product_brand?post=16216"},{"taxonomy":"product_cat","embeddable":true,"href":"https:\/\/www.multicasa.com.br\/inicio\/wp-json\/wp\/v2\/product_cat?post=16216"},{"taxonomy":"product_tag","embeddable":true,"href":"https:\/\/www.multicasa.com.br\/inicio\/wp-json\/wp\/v2\/product_tag?post=16216"}],"curies":[{"name":"wp","href":"https:\/\/api.w.org\/{rel}","templated":true}]}}