{"id":16218,"date":"2025-06-20T19:06:53","date_gmt":"2025-06-20T23:06:53","guid":{"rendered":"https:\/\/www.multicasa.com.br\/inicio\/?post_type=product&#038;p=16218"},"modified":"2025-08-16T18:15:02","modified_gmt":"2025-08-16T22:15:02","slug":"chave-estrela-10x11mm-tramontina","status":"publish","type":"product","link":"https:\/\/www.multicasa.com.br\/inicio\/produto\/chave-estrela-10x11mm-tramontina\/","title":{"rendered":"CHAVE ESTRELA 10X11MM TRAMONTINA"},"content":{"rendered":"<p>&#8220;Para inserir maior qualidade durante a realiza\u00e7\u00e3o de reparos, em sua casa ou ambiente de trabalho, conte com produtos que garantam sucesso no resultado. A Chave Estrela 10&#215;11 mm Tramontina com Corpo em A\u00e7o Especial Cromado vai lhe ajudar a realizar o aperto e soltura de parafusos e porcas com maior facilidade. E o melhor de tudo, sua fabrica\u00e7\u00e3o em a\u00e7o especial cromado vai proporcionar maior durabilidade ao produto. Seu trabalho ainda mais f\u00e1cil \u00e9 com a Tramontina!<br \/>\n&#8220;<\/p>\n","protected":false},"excerpt":{"rendered":"<h4 style=\"margin: 0px;padding: 0px 0px 16px;font-family: Lato, sans-serif;font-weight: bold;line-height: 3rem;color: var(--dark-grey3);font-size: 22px;font-style: normal;letter-spacing: normal;text-align: start;text-indent: 0px;text-transform: none\">Informa\u00e7\u00f5es t\u00e9cnicas<\/h4>\n<p><span style=\"margin: 0px;padding: 0px;font-weight: 450;font-size: 14px;line-height: 21px;color: var(--dark-grey2);font-family: Lato, sans-serif;font-style: normal;letter-spacing: normal;text-align: start;text-indent: 0px;text-transform: none\">Corpo forjado em a\u00e7o especial e temperado.<br \/>\nAcabamento cromado.<br \/>\nAbertura das bocas calibradas.<br \/>\nO teste de dureza \u00e9 realizado em v\u00e1rios pontos para assegurar a resist\u00eancia ao desgaste da chave durante o uso ininterrupto.<br \/>\nAs aberturas das bocas das chaves de aperto s\u00e3o verificadas com gabaritos calibrados, o que garante seu perfeito acoplamento nos parafusos.<br \/>\nAlguns tipos de chaves de aperto s\u00e3o fornecidos em bitolas m\u00e9tricas e em polegadas, para o uso nos diversos fixadores dispon\u00edveis.<br \/>\nAs ferramentas s\u00e3o produzidas e testadas conforme normas espec\u00edficas.<\/span><\/p>\n","protected":false},"featured_media":24931,"template":"","meta":{"_joinchat":[]},"product_brand":[],"product_cat":[137],"product_tag":[],"class_list":{"0":"post-16218","1":"product","2":"type-product","3":"status-publish","4":"has-post-thumbnail","6":"product_cat-ferramentas-manuais","8":"first","9":"outofstock","10":"shipping-taxable","11":"product-type-simple"},"_links":{"self":[{"href":"https:\/\/www.multicasa.com.br\/inicio\/wp-json\/wp\/v2\/product\/16218","targetHints":{"allow":["GET"]}}],"collection":[{"href":"https:\/\/www.multicasa.com.br\/inicio\/wp-json\/wp\/v2\/product"}],"about":[{"href":"https:\/\/www.multicasa.com.br\/inicio\/wp-json\/wp\/v2\/types\/product"}],"wp:featuredmedia":[{"embeddable":true,"href":"https:\/\/www.multicasa.com.br\/inicio\/wp-json\/wp\/v2\/media\/24931"}],"wp:attachment":[{"href":"https:\/\/www.multicasa.com.br\/inicio\/wp-json\/wp\/v2\/media?parent=16218"}],"wp:term":[{"taxonomy":"product_brand","embeddable":true,"href":"https:\/\/www.multicasa.com.br\/inicio\/wp-json\/wp\/v2\/product_brand?post=16218"},{"taxonomy":"product_cat","embeddable":true,"href":"https:\/\/www.multicasa.com.br\/inicio\/wp-json\/wp\/v2\/product_cat?post=16218"},{"taxonomy":"product_tag","embeddable":true,"href":"https:\/\/www.multicasa.com.br\/inicio\/wp-json\/wp\/v2\/product_tag?post=16218"}],"curies":[{"name":"wp","href":"https:\/\/api.w.org\/{rel}","templated":true}]}}