{"id":16219,"date":"2025-06-20T19:06:53","date_gmt":"2025-06-20T23:06:53","guid":{"rendered":"https:\/\/www.multicasa.com.br\/inicio\/?post_type=product&#038;p=16219"},"modified":"2025-12-01T10:44:29","modified_gmt":"2025-12-01T14:44:29","slug":"colhedor-de-frutas-s-cb-20x29cm-tramontina","status":"publish","type":"product","link":"https:\/\/www.multicasa.com.br\/inicio\/produto\/colhedor-de-frutas-s-cb-20x29cm-tramontina\/","title":{"rendered":"COLHEDOR DE FRUTAS S\/CB. 20x29CM TRAMONTINA"},"content":{"rendered":"<p>Frutas gostosas e fresquinhas em todas as \u00e9pocas do ano com o colhedor de frutas grande Tramontina em a\u00e7o sem cabo! Uma ferramenta para realizar a colheita dos frutos com mais praticidade e efici\u00eancia, totalmente produzida em a\u00e7o carbono, material super resistente e dur\u00e1vel. Possui olho de 26,5 mm de di\u00e2metro e \u00e9 super leve, gerando assim, menos esfor\u00e7o f\u00edsico na hora da colheita. Sua vida mais saud\u00e1vel com qualidade e praticidade da Tramontina!<\/p>\n","protected":false},"excerpt":{"rendered":"<h4 style=\"margin: 0px;padding: 0px 0px 16px;font-family: Lato, sans-serif;font-weight: bold;line-height: 3rem;color: var(--dark-grey3);font-size: 22px;font-style: normal;letter-spacing: normal;text-align: start;text-indent: 0px;text-transform: none\">Informa\u00e7\u00f5es t\u00e9cnicas<\/h4>\n<p><span style=\"margin: 0px;padding: 0px;font-weight: 450;font-size: 14px;line-height: 21px;color: var(--dark-grey2);font-family: Lato, sans-serif;font-style: normal;letter-spacing: normal;text-align: start;text-indent: 0px;text-transform: none\">&#8220;- Fabricado em a\u00e7o carbono especial de alta qualidade.<br \/>\n&#8211; Recebe pintura eletrost\u00e1tica a p\u00f3, que tem uma melhor apresenta\u00e7\u00e3o visual e maior prote\u00e7\u00e3o contra oxida\u00e7\u00e3o.<br \/>\n&#8211; Possui olho de 26,5 mm de di\u00e2metro.<br \/>\n&#8211; Produto leve, que gera menos esfor\u00e7o f\u00edsico do usu\u00e1rio e torna o trabalho mais prazeroso.&#8221;<\/span><\/p>\n","protected":false},"featured_media":24995,"template":"","meta":{"_joinchat":[]},"product_brand":[],"product_cat":[76],"product_tag":[],"class_list":{"0":"post-16219","1":"product","2":"type-product","3":"status-publish","4":"has-post-thumbnail","6":"product_cat-jardinagem","8":"first","9":"outofstock","10":"shipping-taxable","11":"purchasable","12":"product-type-simple"},"_links":{"self":[{"href":"https:\/\/www.multicasa.com.br\/inicio\/wp-json\/wp\/v2\/product\/16219","targetHints":{"allow":["GET"]}}],"collection":[{"href":"https:\/\/www.multicasa.com.br\/inicio\/wp-json\/wp\/v2\/product"}],"about":[{"href":"https:\/\/www.multicasa.com.br\/inicio\/wp-json\/wp\/v2\/types\/product"}],"wp:featuredmedia":[{"embeddable":true,"href":"https:\/\/www.multicasa.com.br\/inicio\/wp-json\/wp\/v2\/media\/24995"}],"wp:attachment":[{"href":"https:\/\/www.multicasa.com.br\/inicio\/wp-json\/wp\/v2\/media?parent=16219"}],"wp:term":[{"taxonomy":"product_brand","embeddable":true,"href":"https:\/\/www.multicasa.com.br\/inicio\/wp-json\/wp\/v2\/product_brand?post=16219"},{"taxonomy":"product_cat","embeddable":true,"href":"https:\/\/www.multicasa.com.br\/inicio\/wp-json\/wp\/v2\/product_cat?post=16219"},{"taxonomy":"product_tag","embeddable":true,"href":"https:\/\/www.multicasa.com.br\/inicio\/wp-json\/wp\/v2\/product_tag?post=16219"}],"curies":[{"name":"wp","href":"https:\/\/api.w.org\/{rel}","templated":true}]}}