{"id":16239,"date":"2025-06-20T19:07:15","date_gmt":"2025-06-20T23:07:15","guid":{"rendered":"https:\/\/www.multicasa.com.br\/inicio\/?post_type=product&#038;p=16239"},"modified":"2026-04-10T15:00:15","modified_gmt":"2026-04-10T19:00:15","slug":"aquecedor-vers-5500w-127v","status":"publish","type":"product","link":"https:\/\/www.multicasa.com.br\/inicio\/produto\/aquecedor-vers-5500w-127v\/","title":{"rendered":"Aquecedor Vers. 5500W 127V"},"content":{"rendered":"<p>Este aquecedor de \u00e1gua \u00e9 a alternativa perfeita para quem procura por \u00e1gua quente e com f\u00e1cil instala\u00e7\u00e3o. O Vers\u00e1til \u00e9 uma excelente solu\u00e7\u00e3o, e pode ser usado na pia da cozinha, em lavat\u00f3rios e demais locais onde \u00e9 necess\u00e1rio esquentar a \u00e1gua como sal\u00f5es de cabelereiro e barbearias.<br \/>\n\u00c9 ideal para ser usado nas resid\u00eancias t\u00e9rreas e sobrados, onde h\u00e1 uma baixa press\u00e3o de at\u00e9 20 metros de coluna. Com este aquecedor \u00e9 poss\u00edvel contar com \u00e1gua quente de maneira instant\u00e2nea, sem desperd\u00edcio de energia ou \u00e1gua. Este aparelho pode ser instalado com misturadores e monocomandos. Possui 3 temperaturas a medida certa para economia de luz e \u00e1gua.<br \/>\nConta com duas sa\u00eddas de \u00e1gua, uma quente e outra fria, funciona em qualquer posi\u00e7\u00e3o e possui engate e desengate r\u00e1pido.<\/p>\n","protected":false},"excerpt":{"rendered":"<h4 style=\"margin: 0px;padding: 0px 0px 16px;font-family: Lato, sans-serif;font-weight: bold;line-height: 3rem;color: var(--dark-grey3);font-size: 22px;font-style: normal;letter-spacing: normal;text-align: start;text-indent: 0px;text-transform: none\">Informa\u00e7\u00f5es t\u00e9cnicas<\/h4>\n<p><span style=\"margin: 0px;padding: 0px;font-weight: 450;font-size: 14px;line-height: 21px;color: var(--dark-grey2);font-family: Lato, sans-serif;font-style: normal;letter-spacing: normal;text-align: start;text-indent: 0px;text-transform: none\">Altura: 10cm<br \/>\nComprimento: 18.6cm<br \/>\nLargura: 12.2cm<br \/>\nPeso: 718g<br \/>\n Tens\u00e3o: 110V<br \/>\n&#8211; Pot\u00eancia: 5500W<br \/>\n&#8211; Grau de Prote\u00e7\u00e3o: IP 24<br \/>\n&#8211; Sistema de Aterramento: Sim<br \/>\n&#8211; Compat\u00edvel com &#8220;DR&#8221;: Sim<br \/>\n&#8211; Fios: 10mm<br \/>\n&#8211; Disjuntor: 50A<br \/>\n&#8211; Press\u00e3o de funcionamento: 20 a 200kPA<\/span><\/p>\n","protected":false},"featured_media":24610,"template":"","meta":{"_joinchat":[]},"product_brand":[],"product_cat":[71],"product_tag":[],"class_list":{"0":"post-16239","1":"product","2":"type-product","3":"status-publish","4":"has-post-thumbnail","6":"product_cat-chuveiros","8":"first","9":"outofstock","10":"shipping-taxable","11":"purchasable","12":"product-type-simple"},"_links":{"self":[{"href":"https:\/\/www.multicasa.com.br\/inicio\/wp-json\/wp\/v2\/product\/16239","targetHints":{"allow":["GET"]}}],"collection":[{"href":"https:\/\/www.multicasa.com.br\/inicio\/wp-json\/wp\/v2\/product"}],"about":[{"href":"https:\/\/www.multicasa.com.br\/inicio\/wp-json\/wp\/v2\/types\/product"}],"wp:featuredmedia":[{"embeddable":true,"href":"https:\/\/www.multicasa.com.br\/inicio\/wp-json\/wp\/v2\/media\/24610"}],"wp:attachment":[{"href":"https:\/\/www.multicasa.com.br\/inicio\/wp-json\/wp\/v2\/media?parent=16239"}],"wp:term":[{"taxonomy":"product_brand","embeddable":true,"href":"https:\/\/www.multicasa.com.br\/inicio\/wp-json\/wp\/v2\/product_brand?post=16239"},{"taxonomy":"product_cat","embeddable":true,"href":"https:\/\/www.multicasa.com.br\/inicio\/wp-json\/wp\/v2\/product_cat?post=16239"},{"taxonomy":"product_tag","embeddable":true,"href":"https:\/\/www.multicasa.com.br\/inicio\/wp-json\/wp\/v2\/product_tag?post=16239"}],"curies":[{"name":"wp","href":"https:\/\/api.w.org\/{rel}","templated":true}]}}