{"id":16242,"date":"2025-06-20T19:07:16","date_gmt":"2025-06-20T23:07:16","guid":{"rendered":"https:\/\/www.multicasa.com.br\/inicio\/?post_type=product&#038;p=16242"},"modified":"2025-06-23T10:29:02","modified_gmt":"2025-06-23T14:29:02","slug":"prateleira-natural-80x30cm-tramontina","status":"publish","type":"product","link":"https:\/\/www.multicasa.com.br\/inicio\/produto\/prateleira-natural-80x30cm-tramontina\/","title":{"rendered":"PRATELEIRA NATURAL 80X30CM TRAMONTINA"},"content":{"rendered":"<p>Para realizar seus projetos de marcenaria ou at\u00e9 mesmo ajudar em seus trabalhos dom\u00e9sticos ou artesanato, o painel Tramontina modulare em madeira pinus com acabamento natural 80X30 mm \u00e9 a escolha ideal! Ele \u00e9 produzido totalmente em madeira reflorestada e garante a alta qualidade da madeira pinus. Insira o painel como mat\u00e9ria-prima do seu trabalho e obtenha resultados surpreendentes!<\/p>\n","protected":false},"excerpt":{"rendered":"<h4 style=\"margin: 0px;padding: 0px 0px 16px;font-family: Lato, sans-serif;font-weight: bold;line-height: 3rem;color: var(--dark-grey3);font-size: 22px;font-style: normal;letter-spacing: normal;text-align: start;text-indent: 0px;text-transform: none\">Informa\u00e7\u00f5es t\u00e9cnicas<\/h4>\n<p><span style=\"margin: 0px;padding: 0px;font-weight: 450;font-size: 14px;line-height: 21px;color: var(--dark-grey2);font-family: Lato, sans-serif;font-style: normal;letter-spacing: normal;text-align: start;text-indent: 0px;text-transform: none\">&#8220;- Painel em madeira maci\u00e7a de pinus.<br \/>\n&#8211; Pode ser utilizado para confec\u00e7\u00e3o de m\u00f3veis e utens\u00edlios.<br \/>\n&#8211; Medida de 80X30mm, com acabamento natural, sem pintura ou gravura.<br \/>\n&#8211; N\u00e3o acompanha suportes.<br \/>\n&#8211; Produto sujeito a presen\u00e7a de caracter\u00edsticas inerentes \u00e0 madeira, como veios, n\u00f3, medula, varia\u00e7\u00e3o de tonalidade, entre outros.<br \/>\n&#8211; As fotos podem apresentar uma leve varia\u00e7\u00e3o em rela\u00e7\u00e3o \u00e0 cor real dos produtos.<br \/>\n&#8211; N\u00e3o indicado para uso externo.&#8221;<\/span><\/p>\n","protected":false},"featured_media":25805,"template":"","meta":{"_joinchat":[]},"product_brand":[],"product_cat":[146],"product_tag":[],"class_list":{"0":"post-16242","1":"product","2":"type-product","3":"status-publish","4":"has-post-thumbnail","6":"product_cat-prateleiras-e-cia","8":"first","9":"outofstock","10":"shipping-taxable","11":"product-type-simple"},"_links":{"self":[{"href":"https:\/\/www.multicasa.com.br\/inicio\/wp-json\/wp\/v2\/product\/16242","targetHints":{"allow":["GET"]}}],"collection":[{"href":"https:\/\/www.multicasa.com.br\/inicio\/wp-json\/wp\/v2\/product"}],"about":[{"href":"https:\/\/www.multicasa.com.br\/inicio\/wp-json\/wp\/v2\/types\/product"}],"wp:featuredmedia":[{"embeddable":true,"href":"https:\/\/www.multicasa.com.br\/inicio\/wp-json\/wp\/v2\/media\/25805"}],"wp:attachment":[{"href":"https:\/\/www.multicasa.com.br\/inicio\/wp-json\/wp\/v2\/media?parent=16242"}],"wp:term":[{"taxonomy":"product_brand","embeddable":true,"href":"https:\/\/www.multicasa.com.br\/inicio\/wp-json\/wp\/v2\/product_brand?post=16242"},{"taxonomy":"product_cat","embeddable":true,"href":"https:\/\/www.multicasa.com.br\/inicio\/wp-json\/wp\/v2\/product_cat?post=16242"},{"taxonomy":"product_tag","embeddable":true,"href":"https:\/\/www.multicasa.com.br\/inicio\/wp-json\/wp\/v2\/product_tag?post=16242"}],"curies":[{"name":"wp","href":"https:\/\/api.w.org\/{rel}","templated":true}]}}