{"id":16243,"date":"2025-06-20T19:07:16","date_gmt":"2025-06-20T23:07:16","guid":{"rendered":"https:\/\/www.multicasa.com.br\/inicio\/?post_type=product&#038;p=16243"},"modified":"2025-08-17T18:55:42","modified_gmt":"2025-08-17T22:55:42","slug":"estilete-retratil-tramontina","status":"publish","type":"product","link":"https:\/\/www.multicasa.com.br\/inicio\/produto\/estilete-retratil-tramontina\/","title":{"rendered":"ESTILETE RETRATIL TRAMONTINA"},"content":{"rendered":"<p>Pense em uma ferramenta que pode ser usada em diversos tipos de aplica\u00e7\u00f5es, atuando desde projetos simples at\u00e9 tarefas mais complexas. Certamente voc\u00ea pensou no Estilete Retr\u00e1til 6&#8243; Tramontina Basic com L\u00e2mina em A\u00e7o Especial! Um item que atende a uma infinidade de situa\u00e7\u00f5es, seja desencapar fios, cortar um papel de parede com precis\u00e3o, ou at\u00e9 abrir uma caixa selada. Uma ferramenta compacta, possui l\u00e2mina em a\u00e7o especial e corpo injetado com bot\u00e3o de trava da l\u00e2mina, que garante seguran\u00e7a no manuseio. As tarefas de corte ficar\u00e3o ainda mais f\u00e1ceis de serem cumpridas!<\/p>\n","protected":false},"excerpt":{"rendered":"<h4 style=\"margin: 0px;padding: 0px 0px 16px;font-family: Lato, sans-serif;font-weight: bold;line-height: 3rem;color: var(--dark-grey3);font-size: 22px;font-style: normal;letter-spacing: normal;text-align: start;text-indent: 0px;text-transform: none\">Informa\u00e7\u00f5es t\u00e9cnicas<\/h4>\n<p><span style=\"margin: 0px;padding: 0px;font-weight: 450;font-size: 14px;line-height: 21px;color: var(--dark-grey2);font-family: Lato, sans-serif;font-style: normal;letter-spacing: normal;text-align: start;text-indent: 0px;text-transform: none\">&#8220;- Corpo injetado.<br \/>\n&#8211; L\u00e2mina em a\u00e7o especial temperado.<br \/>\n&#8211; Dispositivo para travar a l\u00e2mina.<br \/>\n&#8211; Estiletes compactos e ergon\u00f4micos, ideais para a utiliza\u00e7\u00e3o do dia a dia.<br \/>\n&#8211; As ferramentas s\u00e3o submetidas a testes de aplica\u00e7\u00e3o pr\u00e1tica para garantir sua resist\u00eancia durante o uso.<br \/>\n&#8211; As ferramentas s\u00e3o produzidas e testadas conforme normas espec\u00edficas.&#8221;<\/span><\/p>\n","protected":false},"featured_media":25155,"template":"","meta":{"_joinchat":[]},"product_brand":[],"product_cat":[137],"product_tag":[],"class_list":{"0":"post-16243","1":"product","2":"type-product","3":"status-publish","4":"has-post-thumbnail","6":"product_cat-ferramentas-manuais","8":"first","9":"outofstock","10":"shipping-taxable","11":"purchasable","12":"product-type-simple"},"_links":{"self":[{"href":"https:\/\/www.multicasa.com.br\/inicio\/wp-json\/wp\/v2\/product\/16243","targetHints":{"allow":["GET"]}}],"collection":[{"href":"https:\/\/www.multicasa.com.br\/inicio\/wp-json\/wp\/v2\/product"}],"about":[{"href":"https:\/\/www.multicasa.com.br\/inicio\/wp-json\/wp\/v2\/types\/product"}],"wp:featuredmedia":[{"embeddable":true,"href":"https:\/\/www.multicasa.com.br\/inicio\/wp-json\/wp\/v2\/media\/25155"}],"wp:attachment":[{"href":"https:\/\/www.multicasa.com.br\/inicio\/wp-json\/wp\/v2\/media?parent=16243"}],"wp:term":[{"taxonomy":"product_brand","embeddable":true,"href":"https:\/\/www.multicasa.com.br\/inicio\/wp-json\/wp\/v2\/product_brand?post=16243"},{"taxonomy":"product_cat","embeddable":true,"href":"https:\/\/www.multicasa.com.br\/inicio\/wp-json\/wp\/v2\/product_cat?post=16243"},{"taxonomy":"product_tag","embeddable":true,"href":"https:\/\/www.multicasa.com.br\/inicio\/wp-json\/wp\/v2\/product_tag?post=16243"}],"curies":[{"name":"wp","href":"https:\/\/api.w.org\/{rel}","templated":true}]}}