{"id":16248,"date":"2025-06-20T19:07:16","date_gmt":"2025-06-20T23:07:16","guid":{"rendered":"https:\/\/www.multicasa.com.br\/inicio\/?post_type=product&#038;p=16248"},"modified":"2025-08-18T00:14:31","modified_gmt":"2025-08-18T04:14:31","slug":"misturador-cozinha-bancada-2266-c76-cromada-lorenzetti","status":"publish","type":"product","link":"https:\/\/www.multicasa.com.br\/inicio\/produto\/misturador-cozinha-bancada-2266-c76-cromada-lorenzetti\/","title":{"rendered":"Misturador Cozinha Bancada 2266 C76 Cromada Lorenzetti"},"content":{"rendered":"<p>O controle monocomando \u00e9 um sistema moderno, dur\u00e1vel e f\u00e1cil de instalar. Permitir\u00e1 que voc\u00ea opere a abertura e o fechamento do fluxo com apenas uma m\u00e3o. Flex\u00edvel e girat\u00f3ria sua rota\u00e7\u00e3o de 360\u00ba permite ajustar a dire\u00e7\u00e3o e o \u00e2ngulo da torneira. \u00c9 ideal para m\u00e1quinas de lavar lou\u00e7as grandes ou duplas. Economize \u00e1gua, evite salpicos o arejador torna a sa\u00edda de \u00e1gua espumosa, lisa e com menos press\u00e3o; isso minimiza salpicos e permite uma economia de \u00e1gua de at\u00e9 30%. Minimalismo na sua cozinha o metal \u00e9 um material cheio de vantagens: higi\u00eanico, resistente e anticorrosivo. Al\u00e9m disso, \u00e9 elegante e oferece um estilo moderno e minimalista. Bico flex\u00edvel para agilizar as tarefas seu bico flex\u00edvel lhe permite realizar v\u00e1rias a\u00e7\u00f5es em simult\u00e2neo. Lave a lou\u00e7a enquanto desinfeta os vegetais e economize tempo para aquilo que \u00e9 importante!. Consumo inteligente esta torneira incorpora um selo de cer\u00e2mica, que ajuda a reduzir o consumo de \u00e1gua e requer manuten\u00e7\u00e3o m\u00ednima. Cuide de sua economia e colabore com o cuidado do meio ambiente.<\/p>\n","protected":false},"excerpt":{"rendered":"<h4 style=\"margin: 0px;padding: 0px 0px 16px;font-family: Lato, sans-serif;font-weight: bold;line-height: 3rem;color: var(--dark-grey3);font-size: 22px;font-style: normal;letter-spacing: normal;text-align: start;text-indent: 0px;text-transform: none\">Informa\u00e7\u00f5es t\u00e9cnicas<\/h4>\n<p><span style=\"margin: 0px;padding: 0px;font-weight: 450;font-size: 14px;line-height: 21px;color: var(--dark-grey2);font-family: Lato, sans-serif;font-style: normal;letter-spacing: normal;text-align: start;text-indent: 0px;text-transform: none\">Produto: MISTURADOR COZ.BANC.2266 C76 CR<br \/>\nMarca: LORENZETTI<br \/>\nMaterial: METAL<br \/>\nCor: CROMADO<br \/>\nCaracter\u00edsticas: flex\u00edvel e girat\u00f3ria, economize \u00e1gua, evite salpicos, consumo inteligente e bico flex\u00edvel para agilizar tarefas.<br \/>\nDimens\u00f5es:<br \/>\nAltura m\u00e1xima: 530 mm<br \/>\nAltura de queda de \u00e1gua: 181 mm<br \/>\n<\/span><\/p>\n","protected":false},"featured_media":25601,"template":"","meta":{"_joinchat":[]},"product_brand":[],"product_cat":[67],"product_tag":[],"class_list":{"0":"post-16248","1":"product","2":"type-product","3":"status-publish","4":"has-post-thumbnail","6":"product_cat-torneiras-e-cia","8":"first","9":"outofstock","10":"shipping-taxable","11":"purchasable","12":"product-type-simple"},"_links":{"self":[{"href":"https:\/\/www.multicasa.com.br\/inicio\/wp-json\/wp\/v2\/product\/16248","targetHints":{"allow":["GET"]}}],"collection":[{"href":"https:\/\/www.multicasa.com.br\/inicio\/wp-json\/wp\/v2\/product"}],"about":[{"href":"https:\/\/www.multicasa.com.br\/inicio\/wp-json\/wp\/v2\/types\/product"}],"wp:featuredmedia":[{"embeddable":true,"href":"https:\/\/www.multicasa.com.br\/inicio\/wp-json\/wp\/v2\/media\/25601"}],"wp:attachment":[{"href":"https:\/\/www.multicasa.com.br\/inicio\/wp-json\/wp\/v2\/media?parent=16248"}],"wp:term":[{"taxonomy":"product_brand","embeddable":true,"href":"https:\/\/www.multicasa.com.br\/inicio\/wp-json\/wp\/v2\/product_brand?post=16248"},{"taxonomy":"product_cat","embeddable":true,"href":"https:\/\/www.multicasa.com.br\/inicio\/wp-json\/wp\/v2\/product_cat?post=16248"},{"taxonomy":"product_tag","embeddable":true,"href":"https:\/\/www.multicasa.com.br\/inicio\/wp-json\/wp\/v2\/product_tag?post=16248"}],"curies":[{"name":"wp","href":"https:\/\/api.w.org\/{rel}","templated":true}]}}