{"id":16250,"date":"2025-06-20T19:07:17","date_gmt":"2025-06-20T23:07:17","guid":{"rendered":"https:\/\/www.multicasa.com.br\/inicio\/?post_type=product&#038;p=16250"},"modified":"2025-08-16T15:45:46","modified_gmt":"2025-08-16T19:45:46","slug":"torneira-bica-longa-pia-parede-primor-cr-docol","status":"publish","type":"product","link":"https:\/\/www.multicasa.com.br\/inicio\/produto\/torneira-bica-longa-pia-parede-primor-cr-docol\/","title":{"rendered":"Torneira Bica Longa Pia\/Parede Primor Cr Docol"},"content":{"rendered":"<p>TORNEIRA B.LONG.PIA\/PAR.PRIMOR CR D. O principal benef\u00edcio desse produto \u00e9 a durabilidade e resist\u00eancia. A nossa torneira para lavanderia pode ser instalada sem a preocupa\u00e7\u00e3o com desgaste imediato. Por ter a qualidade da nossa Garantia Toda Vida, essa torneira foi feita para durar. Possui acabamento bin\u00edquel, que garante 40% a mais de durabilidade que os demais de mercado.<\/p>\n","protected":false},"excerpt":{"rendered":"<h4 style=\"margin: 0px;padding: 0px 0px 16px;font-family: Lato, sans-serif;font-weight: bold;line-height: 3rem;color: var(--dark-grey3);font-size: 22px;font-style: normal;letter-spacing: normal;text-align: start;text-indent: 0px;text-transform: none\">Informa\u00e7\u00f5es t\u00e9cnicas<\/h4>\n<p><span style=\"margin: 0px;padding: 0px;font-weight: 450;font-size: 14px;line-height: 21px;color: var(--dark-grey2);font-family: Lato, sans-serif;font-style: normal;letter-spacing: normal;text-align: start;text-indent: 0px;text-transform: none\">Produto: TORNEIRA B.LONG.PIA\/PAR.PRIMOR<br \/>\nMarca: DOCOL<br \/>\nMaterial: Ligas de cobre, elast\u00f4meros, pl\u00e1stico de engenharia.<br \/>\nCor: CROMADO<br \/>\nCaracter\u00edsticas: Acabamento mais duradouro e garantia toda vida.<br \/>\nDimens\u00f5es:<br \/>\nComprimento do produto:<br \/>\n166 mm<\/p>\n<p>Altura do produto:<br \/>\n82 mm<\/p>\n<p>Largura do produto:<br \/>\n59 mm<\/p>\n<p>Peso L\u00edquido:<br \/>\n0,37 kg<\/p>\n<p>Peso Bruto:<br \/>\n0,37 kg<\/span><\/p>\n","protected":false},"featured_media":26117,"template":"","meta":{"_joinchat":[]},"product_brand":[],"product_cat":[67],"product_tag":[],"class_list":{"0":"post-16250","1":"product","2":"type-product","3":"status-publish","4":"has-post-thumbnail","6":"product_cat-torneiras-e-cia","8":"first","9":"outofstock","10":"shipping-taxable","11":"product-type-simple"},"_links":{"self":[{"href":"https:\/\/www.multicasa.com.br\/inicio\/wp-json\/wp\/v2\/product\/16250","targetHints":{"allow":["GET"]}}],"collection":[{"href":"https:\/\/www.multicasa.com.br\/inicio\/wp-json\/wp\/v2\/product"}],"about":[{"href":"https:\/\/www.multicasa.com.br\/inicio\/wp-json\/wp\/v2\/types\/product"}],"wp:featuredmedia":[{"embeddable":true,"href":"https:\/\/www.multicasa.com.br\/inicio\/wp-json\/wp\/v2\/media\/26117"}],"wp:attachment":[{"href":"https:\/\/www.multicasa.com.br\/inicio\/wp-json\/wp\/v2\/media?parent=16250"}],"wp:term":[{"taxonomy":"product_brand","embeddable":true,"href":"https:\/\/www.multicasa.com.br\/inicio\/wp-json\/wp\/v2\/product_brand?post=16250"},{"taxonomy":"product_cat","embeddable":true,"href":"https:\/\/www.multicasa.com.br\/inicio\/wp-json\/wp\/v2\/product_cat?post=16250"},{"taxonomy":"product_tag","embeddable":true,"href":"https:\/\/www.multicasa.com.br\/inicio\/wp-json\/wp\/v2\/product_tag?post=16250"}],"curies":[{"name":"wp","href":"https:\/\/api.w.org\/{rel}","templated":true}]}}