{"id":16254,"date":"2025-06-20T19:07:23","date_gmt":"2025-06-20T23:07:23","guid":{"rendered":"https:\/\/www.multicasa.com.br\/inicio\/?post_type=product&#038;p=16254"},"modified":"2026-01-27T11:00:16","modified_gmt":"2026-01-27T15:00:16","slug":"chuveiro-quadrado-bellar-cr-docol","status":"publish","type":"product","link":"https:\/\/www.multicasa.com.br\/inicio\/produto\/chuveiro-quadrado-bellar-cr-docol\/","title":{"rendered":"Chuveiro Quadrado Bellar Cr Docol"},"content":{"rendered":"<p>O chuveiro de parede dessa linha \u00e9 perfeito para quem busca por um momento de relaxamento no dia a dia. Com a disposi\u00e7\u00e3o ideal da \u00e1gua, o jato \u00e9 forte, relaxante e revigorante ao mesmo tempo. Sem falar que todos os nossos produtos possuem alta qualidade, pois durante o processo de fabrica\u00e7\u00e3o recebem dois banhos de n\u00edquel, que d\u00e1 40% a mais de durabilidade para cada pe\u00e7a. Al\u00e9m disso, esse chuveiro pode ser instalado tanto em casas ou apartamentos, independente da press\u00e3o da \u00e1gua. O seu funcionamento ser\u00e1 perfeito para um banho revigorante em todos os ambientes.<\/p>\n","protected":false},"excerpt":{"rendered":"<h4 style=\"margin: 0px;padding: 0px 0px 16px;font-family: Lato, sans-serif;font-weight: bold;line-height: 3rem;color: var(--dark-grey3);font-size: 22px;font-style: normal;letter-spacing: normal;text-align: start;text-indent: 0px;text-transform: none\">Informa\u00e7\u00f5es t\u00e9cnicas<\/h4>\n<p><span style=\"margin: 0px;padding: 0px;font-weight: 450;font-size: 14px;line-height: 21px;color: var(--dark-grey2);font-family: Lato, sans-serif;font-style: normal;letter-spacing: normal;text-align: start;text-indent: 0px;text-transform: none\">Produto: CHUVEIRO QUAD.BELLAR<br \/>\nMarca: DOCOL<br \/>\nMaterial: Ligas de cobre, elast\u00f4meros, pl\u00e1stico de engenharia e zamac (ligas de zinco, Alum\u00ednio, magnesio e cobre).<br \/>\nCor: CROMADO<br \/>\nCaracter\u00edsticas: Acabamento mais duradouro e garantia toda vida.<br \/>\nDimens\u00f5es:<br \/>\nComprimento do produto: 235 mm<br \/>\nAltura do produto: 148 mm<br \/>\nLargura do produto: 120 mm<br \/>\nPeso L\u00edquido: 0,642 kg<br \/>\nPeso Bruto: 0,7383 kg<\/span><\/p>\n","protected":false},"featured_media":24957,"template":"","meta":{"_joinchat":[]},"product_brand":[],"product_cat":[71],"product_tag":[],"class_list":{"0":"post-16254","1":"product","2":"type-product","3":"status-publish","4":"has-post-thumbnail","6":"product_cat-chuveiros","8":"first","9":"instock","10":"shipping-taxable","11":"purchasable","12":"product-type-simple"},"_links":{"self":[{"href":"https:\/\/www.multicasa.com.br\/inicio\/wp-json\/wp\/v2\/product\/16254","targetHints":{"allow":["GET"]}}],"collection":[{"href":"https:\/\/www.multicasa.com.br\/inicio\/wp-json\/wp\/v2\/product"}],"about":[{"href":"https:\/\/www.multicasa.com.br\/inicio\/wp-json\/wp\/v2\/types\/product"}],"wp:featuredmedia":[{"embeddable":true,"href":"https:\/\/www.multicasa.com.br\/inicio\/wp-json\/wp\/v2\/media\/24957"}],"wp:attachment":[{"href":"https:\/\/www.multicasa.com.br\/inicio\/wp-json\/wp\/v2\/media?parent=16254"}],"wp:term":[{"taxonomy":"product_brand","embeddable":true,"href":"https:\/\/www.multicasa.com.br\/inicio\/wp-json\/wp\/v2\/product_brand?post=16254"},{"taxonomy":"product_cat","embeddable":true,"href":"https:\/\/www.multicasa.com.br\/inicio\/wp-json\/wp\/v2\/product_cat?post=16254"},{"taxonomy":"product_tag","embeddable":true,"href":"https:\/\/www.multicasa.com.br\/inicio\/wp-json\/wp\/v2\/product_tag?post=16254"}],"curies":[{"name":"wp","href":"https:\/\/api.w.org\/{rel}","templated":true}]}}