{"id":16256,"date":"2025-06-20T19:07:23","date_gmt":"2025-06-20T23:07:23","guid":{"rendered":"https:\/\/www.multicasa.com.br\/inicio\/?post_type=product&#038;p=16256"},"modified":"2026-04-28T15:20:24","modified_gmt":"2026-04-28T19:20:24","slug":"sifao-metal-11-2x11-2-cromado-docol","status":"publish","type":"product","link":"https:\/\/www.multicasa.com.br\/inicio\/produto\/sifao-metal-11-2x11-2-cromado-docol\/","title":{"rendered":"Sif\u00e3o Metal 11\/2X11\/2 Cromado Docol"},"content":{"rendered":"<p>O sif\u00e3o para banheiro oferece um design minimalista, com tra\u00e7os exclusivos e funcionalidade. O produto tem encaixe em bitolas de entrada com tamanho 7\/8&#8243; e suporta temperaturas de at\u00e9 70\u00b0C. A sa\u00edda do tubo \u00e9 DN40. Para quem opta por manter o bom design e sofistica\u00e7\u00e3o at\u00e9 mesmo nas pe\u00e7as mais simples, esse sif\u00e3o \u00e9 a escolha certa. Ele possui um sistema f\u00e1cil e simples de limpar, al\u00e9m de evitar que odores voltem pela sa\u00edda. Vale lembrar que todos os sif\u00f5es da nossa marca seguem as regras de aparelhos sanit\u00e1rios da Associa\u00e7\u00e3o Brasileira de Normas T\u00e9cnicas (NBR 14162). A escolha por complementar seu ambiente com os nossos itens garantir\u00e1 o melhor funcionamento dos produtos e a nossa qualidade at\u00e9 nos pequenos detalhes da sua casa.<\/p>\n","protected":false},"excerpt":{"rendered":"<h4 style=\"margin: 0px;padding: 0px 0px 16px;font-family: Lato, sans-serif;font-weight: bold;line-height: 3rem;color: var(--dark-grey3);font-size: 22px;font-style: normal;letter-spacing: normal;text-align: start;text-indent: 0px;text-transform: none\">Informa\u00e7\u00f5es t\u00e9cnicas<\/h4>\n<p><span style=\"margin: 0px;padding: 0px;font-weight: 450;font-size: 14px;line-height: 21px;color: var(--dark-grey2);font-family: Lato, sans-serif;font-style: normal;letter-spacing: normal;text-align: start;text-indent: 0px;text-transform: none\">Produto: SIF\u00c3O METAL 11\/2X11\/2 CR DOCOL<br \/>\nMarca: DOCOL<br \/>\nMaterial: Ligas em cobres, elast\u00f4meros,pl\u00e1sticos de engenharia e a\u00e7o inoxid\u00e1vel.<br \/>\nCor: CROMADO<br \/>\nCaracter\u00edsticas: acabamento mais duradouro e garantia toda vida.<br \/>\nDimens\u00f5es:<br \/>\nComprimento do produto: 344 mm<br \/>\nAltura do produto: 268 mm<br \/>\nLargura do produto: 67 mm<br \/>\nPeso L\u00edquido: 0,622 kg<br \/>\nPeso Bruto: 0,622 kg<\/span><\/p>\n","protected":false},"featured_media":25971,"template":"","meta":{"_joinchat":[]},"product_brand":[],"product_cat":[74],"product_tag":[],"class_list":{"0":"post-16256","1":"product","2":"type-product","3":"status-publish","4":"has-post-thumbnail","6":"product_cat-reparos-hidraulicos","8":"first","9":"instock","10":"shipping-taxable","11":"purchasable","12":"product-type-simple"},"_links":{"self":[{"href":"https:\/\/www.multicasa.com.br\/inicio\/wp-json\/wp\/v2\/product\/16256","targetHints":{"allow":["GET"]}}],"collection":[{"href":"https:\/\/www.multicasa.com.br\/inicio\/wp-json\/wp\/v2\/product"}],"about":[{"href":"https:\/\/www.multicasa.com.br\/inicio\/wp-json\/wp\/v2\/types\/product"}],"wp:featuredmedia":[{"embeddable":true,"href":"https:\/\/www.multicasa.com.br\/inicio\/wp-json\/wp\/v2\/media\/25971"}],"wp:attachment":[{"href":"https:\/\/www.multicasa.com.br\/inicio\/wp-json\/wp\/v2\/media?parent=16256"}],"wp:term":[{"taxonomy":"product_brand","embeddable":true,"href":"https:\/\/www.multicasa.com.br\/inicio\/wp-json\/wp\/v2\/product_brand?post=16256"},{"taxonomy":"product_cat","embeddable":true,"href":"https:\/\/www.multicasa.com.br\/inicio\/wp-json\/wp\/v2\/product_cat?post=16256"},{"taxonomy":"product_tag","embeddable":true,"href":"https:\/\/www.multicasa.com.br\/inicio\/wp-json\/wp\/v2\/product_tag?post=16256"}],"curies":[{"name":"wp","href":"https:\/\/api.w.org\/{rel}","templated":true}]}}