{"id":16257,"date":"2025-06-20T19:07:23","date_gmt":"2025-06-20T23:07:23","guid":{"rendered":"https:\/\/www.multicasa.com.br\/inicio\/?post_type=product&#038;p=16257"},"modified":"2025-07-01T14:00:28","modified_gmt":"2025-07-01T18:00:28","slug":"varal-chao-aco-132-x-056-x-080cm-secalux","status":"publish","type":"product","link":"https:\/\/www.multicasa.com.br\/inicio\/produto\/varal-chao-aco-132-x-056-x-080cm-secalux\/","title":{"rendered":"Varal Ch\u00e3o A\u00e7o 1,32 X 0,56 X 0,80Cm Secalux"},"content":{"rendered":"<p>Varal pintado com tinta h\u00edbrida, ep\u00f3xi com poli\u00e9ster;<br \/>\nAcabamento em pl\u00e1stico;<br \/>\nFechado, ocupa pouco espa\u00e7o e de f\u00e1cil manuseio;<br \/>\nIdeal para viagens, apartamentos e pequenas lavanderias.<\/p>\n","protected":false},"excerpt":{"rendered":"<h4 style=\"margin: 0px;padding: 0px 0px 16px;font-family: Lato, sans-serif;font-weight: bold;line-height: 3rem;color: var(--dark-grey3);font-size: 22px;font-style: normal;letter-spacing: normal;text-align: start;text-indent: 0px;text-transform: none\">Informa\u00e7\u00f5es t\u00e9cnicas<\/h4>\n<p><span style=\"margin: 0px;padding: 0px;font-weight: 450;font-size: 14px;line-height: 21px;color: var(--dark-grey2);font-family: Lato, sans-serif;font-style: normal;letter-spacing: normal;text-align: start;text-indent: 0px;text-transform: none\">Produto: VARAL CH\u00c3O A\u00c7O 1,32X0,56 X 0,80 CM<br \/>\nMarca: SECALUX<br \/>\nMaterial: A\u00e7o carbono<br \/>\nCor: Branca<br \/>\nCaracter\u00edsticas:<br \/>\n-Capacidade de roupas \u00famidas: 17 kg<br \/>\n-Equivale: 7,20 m<br \/>\n-Cor da estrutura: Branco<br \/>\n-Cor do acabamento: Verde<br \/>\n-Precau\u00e7\u00f5es de uso: Evite acidentes. Mantenha o produto fora do alcance de crian\u00e7as. Cuidado ao abrir e fechar o produto, pois pode gerar o esmagamento das m\u00e3os.<br \/>\nNota: As medidas do produto podem sofrer uma varia\u00e7\u00e3o de tamanho de + ou \u0096 2 cm.<\/p>\n<p>Dimens\u00f5es do Produto(valores aproximados):<br \/>\nMedidas do produto aberto: 1,02 x 1,22 x 0,57<br \/>\nMedidas do produto fechado: 1,32 x 0,56 x 0,08<\/span><\/p>\n","protected":false},"featured_media":27526,"template":"","meta":{"_joinchat":[]},"product_brand":[],"product_cat":[95],"product_tag":[],"class_list":{"0":"post-16257","1":"product","2":"type-product","3":"status-publish","4":"has-post-thumbnail","6":"product_cat-lavanderia","8":"first","9":"outofstock","10":"shipping-taxable","11":"product-type-simple"},"_links":{"self":[{"href":"https:\/\/www.multicasa.com.br\/inicio\/wp-json\/wp\/v2\/product\/16257","targetHints":{"allow":["GET"]}}],"collection":[{"href":"https:\/\/www.multicasa.com.br\/inicio\/wp-json\/wp\/v2\/product"}],"about":[{"href":"https:\/\/www.multicasa.com.br\/inicio\/wp-json\/wp\/v2\/types\/product"}],"wp:featuredmedia":[{"embeddable":true,"href":"https:\/\/www.multicasa.com.br\/inicio\/wp-json\/wp\/v2\/media\/27526"}],"wp:attachment":[{"href":"https:\/\/www.multicasa.com.br\/inicio\/wp-json\/wp\/v2\/media?parent=16257"}],"wp:term":[{"taxonomy":"product_brand","embeddable":true,"href":"https:\/\/www.multicasa.com.br\/inicio\/wp-json\/wp\/v2\/product_brand?post=16257"},{"taxonomy":"product_cat","embeddable":true,"href":"https:\/\/www.multicasa.com.br\/inicio\/wp-json\/wp\/v2\/product_cat?post=16257"},{"taxonomy":"product_tag","embeddable":true,"href":"https:\/\/www.multicasa.com.br\/inicio\/wp-json\/wp\/v2\/product_tag?post=16257"}],"curies":[{"name":"wp","href":"https:\/\/api.w.org\/{rel}","templated":true}]}}