{"id":16258,"date":"2025-06-20T19:07:24","date_gmt":"2025-06-20T23:07:24","guid":{"rendered":"https:\/\/www.multicasa.com.br\/inicio\/?post_type=product&#038;p=16258"},"modified":"2025-06-23T09:52:10","modified_gmt":"2025-06-23T13:52:10","slug":"borracha-liquida-spray-400ml-braca-hm-rubber","status":"publish","type":"product","link":"https:\/\/www.multicasa.com.br\/inicio\/produto\/borracha-liquida-spray-400ml-braca-hm-rubber\/","title":{"rendered":"Borracha L\u00edquida Spray 400ml Braca HM Rubber"},"content":{"rendered":"<p>O Impermeabilizante HM Impertech Borracha Liquida Branco 400ML \u00e9 ideal para envelopar, revestir e proteger diversos materiais como: geladeiras, micro-ondas, ar condicionado, bicicletas, rodas de carro, e muito outros objetos. Possui alta performance na sua aplica\u00e7\u00e3o, utilizada para servi\u00e7os profissionais e dom\u00e9sticos em ambientes internos e externos. \u00c9 muito resistente a \u00e1gua, protegendo contra corros\u00e3o, e suportando condi\u00e7\u00f5es meteorol\u00f3gicas adversas.<\/p>\n","protected":false},"excerpt":{"rendered":"<h4 style=\"margin: 0px;padding: 0px 0px 16px;font-family: Lato, sans-serif;font-weight: bold;line-height: 3rem;color: var(--dark-grey3);font-size: 22px;font-style: normal;letter-spacing: normal;text-align: start;text-indent: 0px;text-transform: none\">Informa\u00e7\u00f5es t\u00e9cnicas<\/h4>\n<p><span style=\"margin: 0px;padding: 0px;font-weight: 450;font-size: 14px;line-height: 21px;color: var(--dark-grey2);font-family: Lato, sans-serif;font-style: normal;letter-spacing: normal;text-align: start;text-indent: 0px;text-transform: none\">Cor: Branco<br \/>\nVolume: 400ml<br \/>\nCaracter\u00edsticas:<br \/>\n&#8211; Impermeabilizante<br \/>\n&#8211; A\u00e7\u00e3o Anti-corrosiva<br \/>\n&#8211; Secagem r\u00e1pida<br \/>\n&#8211; Pode ser usado como adesivo protetor<\/span><\/p>\n","protected":false},"featured_media":24702,"template":"","meta":{"_joinchat":[]},"product_brand":[],"product_cat":[143],"product_tag":[],"class_list":{"0":"post-16258","1":"product","2":"type-product","3":"status-publish","4":"has-post-thumbnail","6":"product_cat-tintas-e-cia","8":"first","9":"outofstock","10":"shipping-taxable","11":"product-type-simple"},"_links":{"self":[{"href":"https:\/\/www.multicasa.com.br\/inicio\/wp-json\/wp\/v2\/product\/16258","targetHints":{"allow":["GET"]}}],"collection":[{"href":"https:\/\/www.multicasa.com.br\/inicio\/wp-json\/wp\/v2\/product"}],"about":[{"href":"https:\/\/www.multicasa.com.br\/inicio\/wp-json\/wp\/v2\/types\/product"}],"wp:featuredmedia":[{"embeddable":true,"href":"https:\/\/www.multicasa.com.br\/inicio\/wp-json\/wp\/v2\/media\/24702"}],"wp:attachment":[{"href":"https:\/\/www.multicasa.com.br\/inicio\/wp-json\/wp\/v2\/media?parent=16258"}],"wp:term":[{"taxonomy":"product_brand","embeddable":true,"href":"https:\/\/www.multicasa.com.br\/inicio\/wp-json\/wp\/v2\/product_brand?post=16258"},{"taxonomy":"product_cat","embeddable":true,"href":"https:\/\/www.multicasa.com.br\/inicio\/wp-json\/wp\/v2\/product_cat?post=16258"},{"taxonomy":"product_tag","embeddable":true,"href":"https:\/\/www.multicasa.com.br\/inicio\/wp-json\/wp\/v2\/product_tag?post=16258"}],"curies":[{"name":"wp","href":"https:\/\/api.w.org\/{rel}","templated":true}]}}