{"id":16260,"date":"2025-06-20T19:07:24","date_gmt":"2025-06-20T23:07:24","guid":{"rendered":"https:\/\/www.multicasa.com.br\/inicio\/?post_type=product&#038;p=16260"},"modified":"2025-10-10T10:13:56","modified_gmt":"2025-10-10T14:13:56","slug":"suporte-tv-fixo-10-71-polegadas-sbru750-brasforma","status":"publish","type":"product","link":"https:\/\/www.multicasa.com.br\/inicio\/produto\/suporte-tv-fixo-10-71-polegadas-sbru750-brasforma\/","title":{"rendered":"Suporte Tv Fixo 10\/71 Polegadas Sbru750 Brasforma"},"content":{"rendered":"<p>O Suporte da Brasforma \u00e9 o acess\u00f3rio ideal para voc\u00ea que deseja espa\u00e7o e organiza\u00e7\u00e3o na sua casa. Suporta at\u00e9 40kg e voc\u00ea pode instalar com praticidade sua TV na parede. Indicado para aparelhos de 10 A 71 polegadas.<\/p>\n","protected":false},"excerpt":{"rendered":"<h4 style=\"margin: 0px;padding: 0px 0px 16px;font-family: Lato, sans-serif;font-weight: bold;line-height: 3rem;color: var(--dark-grey3);font-size: 22px;font-style: normal;letter-spacing: normal;text-align: start;text-indent: 0px;text-transform: none\">Informa\u00e7\u00f5es t\u00e9cnicas<\/h4>\n<p><span style=\"margin: 0px;padding: 0px;font-weight: 450;font-size: 14px;line-height: 21px;color: var(--dark-grey2);font-family: Lato, sans-serif;font-style: normal;letter-spacing: normal;text-align: start;text-indent: 0px;text-transform: none\">Produto: SUPORTE TV FIXO 10\/71 SBRU750<br \/>\nMarca: BRASFORMA<br \/>\nMaterial: METAL<br \/>\nCor: PRETO<br \/>\nCaracter\u00edsticas:<br \/>\n-Suporta at\u00e9 40kg.<br \/>\n-Indicado para aparelhos de 10 A 71 polegadas.<br \/>\n-Dist\u00e2ncia M\u00e1xima da Parede: 3 cm<br \/>\n-Dist\u00e2ncia M\u00ednima da Parede: 3 mm<br \/>\n-Pintura: Eletrost\u00e1tica<br \/>\n-Peso do Produto: 6,837 Kg<br \/>\nDimens\u00f5es do Produto:<br \/>\nAltura da Embalagem: 5,5 cm<br \/>\nLargura da Embalagem: 16 cm<br \/>\nProfundidade da Embalagem: 12,8 cm<\/span><\/p>\n","protected":false},"featured_media":26029,"template":"","meta":{"_joinchat":[]},"product_brand":[],"product_cat":[150],"product_tag":[],"class_list":{"0":"post-16260","1":"product","2":"type-product","3":"status-publish","4":"has-post-thumbnail","6":"product_cat-antenas-e-cia","8":"first","9":"outofstock","10":"shipping-taxable","11":"purchasable","12":"product-type-simple"},"_links":{"self":[{"href":"https:\/\/www.multicasa.com.br\/inicio\/wp-json\/wp\/v2\/product\/16260","targetHints":{"allow":["GET"]}}],"collection":[{"href":"https:\/\/www.multicasa.com.br\/inicio\/wp-json\/wp\/v2\/product"}],"about":[{"href":"https:\/\/www.multicasa.com.br\/inicio\/wp-json\/wp\/v2\/types\/product"}],"wp:featuredmedia":[{"embeddable":true,"href":"https:\/\/www.multicasa.com.br\/inicio\/wp-json\/wp\/v2\/media\/26029"}],"wp:attachment":[{"href":"https:\/\/www.multicasa.com.br\/inicio\/wp-json\/wp\/v2\/media?parent=16260"}],"wp:term":[{"taxonomy":"product_brand","embeddable":true,"href":"https:\/\/www.multicasa.com.br\/inicio\/wp-json\/wp\/v2\/product_brand?post=16260"},{"taxonomy":"product_cat","embeddable":true,"href":"https:\/\/www.multicasa.com.br\/inicio\/wp-json\/wp\/v2\/product_cat?post=16260"},{"taxonomy":"product_tag","embeddable":true,"href":"https:\/\/www.multicasa.com.br\/inicio\/wp-json\/wp\/v2\/product_tag?post=16260"}],"curies":[{"name":"wp","href":"https:\/\/api.w.org\/{rel}","templated":true}]}}