{"id":16261,"date":"2025-06-20T19:07:24","date_gmt":"2025-06-20T23:07:24","guid":{"rendered":"https:\/\/www.multicasa.com.br\/inicio\/?post_type=product&#038;p=16261"},"modified":"2025-08-17T18:57:56","modified_gmt":"2025-08-17T22:57:56","slug":"resistencia-acqua-ultra-6800w-220v-lorenzetti","status":"publish","type":"product","link":"https:\/\/www.multicasa.com.br\/inicio\/produto\/resistencia-acqua-ultra-6800w-220v-lorenzetti\/","title":{"rendered":"Resistencia Acqua Ultra 6800W 220V Lorenzetti"},"content":{"rendered":"<p>\u00e9 uma pe\u00e7a ligada \u00e0 rede el\u00e9trica da casa, cujo objetivo \u00e9 esquentar a \u00e1gua. Para que uma ducha forne\u00e7a \u00e1gua quente, \u00e9 necess\u00e1rio que a resist\u00eancia esquente atrav\u00e9s de uma corrente el\u00e9trica. Desta forma, a \u00e1gua \u00e9 aquecida instantaneamente assim que passa pela resist\u00eancia. Possui uma longa dura\u00e7\u00e3o em rela\u00e7\u00e3o as resist\u00eancias comuns.<\/p>\n","protected":false},"excerpt":{"rendered":"<h4 style=\"margin: 0px;padding: 0px 0px 16px;font-family: Lato, sans-serif;font-weight: bold;line-height: 3rem;color: var(--dark-grey3);font-size: 22px;font-style: normal;letter-spacing: normal;text-align: start;text-indent: 0px;text-transform: none\">Informa\u00e7\u00f5es t\u00e9cnicas<\/h4>\n<p><span style=\"margin: 0px;padding: 0px;font-weight: 450;font-size: 14px;line-height: 21px;color: var(--dark-grey2);font-family: Lato, sans-serif;font-style: normal;letter-spacing: normal;text-align: start;text-indent: 0px;text-transform: none\">Produto: RESISTENCIA ACQ.ULTR.6800W 220V<br \/>\nMarca: LORENZETTI<br \/>\nMaterial: Pl\u00e1stico<br \/>\nCor: BRANCA<br \/>\nCaracter\u00edsticas: Longa Dura\u00e7\u00e3o em rela\u00e7\u00e3o as resist\u00eancias comuns.<\/span><\/p>\n","protected":false},"featured_media":25933,"template":"","meta":{"_joinchat":[]},"product_brand":[],"product_cat":[74],"product_tag":[],"class_list":{"0":"post-16261","1":"product","2":"type-product","3":"status-publish","4":"has-post-thumbnail","6":"product_cat-reparos-hidraulicos","8":"first","9":"outofstock","10":"shipping-taxable","11":"purchasable","12":"product-type-simple"},"_links":{"self":[{"href":"https:\/\/www.multicasa.com.br\/inicio\/wp-json\/wp\/v2\/product\/16261","targetHints":{"allow":["GET"]}}],"collection":[{"href":"https:\/\/www.multicasa.com.br\/inicio\/wp-json\/wp\/v2\/product"}],"about":[{"href":"https:\/\/www.multicasa.com.br\/inicio\/wp-json\/wp\/v2\/types\/product"}],"wp:featuredmedia":[{"embeddable":true,"href":"https:\/\/www.multicasa.com.br\/inicio\/wp-json\/wp\/v2\/media\/25933"}],"wp:attachment":[{"href":"https:\/\/www.multicasa.com.br\/inicio\/wp-json\/wp\/v2\/media?parent=16261"}],"wp:term":[{"taxonomy":"product_brand","embeddable":true,"href":"https:\/\/www.multicasa.com.br\/inicio\/wp-json\/wp\/v2\/product_brand?post=16261"},{"taxonomy":"product_cat","embeddable":true,"href":"https:\/\/www.multicasa.com.br\/inicio\/wp-json\/wp\/v2\/product_cat?post=16261"},{"taxonomy":"product_tag","embeddable":true,"href":"https:\/\/www.multicasa.com.br\/inicio\/wp-json\/wp\/v2\/product_tag?post=16261"}],"curies":[{"name":"wp","href":"https:\/\/api.w.org\/{rel}","templated":true}]}}