{"id":16263,"date":"2025-06-20T19:07:24","date_gmt":"2025-06-20T23:07:24","guid":{"rendered":"https:\/\/www.multicasa.com.br\/inicio\/?post_type=product&#038;p=16263"},"modified":"2025-08-16T17:45:33","modified_gmt":"2025-08-16T21:45:33","slug":"argamassa-p-porcelanato-ac3-20kg-cinza-fortaleza","status":"publish","type":"product","link":"https:\/\/www.multicasa.com.br\/inicio\/produto\/argamassa-p-porcelanato-ac3-20kg-cinza-fortaleza\/","title":{"rendered":"Argamassa P\/ Porcelanato Ac3 20Kg Cinza Fortaleza"},"content":{"rendered":"<p>A Argamassa Porcelanato Interno e Externo Cinza 20 kg Fortaleza \u00e9 a melhor escolha para quem quer praticidade durante a reforma. Seja na hora de assentar pisos do lado de fora da casa ou do lado de dentro, ela d\u00e1 conta do recado e ainda o faz com qualidade. Conhe\u00e7a mais sobre essa argamassa e tenha a certeza que escolher\u00e1 o material ideal para a sua obra. O recomendado \u00e9 que a aplica\u00e7\u00e3o da Argamassa Porcelanato Interno e Externo Cinza 20 kg Fortaleza seja feita em fachadas, garagem, parede, piso, quintal e varanda, j\u00e1 que a sua composi\u00e7\u00e3o permite que ela seja utilizada tanto em locais internos e externos. Se o seu porcelanato tiver medidas de at\u00e9 30 x 30 cm, o seu rendimento \u00e9 de 6 kg\/ m\u00b2. Caso o seu piso seja maior do que isso, ela ter\u00e1 um rendimento de 8,5 kg\/ m\u00b2.<\/p>\n","protected":false},"excerpt":{"rendered":"<h4 style=\"margin: 0px;padding: 0px 0px 16px;font-family: Lato, sans-serif;font-weight: bold;line-height: 3rem;color: var(--dark-grey3);font-size: 22px;font-style: normal;letter-spacing: normal;text-align: start;text-indent: 0px;text-transform: none\">Informa\u00e7\u00f5es t\u00e9cnicas<\/h4>\n<p><span style=\"margin: 0px;padding: 0px;font-weight: 450;font-size: 14px;line-height: 21px;color: var(--dark-grey2);font-family: Lato, sans-serif;font-style: normal;letter-spacing: normal;text-align: start;text-indent: 0px;text-transform: none\">Produto: ARGAMASSA PORC.AC3 20KG<br \/>\nMarca: FOTALEZA<br \/>\nMaterial: ARGAMASSA<br \/>\nCor: CINZA<br \/>\nCaracter\u00edsticas: A aplica\u00e7\u00e3o acontece de maneira muito f\u00e1cil: basta misturar o conte\u00fado da embalagem com \u00e1gua, aguardar dez minutos, mexer novamente e est\u00e1 pronto para aplica\u00e7\u00e3o. A sujeira depois da aplica\u00e7\u00e3o tamb\u00e9m \u00e9 r\u00e1pida de sair: uma bucha \u00famida e um pano seco d\u00e3o conta do recado.<br \/>\nPeso: 20kg<\/span><\/p>\n","protected":false},"featured_media":24623,"template":"","meta":{"_joinchat":[]},"product_brand":[],"product_cat":[147],"product_tag":[],"class_list":{"0":"post-16263","1":"product","2":"type-product","3":"status-publish","4":"has-post-thumbnail","6":"product_cat-basicos","8":"first","9":"outofstock","10":"shipping-taxable","11":"product-type-simple"},"_links":{"self":[{"href":"https:\/\/www.multicasa.com.br\/inicio\/wp-json\/wp\/v2\/product\/16263","targetHints":{"allow":["GET"]}}],"collection":[{"href":"https:\/\/www.multicasa.com.br\/inicio\/wp-json\/wp\/v2\/product"}],"about":[{"href":"https:\/\/www.multicasa.com.br\/inicio\/wp-json\/wp\/v2\/types\/product"}],"wp:featuredmedia":[{"embeddable":true,"href":"https:\/\/www.multicasa.com.br\/inicio\/wp-json\/wp\/v2\/media\/24623"}],"wp:attachment":[{"href":"https:\/\/www.multicasa.com.br\/inicio\/wp-json\/wp\/v2\/media?parent=16263"}],"wp:term":[{"taxonomy":"product_brand","embeddable":true,"href":"https:\/\/www.multicasa.com.br\/inicio\/wp-json\/wp\/v2\/product_brand?post=16263"},{"taxonomy":"product_cat","embeddable":true,"href":"https:\/\/www.multicasa.com.br\/inicio\/wp-json\/wp\/v2\/product_cat?post=16263"},{"taxonomy":"product_tag","embeddable":true,"href":"https:\/\/www.multicasa.com.br\/inicio\/wp-json\/wp\/v2\/product_tag?post=16263"}],"curies":[{"name":"wp","href":"https:\/\/api.w.org\/{rel}","templated":true}]}}