{"id":16268,"date":"2025-06-20T19:07:25","date_gmt":"2025-06-20T23:07:25","guid":{"rendered":"https:\/\/www.multicasa.com.br\/inicio\/?post_type=product&#038;p=16268"},"modified":"2025-12-19T15:06:16","modified_gmt":"2025-12-19T19:06:16","slug":"adaptador-c-fl-cobre-28mm-longo-elu","status":"publish","type":"product","link":"https:\/\/www.multicasa.com.br\/inicio\/produto\/adaptador-c-fl-cobre-28mm-longo-elu\/","title":{"rendered":"Adaptador C\/Fl.Cobre 28Mm Longo Elu"},"content":{"rendered":"<p>O Adaptador com flange de cobre de 28mm da Eluma trata-se de um material que une duas partes de um sistema de tubos de cobre, \u00e9 um produto que trabalha na fun\u00e7\u00e3o de tornar mais segura a conex\u00e3o entre mangueiras em tubula\u00e7\u00f5es. Possui \u0095 Facilidade de instala\u00e7\u00e3o<br \/>\n\u0095 Facilidade de conforma\u00e7\u00e3o<br \/>\n\u0095 Elevada resist\u00eancia \u00e0 corros\u00e3o<br \/>\n\u0095 Elevada resist\u00eancia mec\u00e2nica<br \/>\n\u0095 Elevada resist\u00eancia qu\u00edmica<br \/>\n\u0095 Elevada durabilidade<br \/>\n\u0095 A\u00e7\u00e3o antimicrobiana<br \/>\n\u0095 Estanque a flu\u00eddos<br \/>\n\u0095 Suporta elevadas temperaturas<br \/>\n\u0095 Sistema normatizado<br \/>\n\u0095 Resistente \u00e0 a\u00e7\u00e3o ultravioleta<br \/>\n\u0095 Reduzida dilata\u00e7\u00e3o t\u00e9rmica<br \/>\ncaracter\u00edstica<br \/>\n\u0095 Estabilidade dimensional<br \/>\n\u0095 Reduzida perda de carga<br \/>\n\u0095 Recicl\u00e1vel<br \/>\n\u0095 Pouca tend\u00eancia \u00e0 incrusta\u00e7\u00e3o<\/p>\n","protected":false},"excerpt":{"rendered":"<h4 style=\"margin: 0px;padding: 0px 0px 16px;font-family: Lato, sans-serif;font-weight: bold;line-height: 3rem;color: var(--dark-grey3);font-size: 22px;font-style: normal;letter-spacing: normal;text-align: start;text-indent: 0px;text-transform: none\">Informa\u00e7\u00f5es t\u00e9cnicas<\/h4>\n<p><span style=\"margin: 0px;padding: 0px;font-weight: 450;font-size: 14px;line-height: 21px;color: var(--dark-grey2);font-family: Lato, sans-serif;font-style: normal;letter-spacing: normal;text-align: start;text-indent: 0px;text-transform: none\">Produto: ADAPTADOR C\/FL.COBRE 28MM LONGO       Marca: Eluma       Material: cobre ou bronze, de acordo com a norma ABNT &#8211; NBR 11720       Cor: cobre        Caracter\u00edsticas: material que une duas partes de um sistema de tubos de cobre     Dimens\u00f5es: 28mm<\/span><\/p>\n","protected":false},"featured_media":26546,"template":"","meta":{"_joinchat":[]},"product_brand":[],"product_cat":[73],"product_tag":[],"class_list":{"0":"post-16268","1":"product","2":"type-product","3":"status-publish","4":"has-post-thumbnail","6":"product_cat-tubos-e-conexoes","8":"first","9":"instock","10":"shipping-taxable","11":"purchasable","12":"product-type-simple"},"_links":{"self":[{"href":"https:\/\/www.multicasa.com.br\/inicio\/wp-json\/wp\/v2\/product\/16268","targetHints":{"allow":["GET"]}}],"collection":[{"href":"https:\/\/www.multicasa.com.br\/inicio\/wp-json\/wp\/v2\/product"}],"about":[{"href":"https:\/\/www.multicasa.com.br\/inicio\/wp-json\/wp\/v2\/types\/product"}],"wp:featuredmedia":[{"embeddable":true,"href":"https:\/\/www.multicasa.com.br\/inicio\/wp-json\/wp\/v2\/media\/26546"}],"wp:attachment":[{"href":"https:\/\/www.multicasa.com.br\/inicio\/wp-json\/wp\/v2\/media?parent=16268"}],"wp:term":[{"taxonomy":"product_brand","embeddable":true,"href":"https:\/\/www.multicasa.com.br\/inicio\/wp-json\/wp\/v2\/product_brand?post=16268"},{"taxonomy":"product_cat","embeddable":true,"href":"https:\/\/www.multicasa.com.br\/inicio\/wp-json\/wp\/v2\/product_cat?post=16268"},{"taxonomy":"product_tag","embeddable":true,"href":"https:\/\/www.multicasa.com.br\/inicio\/wp-json\/wp\/v2\/product_tag?post=16268"}],"curies":[{"name":"wp","href":"https:\/\/api.w.org\/{rel}","templated":true}]}}