{"id":16270,"date":"2025-06-20T19:07:25","date_gmt":"2025-06-20T23:07:25","guid":{"rendered":"https:\/\/www.multicasa.com.br\/inicio\/?post_type=product&#038;p=16270"},"modified":"2025-08-17T18:53:24","modified_gmt":"2025-08-17T22:53:24","slug":"adaptador-c-fl-liv-sd-25x-3-4-akros","status":"publish","type":"product","link":"https:\/\/www.multicasa.com.br\/inicio\/produto\/adaptador-c-fl-liv-sd-25x-3-4-akros\/","title":{"rendered":"Adaptador C\/Fl.Liv.Sd.25X 3\/4 Akros"},"content":{"rendered":"<p>O adaptador sold\u00e1vel com flanges livres \u00e9 utilizado para liga\u00e7\u00e3o da tubula\u00e7\u00e3o da caixa d\u00b4\u00e1gua, evitando vazamentos pelo furo da caixa. Facil instala\u00e7\u00e3o, juntas soldadas a frio, dispensando o uso de equipamentos especiais, resistente a produtos quimicos n\u00e3o sofrendo corros\u00e3o e pode ser usada tambem em tubula\u00e7\u00f5es horizontais e verticais.  \u00c9 fabricado em PVC rigido resistente e possui bolsa com rosca BSP  para boia.<\/p>\n","protected":false},"excerpt":{"rendered":"<h4 style=\"margin: 0px;padding: 0px 0px 16px;font-family: Lato, sans-serif;font-weight: bold;line-height: 3rem;color: var(--dark-grey3);font-size: 22px;font-style: normal;letter-spacing: normal;text-align: start;text-indent: 0px;text-transform: none\">Informa\u00e7\u00f5es t\u00e9cnicas<\/h4>\n<p><span style=\"margin: 0px;padding: 0px;font-weight: 450;font-size: 14px;line-height: 21px;color: var(--dark-grey2);font-family: Lato, sans-serif;font-style: normal;letter-spacing: normal;text-align: start;text-indent: 0px;text-transform: none\">Produto: ADAPTADOR C\/FL.LIV.SD.25X 3\/4   Marca: n\u00e3o possui  Material: PVC  Cor: Marrom  Caracter\u00edsticas: utilizado para liga\u00e7\u00e3o da tubula\u00e7\u00e3o da caixa d\u00b4\u00e1gua, evitando vazamentos pelo furo da caixa.   Dimens\u00f5es: 25&#215;3\/4. <\/span><\/p>\n","protected":false},"featured_media":26547,"template":"","meta":{"_joinchat":[]},"product_brand":[],"product_cat":[73],"product_tag":[],"class_list":{"0":"post-16270","1":"product","2":"type-product","3":"status-publish","4":"has-post-thumbnail","6":"product_cat-tubos-e-conexoes","8":"first","9":"outofstock","10":"shipping-taxable","11":"purchasable","12":"product-type-simple"},"_links":{"self":[{"href":"https:\/\/www.multicasa.com.br\/inicio\/wp-json\/wp\/v2\/product\/16270","targetHints":{"allow":["GET"]}}],"collection":[{"href":"https:\/\/www.multicasa.com.br\/inicio\/wp-json\/wp\/v2\/product"}],"about":[{"href":"https:\/\/www.multicasa.com.br\/inicio\/wp-json\/wp\/v2\/types\/product"}],"wp:featuredmedia":[{"embeddable":true,"href":"https:\/\/www.multicasa.com.br\/inicio\/wp-json\/wp\/v2\/media\/26547"}],"wp:attachment":[{"href":"https:\/\/www.multicasa.com.br\/inicio\/wp-json\/wp\/v2\/media?parent=16270"}],"wp:term":[{"taxonomy":"product_brand","embeddable":true,"href":"https:\/\/www.multicasa.com.br\/inicio\/wp-json\/wp\/v2\/product_brand?post=16270"},{"taxonomy":"product_cat","embeddable":true,"href":"https:\/\/www.multicasa.com.br\/inicio\/wp-json\/wp\/v2\/product_cat?post=16270"},{"taxonomy":"product_tag","embeddable":true,"href":"https:\/\/www.multicasa.com.br\/inicio\/wp-json\/wp\/v2\/product_tag?post=16270"}],"curies":[{"name":"wp","href":"https:\/\/api.w.org\/{rel}","templated":true}]}}