{"id":16277,"date":"2025-06-20T19:07:26","date_gmt":"2025-06-20T23:07:26","guid":{"rendered":"https:\/\/www.multicasa.com.br\/inicio\/?post_type=product&#038;p=16277"},"modified":"2026-04-21T17:30:12","modified_gmt":"2026-04-21T21:30:12","slug":"bucha-pvc-soldavel-60x50mm-curta-tigre","status":"publish","type":"product","link":"https:\/\/www.multicasa.com.br\/inicio\/produto\/bucha-pvc-soldavel-60x50mm-curta-tigre\/","title":{"rendered":"Bucha Pvc Sold\u00e1vel 60X50Mm Curta Tigre"},"content":{"rendered":"<p>A Bucha de Redu\u00e7\u00e3o Sold\u00e1vel Curta de 60x50mm Marrom da Tigre \u00e9 utilizada para redu\u00e7\u00e3o de di\u00e2metros (pr\u00f3ximos) em instala\u00e7\u00f5es sold\u00e1veis. Bolsa e ponta sold\u00e1vel com pr\u00e1tica instala\u00e7\u00e3o, r\u00e1pida e de f\u00e1cil manuseio. N\u00e3o bater ao introduzir a pe\u00e7a e vedar bem para evitar vazamentos.<\/p>\n","protected":false},"excerpt":{"rendered":"<h4 style=\"margin: 0px;padding: 0px 0px 16px;font-family: Lato, sans-serif;font-weight: bold;line-height: 3rem;color: var(--dark-grey3);font-size: 22px;font-style: normal;letter-spacing: normal;text-align: start;text-indent: 0px;text-transform: none\">Informa\u00e7\u00f5es t\u00e9cnicas<\/h4>\n<p><span style=\"margin: 0px;padding: 0px;font-weight: 450;font-size: 14px;line-height: 21px;color: var(--dark-grey2);font-family: Lato, sans-serif;font-style: normal;letter-spacing: normal;text-align: start;text-indent: 0px;text-transform: none\">Marca: TIGRE<br \/>\nPeso (kg): 0,047<br \/>\nProduto: Bucha 60 x 50 mm Curta Marrom<br \/>\nTipo: PVC<br \/>\nUso Indicado: Reduzir Di\u00e2metro Entre Tubos e Conex\u00f5es de PVC Sold\u00e1vel<br \/>\nDimens\u00f5es Aproximadas do Produto com Embalagem (cm) &#8211; AxLxP: 6 x 6 x 3,6 cm<br \/>\nInforma\u00e7\u00f5es Adicionais:\tInforma\u00e7\u00f5es e dados s\u00e3o de responsabilidade do fornecedor.<br \/>\nBitola em Mil\u00edmetros:\t60 x 50<br \/>\nConte\u00fado da Embalagem:\t1 Bucha<br \/>\nNorma T\u00e9cnica:\tNBR 5648 e NBR 5626<br \/>\nRefer\u00eancia do Produto no Fornecedor: 22067044<br \/>\nCor:\tMarrom<br \/>\nTemperatura M\u00e1xima da \u00c1gua:\tTemperatua ambiente (20\u00b0C)<br \/>\nPress\u00e3o M\u00e1xima de Funcionamento: 7,5kgf\/cm\u00b2, a temperatura de 20\u00baC.<\/span><\/p>\n","protected":false},"featured_media":24736,"template":"","meta":{"_joinchat":[]},"product_brand":[],"product_cat":[73],"product_tag":[],"class_list":{"0":"post-16277","1":"product","2":"type-product","3":"status-publish","4":"has-post-thumbnail","6":"product_cat-tubos-e-conexoes","8":"first","9":"instock","10":"shipping-taxable","11":"purchasable","12":"product-type-simple"},"_links":{"self":[{"href":"https:\/\/www.multicasa.com.br\/inicio\/wp-json\/wp\/v2\/product\/16277","targetHints":{"allow":["GET"]}}],"collection":[{"href":"https:\/\/www.multicasa.com.br\/inicio\/wp-json\/wp\/v2\/product"}],"about":[{"href":"https:\/\/www.multicasa.com.br\/inicio\/wp-json\/wp\/v2\/types\/product"}],"wp:featuredmedia":[{"embeddable":true,"href":"https:\/\/www.multicasa.com.br\/inicio\/wp-json\/wp\/v2\/media\/24736"}],"wp:attachment":[{"href":"https:\/\/www.multicasa.com.br\/inicio\/wp-json\/wp\/v2\/media?parent=16277"}],"wp:term":[{"taxonomy":"product_brand","embeddable":true,"href":"https:\/\/www.multicasa.com.br\/inicio\/wp-json\/wp\/v2\/product_brand?post=16277"},{"taxonomy":"product_cat","embeddable":true,"href":"https:\/\/www.multicasa.com.br\/inicio\/wp-json\/wp\/v2\/product_cat?post=16277"},{"taxonomy":"product_tag","embeddable":true,"href":"https:\/\/www.multicasa.com.br\/inicio\/wp-json\/wp\/v2\/product_tag?post=16277"}],"curies":[{"name":"wp","href":"https:\/\/api.w.org\/{rel}","templated":true}]}}