{"id":16278,"date":"2025-06-20T19:07:26","date_gmt":"2025-06-20T23:07:26","guid":{"rendered":"https:\/\/www.multicasa.com.br\/inicio\/?post_type=product&#038;p=16278"},"modified":"2025-08-17T23:13:25","modified_gmt":"2025-08-18T03:13:25","slug":"acabamento-1-2a1-c50-cr-deca","status":"publish","type":"product","link":"https:\/\/www.multicasa.com.br\/inicio\/produto\/acabamento-1-2a1-c50-cr-deca\/","title":{"rendered":"Acabamento 1\/2A1 C50 Cr Deca"},"content":{"rendered":"<p>O ACABAMENTO 1\/2A1 C50 CR DECA  traduz atrav\u00e9s de seu design atemporal atributos de funcionalidade e elegancia, com facil instala\u00e7\u00e3o e de acesso para a manunten\u00e7\u00e3o, a Deca promove praticidade no controle da vaz\u00e3o de agua em seu c\u00f4modo; confeccionado em liga de cobre (bronze e lat\u00e3o) e pl\u00e1sticos de engenharia, o acabamento para registro de gaveta e press\u00e3o possui longa vida \u00fatil, com 10 anos de garantia.   <\/p>\n","protected":false},"excerpt":{"rendered":"<h4 style=\"margin: 0px;padding: 0px 0px 16px;font-family: Lato, sans-serif;font-weight: bold;line-height: 3rem;color: var(--dark-grey3);font-size: 22px;font-style: normal;letter-spacing: normal;text-align: start;text-indent: 0px;text-transform: none\">Informa\u00e7\u00f5es t\u00e9cnicas<\/h4>\n<p><span style=\"margin: 0px;padding: 0px;font-weight: 450;font-size: 14px;line-height: 21px;color: var(--dark-grey2);font-family: Lato, sans-serif;font-style: normal;letter-spacing: normal;text-align: start;text-indent: 0px;text-transform: none\">Produto: ACABAMENTO 1\/2A1 C50 CR DECA     Marca: Deca     Material: Liga de Cobre (bronze e lat\u00e3o), Pl\u00e1sticos de Engenharia      Cor: Cromado     Caracter\u00edsticas: f\u00e1cil de instalar e de acessar para a manuten\u00e7\u00e3o   Dimens\u00f5es(AxLxC): 61mm X 61mm X 76mm          Peso l\u00edquido: 0.171<br \/>\nPeso bruto: 0.185<br \/>\n<\/span><\/p>\n","protected":false},"featured_media":26545,"template":"","meta":{"_joinchat":[]},"product_brand":[],"product_cat":[67],"product_tag":[],"class_list":{"0":"post-16278","1":"product","2":"type-product","3":"status-publish","4":"has-post-thumbnail","6":"product_cat-torneiras-e-cia","8":"first","9":"outofstock","10":"shipping-taxable","11":"purchasable","12":"product-type-simple"},"_links":{"self":[{"href":"https:\/\/www.multicasa.com.br\/inicio\/wp-json\/wp\/v2\/product\/16278","targetHints":{"allow":["GET"]}}],"collection":[{"href":"https:\/\/www.multicasa.com.br\/inicio\/wp-json\/wp\/v2\/product"}],"about":[{"href":"https:\/\/www.multicasa.com.br\/inicio\/wp-json\/wp\/v2\/types\/product"}],"wp:featuredmedia":[{"embeddable":true,"href":"https:\/\/www.multicasa.com.br\/inicio\/wp-json\/wp\/v2\/media\/26545"}],"wp:attachment":[{"href":"https:\/\/www.multicasa.com.br\/inicio\/wp-json\/wp\/v2\/media?parent=16278"}],"wp:term":[{"taxonomy":"product_brand","embeddable":true,"href":"https:\/\/www.multicasa.com.br\/inicio\/wp-json\/wp\/v2\/product_brand?post=16278"},{"taxonomy":"product_cat","embeddable":true,"href":"https:\/\/www.multicasa.com.br\/inicio\/wp-json\/wp\/v2\/product_cat?post=16278"},{"taxonomy":"product_tag","embeddable":true,"href":"https:\/\/www.multicasa.com.br\/inicio\/wp-json\/wp\/v2\/product_tag?post=16278"}],"curies":[{"name":"wp","href":"https:\/\/api.w.org\/{rel}","templated":true}]}}